{"id":1300,"date":"2022-03-27T21:03:44","date_gmt":"2022-03-27T21:03:44","guid":{"rendered":"https:\/\/integrapija.si\/?page_id=1300"},"modified":"2025-07-26T15:07:13","modified_gmt":"2025-07-26T13:07:13","slug":"stres","status":"publish","type":"page","link":"https:\/\/integrapija.si\/en\/stres\/","title":{"rendered":"Hypnosis for stress and anxiety"},"content":{"rendered":"<div class=\"wpb-content-wrapper\"><p><style><\/style><div class=\"vc_row wpb_row vc_row-fluid content-dark data-bg-color-69dfdc09d094c row-z-index-69dfdc09d094c\" ><style><\/style><div class=\"wpb_column vc_column_container content-dark vc_col-sm-12 column-z-index-69dfdc09d0a95\"> \r\r\r\r\n        <div class=\"vc_column-inner \"> \r\r\r\r\n            <div class=\"wpb_wrapper\"><div class=\"wpb_text_column wpb_content_element \" >\r\r\r\r\n\t\t<div class=\"wpb_wrapper\">\r\r\r\r\n\t\t\t<h3>Hipnoza lahko zmanj\u0161a stres in anksioznost ter pove\u010da notranji mir.<\/h3>\n<h4>Sprostitev s hipnozo ima lahko veliko koristi, vklju\u010dno z: manj\u0161im stresnim odzivom, manj\u0161o anksioznostjo, zmanj\u0161anjem jeze in frustracij, zni\u017eanjem krvnega tlaka, izbolj\u0161anjem koncentracije in razpolo\u017eenja, izbolj\u0161anjem kakovosti spanja, izbolj\u0161anjem prebave, pove\u010danjem samozavesti.<\/h4>\n\r\r\r\r\n\t\t<\/div>\r\r\r\r\n\t<\/div><div class=\"vc_row wpb_row vc_inner vc_row-fluid vc_custom_1645975168219\"><style>#slcr_icon_text_last69dfdc09d1064.main__icon { display: block; text-align: center; color: #ffffff !important; border-radius: 50%; border-color: #a47355 !important; background: #a47355 !important;  height: 25px; width: 25px; line-height: 25px; font-size: 18px; transition: all ease .3s; -webkit-transition: all ease .3s; } [data-hover-target=\"box\"]:hover #slcr_icon_text_last69dfdc09d1064.main__icon, [data-hover-target=\"icon\"] #slcr_icon_text_last69dfdc09d1064.main__icon:hover { background: #a47355 !important; border-color: #a47355 !important; color: #ffffff !important; } #slcr_icon_text_content69dfdc09d1064{  } #slcr_icon_text_img69dfdc09d1064{  height: auto; width: 60px;   border-radius: 0px;  }<\/style><style>#slcr_icon_text_last69dfdc09d10fe.main__icon { display: block; text-align: center; color: #ffffff !important; border-radius: 50%; border-color: #a47355 !important; background: #a47355 !important;  height: 25px; width: 25px; line-height: 25px; font-size: 18px; transition: all ease .3s; -webkit-transition: all ease .3s; } [data-hover-target=\"box\"]:hover #slcr_icon_text_last69dfdc09d10fe.main__icon, [data-hover-target=\"icon\"] #slcr_icon_text_last69dfdc09d10fe.main__icon:hover { background: #a47355 !important; border-color: #a47355 !important; color: #ffffff !important; } #slcr_icon_text_content69dfdc09d10fe{  } #slcr_icon_text_img69dfdc09d10fe{  height: auto; width: 60px;   border-radius: 0px;  }<\/style><style>#slcr_icon_text_last69dfdc09d1156.main__icon { display: block; text-align: center; color: #ffffff !important; border-radius: 50%; border-color: #a47355 !important; background: #a47355 !important;  height: 25px; width: 25px; line-height: 25px; font-size: 18px; transition: all ease .3s; -webkit-transition: all ease .3s; } [data-hover-target=\"box\"]:hover #slcr_icon_text_last69dfdc09d1156.main__icon, [data-hover-target=\"icon\"] #slcr_icon_text_last69dfdc09d1156.main__icon:hover { background: #a47355 !important; border-color: #a47355 !important; color: #ffffff !important; } #slcr_icon_text_content69dfdc09d1156{  } #slcr_icon_text_img69dfdc09d1156{  height: auto; width: 60px;   border-radius: 0px;  }<\/style><style>#slcr_icon_text_last69dfdc09d11a7.main__icon { display: block; text-align: center; color: #ffffff !important; border-radius: 50%; border-color: #a47355 !important; background: #a47355 !important;  height: 25px; width: 25px; line-height: 25px; font-size: 18px; transition: all ease .3s; -webkit-transition: all ease .3s; } [data-hover-target=\"box\"]:hover #slcr_icon_text_last69dfdc09d11a7.main__icon, [data-hover-target=\"icon\"] #slcr_icon_text_last69dfdc09d11a7.main__icon:hover { background: #a47355 !important; border-color: #a47355 !important; color: #ffffff !important; } #slcr_icon_text_content69dfdc09d11a7{  } #slcr_icon_text_img69dfdc09d11a7{  height: auto; width: 60px;   border-radius: 0px;  }<\/style><style>#slcr_icon_text_last69dfdc09d11ec.main__icon { display: block; text-align: center; color: #ffffff !important; border-radius: 50%; border-color: #a47355 !important; background: #a47355 !important;  height: 25px; width: 25px; line-height: 25px; font-size: 18px; transition: all ease .3s; -webkit-transition: all ease .3s; } [data-hover-target=\"box\"]:hover #slcr_icon_text_last69dfdc09d11ec.main__icon, [data-hover-target=\"icon\"] #slcr_icon_text_last69dfdc09d11ec.main__icon:hover { background: #a47355 !important; border-color: #a47355 !important; color: #ffffff !important; } #slcr_icon_text_content69dfdc09d11ec{  } #slcr_icon_text_img69dfdc09d11ec{  height: auto; width: 60px;   border-radius: 0px;  }<\/style><div class=\"wpb_column vc_column_container vc_col-sm-6\"><div class=\"vc_column-inner\"><div class=\"wpb_wrapper\">\r\r\r\r\n                <div class=\"icons__text   \"   data-icon-align=\"left\" data-reset-responsive=\"false\" data-hover-target=\"box\" data-vertical-align=\"top\">\r\r\r\r\n                    <div class=\"icons_wrap\">\r\r\r\r\n                        <div class=\"icon__container\">\r\r\r\r\n                            <i class=\"main__icon fas fa-user-plus\" id=\"slcr_icon_text_last69dfdc09d1064\" ><\/i>\r\r\r\r\n                        <\/div>\r\r\r\r\n                    <\/div>\r\r\r\r\n                    <div class=\"text__content\" id=\"slcr_icon_text_content69dfdc09d1064\">\r\r\r\r\n                        \n<p>Krepitev samozavesti<\/p>\n\r\r\r\r\n                    <\/div>\r\r\r\r\n                <\/div>\r\r\r\r\n                <div class=\"icons__text   \"   data-icon-align=\"left\" data-reset-responsive=\"false\" data-hover-target=\"box\" data-vertical-align=\"top\">\r\r\r\r\n                    <div class=\"icons_wrap\">\r\r\r\r\n                        <div class=\"icon__container\">\r\r\r\r\n                            <i class=\"main__icon fas fa-user-plus\" id=\"slcr_icon_text_last69dfdc09d10fe\" ><\/i>\r\r\r\r\n                        <\/div>\r\r\r\r\n                    <\/div>\r\r\r\r\n                    <div class=\"text__content\" id=\"slcr_icon_text_content69dfdc09d10fe\">\r\r\r\r\n                        \n<p>Nespe\u010dnost<\/p>\n\r\r\r\r\n                    <\/div>\r\r\r\r\n                <\/div>\r\r\r\r\n                <div class=\"icons__text   \"   data-icon-align=\"left\" data-reset-responsive=\"false\" data-hover-target=\"box\" data-vertical-align=\"top\">\r\r\r\r\n                    <div class=\"icons_wrap\">\r\r\r\r\n                        <div class=\"icon__container\">\r\r\r\r\n                            <i class=\"main__icon fas fa-user-plus\" id=\"slcr_icon_text_last69dfdc09d1156\" ><\/i>\r\r\r\r\n                        <\/div>\r\r\r\r\n                    <\/div>\r\r\r\r\n                    <div class=\"text__content\" id=\"slcr_icon_text_content69dfdc09d1156\">\r\r\r\r\n                        \n<p>Bolj\u0161o samopodobo<\/p>\n\r\r\r\r\n                    <\/div>\r\r\r\r\n                <\/div>\r\r\r\r\n                <div class=\"icons__text   \"   data-icon-align=\"left\" data-reset-responsive=\"false\" data-hover-target=\"box\" data-vertical-align=\"top\">\r\r\r\r\n                    <div class=\"icons_wrap\">\r\r\r\r\n                        <div class=\"icon__container\">\r\r\r\r\n                            <i class=\"main__icon fas fa-user-plus\" id=\"slcr_icon_text_last69dfdc09d11a7\" ><\/i>\r\r\r\r\n                        <\/div>\r\r\r\r\n                    <\/div>\r\r\r\r\n                    <div class=\"text__content\" id=\"slcr_icon_text_content69dfdc09d11a7\">\r\r\r\r\n                        Obvladovanje stresa\r\r\r\r\n                    <\/div>\r\r\r\r\n                <\/div>\r\r\r\r\n                <div class=\"icons__text   \"   data-icon-align=\"left\" data-reset-responsive=\"false\" data-hover-target=\"box\" data-vertical-align=\"top\">\r\r\r\r\n                    <div class=\"icons_wrap\">\r\r\r\r\n                        <div class=\"icon__container\">\r\r\r\r\n                            <i class=\"main__icon fas fa-user-plus\" id=\"slcr_icon_text_last69dfdc09d11ec\" ><\/i>\r\r\r\r\n                        <\/div>\r\r\r\r\n                    <\/div>\r\r\r\r\n                    <div class=\"text__content\" id=\"slcr_icon_text_content69dfdc09d11ec\">\r\r\r\r\n                        \n<p>Izbolj\u0161anje koncentracije<\/p>\n\r\r\r\r\n                    <\/div>\r\r\r\r\n                <\/div><\/div><\/div><\/div><style>#slcr_icon_text_last69dfdc09d13cc.main__icon { display: block; text-align: center; color: #ffffff !important; border-radius: 50%; border-color: #a47355 !important; background: #a47355 !important;  height: 25px; width: 25px; line-height: 25px; font-size: 18px; transition: all ease .3s; -webkit-transition: all ease .3s; } [data-hover-target=\"box\"]:hover #slcr_icon_text_last69dfdc09d13cc.main__icon, [data-hover-target=\"icon\"] #slcr_icon_text_last69dfdc09d13cc.main__icon:hover { background: #a47355 !important; border-color: #a47355 !important; color: #ffffff !important; } #slcr_icon_text_content69dfdc09d13cc{  } #slcr_icon_text_img69dfdc09d13cc{  height: auto; width: 60px;   border-radius: 0px;  }<\/style><style>#slcr_icon_text_last69dfdc09d1434.main__icon { display: block; text-align: center; color: #ffffff !important; border-radius: 50%; border-color: #a47355 !important; background: #a47355 !important;  height: 25px; width: 25px; line-height: 25px; font-size: 18px; transition: all ease .3s; -webkit-transition: all ease .3s; } [data-hover-target=\"box\"]:hover #slcr_icon_text_last69dfdc09d1434.main__icon, [data-hover-target=\"icon\"] #slcr_icon_text_last69dfdc09d1434.main__icon:hover { background: #a47355 !important; border-color: #a47355 !important; color: #ffffff !important; } #slcr_icon_text_content69dfdc09d1434{  } #slcr_icon_text_img69dfdc09d1434{  height: auto; width: 60px;   border-radius: 0px;  }<\/style><style>#slcr_icon_text_last69dfdc09d1487.main__icon { display: block; text-align: center; color: #ffffff !important; border-radius: 50%; border-color: #a47355 !important; background: #a47355 !important;  height: 25px; width: 25px; line-height: 25px; font-size: 18px; transition: all ease .3s; -webkit-transition: all ease .3s; } [data-hover-target=\"box\"]:hover #slcr_icon_text_last69dfdc09d1487.main__icon, [data-hover-target=\"icon\"] #slcr_icon_text_last69dfdc09d1487.main__icon:hover { background: #a47355 !important; border-color: #a47355 !important; color: #ffffff !important; } #slcr_icon_text_content69dfdc09d1487{  } #slcr_icon_text_img69dfdc09d1487{  height: auto; width: 60px;   border-radius: 0px;  }<\/style><style>#slcr_icon_text_last69dfdc09d14d6.main__icon { display: block; text-align: center; color: #ffffff !important; border-radius: 50%; border-color: #a47355 !important; background: #a47355 !important;  height: 25px; width: 25px; line-height: 25px; font-size: 18px; transition: all ease .3s; -webkit-transition: all ease .3s; } [data-hover-target=\"box\"]:hover #slcr_icon_text_last69dfdc09d14d6.main__icon, [data-hover-target=\"icon\"] #slcr_icon_text_last69dfdc09d14d6.main__icon:hover { background: #a47355 !important; border-color: #a47355 !important; color: #ffffff !important; } #slcr_icon_text_content69dfdc09d14d6{  } #slcr_icon_text_img69dfdc09d14d6{  height: auto; width: 60px;   border-radius: 0px;  }<\/style><style>#slcr_icon_text_last69dfdc09d1523.main__icon { display: block; text-align: center; color: #ffffff !important; border-radius: 50%; border-color: #a47355 !important; background: #a47355 !important;  height: 25px; width: 25px; line-height: 25px; font-size: 18px; transition: all ease .3s; -webkit-transition: all ease .3s; } [data-hover-target=\"box\"]:hover #slcr_icon_text_last69dfdc09d1523.main__icon, [data-hover-target=\"icon\"] #slcr_icon_text_last69dfdc09d1523.main__icon:hover { background: #a47355 !important; border-color: #a47355 !important; color: #ffffff !important; } #slcr_icon_text_content69dfdc09d1523{  } #slcr_icon_text_img69dfdc09d1523{  height: auto; width: 60px;   border-radius: 0px;  }<\/style><div class=\"wpb_column vc_column_container vc_col-sm-6\"><div class=\"vc_column-inner\"><div class=\"wpb_wrapper\">\r\r\r\r\n                <div class=\"icons__text   \"   data-icon-align=\"left\" data-reset-responsive=\"false\" data-hover-target=\"box\" data-vertical-align=\"top\">\r\r\r\r\n                    <div class=\"icons_wrap\">\r\r\r\r\n                        <div class=\"icon__container\">\r\r\r\r\n                            <i class=\"main__icon fas fa-user-plus\" id=\"slcr_icon_text_last69dfdc09d13cc\" ><\/i>\r\r\r\r\n                        <\/div>\r\r\r\r\n                    <\/div>\r\r\r\r\n                    <div class=\"text__content\" id=\"slcr_icon_text_content69dfdc09d13cc\">\r\r\r\r\n                        \n<p>Zmanj\u0161evanje treme<\/p>\n\r\r\r\r\n                    <\/div>\r\r\r\r\n                <\/div>\r\r\r\r\n                <div class=\"icons__text   \"   data-icon-align=\"left\" data-reset-responsive=\"false\" data-hover-target=\"box\" data-vertical-align=\"top\">\r\r\r\r\n                    <div class=\"icons_wrap\">\r\r\r\r\n                        <div class=\"icon__container\">\r\r\r\r\n                            <i class=\"main__icon fas fa-user-plus\" id=\"slcr_icon_text_last69dfdc09d1434\" ><\/i>\r\r\r\r\n                        <\/div>\r\r\r\r\n                    <\/div>\r\r\r\r\n                    <div class=\"text__content\" id=\"slcr_icon_text_content69dfdc09d1434\">\r\r\r\r\n                        \n<p>Anksiozne motnje<\/p>\n\r\r\r\r\n                    <\/div>\r\r\r\r\n                <\/div>\r\r\r\r\n                <div class=\"icons__text   \"   data-icon-align=\"left\" data-reset-responsive=\"false\" data-hover-target=\"box\" data-vertical-align=\"top\">\r\r\r\r\n                    <div class=\"icons_wrap\">\r\r\r\r\n                        <div class=\"icon__container\">\r\r\r\r\n                            <i class=\"main__icon fas fa-user-plus\" id=\"slcr_icon_text_last69dfdc09d1487\" ><\/i>\r\r\r\r\n                        <\/div>\r\r\r\r\n                    <\/div>\r\r\r\r\n                    <div class=\"text__content\" id=\"slcr_icon_text_content69dfdc09d1487\">\r\r\r\r\n                        \n<p>Fobije<\/p>\n\r\r\r\r\n                    <\/div>\r\r\r\r\n                <\/div>\r\r\r\r\n                <div class=\"icons__text   \"   data-icon-align=\"left\" data-reset-responsive=\"false\" data-hover-target=\"box\" data-vertical-align=\"top\">\r\r\r\r\n                    <div class=\"icons_wrap\">\r\r\r\r\n                        <div class=\"icon__container\">\r\r\r\r\n                            <i class=\"main__icon fas fa-user-plus\" id=\"slcr_icon_text_last69dfdc09d14d6\" ><\/i>\r\r\r\r\n                        <\/div>\r\r\r\r\n                    <\/div>\r\r\r\r\n                    <div class=\"text__content\" id=\"slcr_icon_text_content69dfdc09d14d6\">\r\r\r\r\n                        \n<p>Slabe navade<\/p>\n\r\r\r\r\n                    <\/div>\r\r\r\r\n                <\/div>\r\r\r\r\n                <div class=\"icons__text   \"   data-icon-align=\"left\" data-reset-responsive=\"false\" data-hover-target=\"box\" data-vertical-align=\"top\">\r\r\r\r\n                    <div class=\"icons_wrap\">\r\r\r\r\n                        <div class=\"icon__container\">\r\r\r\r\n                            <i class=\"main__icon fas fa-user-plus\" id=\"slcr_icon_text_last69dfdc09d1523\" ><\/i>\r\r\r\r\n                        <\/div>\r\r\r\r\n                    <\/div>\r\r\r\r\n                    <div class=\"text__content\" id=\"slcr_icon_text_content69dfdc09d1523\">\r\r\r\r\n                        \n<p>Te\u017eave z odnosi<\/p>\n\r\r\r\r\n                    <\/div>\r\r\r\r\n                <\/div><\/div><\/div><\/div><\/div> \r\r\r\r\n            <\/div> \r\r\r\r\n        <\/div>\r\r\r\r\n    <\/div><style><\/style><div class=\"wpb_column vc_column_container content-dark vc_col-sm-12 column-z-index-69dfdc09d18e5\"> \r\r\r\r\n        <div class=\"vc_column-inner \"> \r\r\r\r\n            <div class=\"wpb_wrapper\"><div class=\"wpb_text_column wpb_content_element \" >\r\r\r\r\n\t\t<div class=\"wpb_wrapper\">\r\r\r\r\n\t\t\t<p>Zdaj \u017eivimo v svetu, ki, \u010deprav domnevno bolj civiliziran, ustvarja pove\u010dan stres za posameznike. Zelo komercialno in konkuren\u010dno potro\u0161ni\u0161ko usmerjena dru\u017eba zahteva, da ljudje izgledajo dobro, dosegajo status s premo\u017eenjem in kvalifikacijami ter najnovej\u0161o tehnologijo in modni dodatki. Posledi\u010dno je malo prilo\u017enosti za posameznike da zadovoljijo svoje duhovne in nadosebne potrebe. Hipnoza je u\u010dinkovita pri te\u017eavah povezanih z anksioznostjo.<\/p>\n\r\r\r\r\n\t\t<\/div>\r\r\r\r\n\t<\/div><div  class=\"wpb_single_image wpb_content_element vc_align_center\">\r\r\r\r\n\t\t\r\r\r\r\n\t\t<figure class=\"wpb_wrapper vc_figure\">\r\r\r\r\n\t\t\t<div class=\"vc_single_image-wrapper   vc_box_border_grey\"><img loading=\"lazy\" decoding=\"async\" width=\"730\" height=\"403\" src=\"https:\/\/integrapija.si\/wp-content\/uploads\/2023\/06\/medicinska.jpg\" class=\"vc_single_image-img attachment-full\" alt=\"\" title=\"notranji_mir\" srcset=\"https:\/\/integrapija.si\/wp-content\/uploads\/2023\/06\/medicinska.jpg 730w, https:\/\/integrapija.si\/wp-content\/uploads\/2023\/06\/medicinska-300x166.jpg 300w, https:\/\/integrapija.si\/wp-content\/uploads\/2023\/06\/medicinska-600x331.jpg 600w\" sizes=\"auto, (max-width: 730px) 100vw, 730px\" \/><\/div>\r\r\r\r\n\t\t<\/figure>\r\r\r\r\n\t<\/div>  \r\r\r\r\n            <\/div> \r\r\r\r\n        <\/div>\r\r\r\r\n    <\/div><\/div><style><\/style><div class=\"vc_row wpb_row vc_row-fluid content-dark data-bg-color-69dfdc09d209e row-z-index-69dfdc09d209e\" ><style> .slcr_custom_pricing_table_css_69dfdc09d255b .pricing-header h4 {   }  .slcr_custom_pricing_table_css_69dfdc09d255b .pricing-content h3 {   } .slcr_custom_pricing_table_css_69dfdc09d255b .pricing-content p {   }<\/style><style><\/style><style><\/style><div class=\"wpb_column vc_column_container content-dark vc_col-sm-12 column-z-index-69dfdc09d2134\"> \r\r\r\r\n        <div class=\"vc_column-inner \"> \r\r\r\r\n            <div class=\"wpb_wrapper\"><style>#slcr_custom_heading_69dfdc09d229f{ font-size: 27px;line-height: 35px;text-align: left;  }<\/style><h3 id=\"slcr_custom_heading_69dfdc09d229f\" class=\"vc_custom_heading vc_custom_1662827538504 font-700\" >Hipnoza vam daje potrebna orodja za sprostitev telesa, zmanj\u0161anje zaznanega stresa in prevzem nadzora nad vsako situacijo.<\/h3><div class=\"wpb_text_column wpb_content_element \" >\r\r\r\r\n\t\t<div class=\"wpb_wrapper\">\r\r\r\r\n\t\t\t<blockquote><p>\nOd <a href=\"https:\/\/integrapija.si\/kaj-je-hipnoza\/\">hipnoze<\/a> se boste oddaljili z energijo in osve\u017eeni, pripravljeni se spopasti s kakr\u0161no koli te\u017eavo, ki vam jo postavi \u017eivljenje ali tekmovalec.\n<\/p><\/blockquote>\n\r\r\r\r\n\t\t<\/div>\r\r\r\r\n\t<\/div><div class=\"wpb_text_column wpb_content_element \" >\r\r\r\r\n\t\t<div class=\"wpb_wrapper\">\r\r\r\r\n\t\t\t<p>V miselnosti boste osredoto\u010deni na re\u0161itve in ne na nujne primere.<br \/>\nNe glede na va\u0161 poklic, poklic, starost ali spol, je hipnoterapija \u010dudovit na\u010din za ponovno vzpostavitev du\u0161evnega, \u010dustvenega in fizi\u010dnega ravnovesja v va\u0161em \u017eivljenju.<\/p>\n<p><a href=\"https:\/\/www.linkedin.com\/in\/sta%C5%A1-%C5%A1trukelj-119072205\/?originalSubdomain=si\" target=\"_blank\" rel=\"noopener\">Sta\u0161 \u0160trukelj,<\/a> terapevt medicinske hipnoze<\/p>\n\r\r\r\r\n\t\t<\/div>\r\r\r\r\n\t<\/div><div class=\"vc_separator wpb_content_element vc_separator_align_center vc_sep_width_100 vc_sep_pos_align_center vc_separator_no_text vc_custom_1606374141624 wpb_content_element  vc_custom_1606374141624 wpb_content_element\" ><span class=\"vc_sep_holder vc_sep_holder_l\"><span style=\"border-color:#eeeeee;\" class=\"vc_sep_line\"><\/span><\/span><span class=\"vc_sep_holder vc_sep_holder_r\"><span style=\"border-color:#eeeeee;\" class=\"vc_sep_line\"><\/span><\/span>\n<\/div> \r\r\r\r\n                <div class=\"owl owl-carousel carousel-shortcode  \"  data-carousel-loop=\"false\" data-carousel-dots=\"true\" data-carousel-margin=\"30\" data-carousel-autoplay=\"false\" data-carousel-responsiveClass=\"true\" data-carousel-stage-padding=\"0\" data-carousel-ani-i=\"\" data-carousel-ani-o=\"\" data-carousel-animateIn=\"\" data-carousel-animateOut=\"\" data-carousel-smartspeed=\"850\" data-carousel-items-mob=\"1\" data-carousel-items-tab=\"1\" data-carousel-items-pc=\"1\" data-carousel-nav-mob=\"false\" data-carousel-nav-tab=\"false\" data-carousel-nav-pc=\"false\" data-carousel-dots-mob=\"false\" data-carousel-dots-tab=\"false\" data-carousel-dots-pc=\"false\">\r\r\r\r\n                <div class=\"pricing__06       slcr_custom_pricing_table_css_69dfdc09d255b\" >\r\r\r\r\n                    <div class=\"pricing-header\">\r\r\r\r\n                      <h4>Individualni program<\/h4>\r\r\r\r\n                    <\/div>\r\r\r\r\n                    <div class=\"pricing-content\">\r\r\r\r\n                      <div class=\"plan-price\">\r\r\r\r\n                        <h3>Hipnoterapija<\/h3>\r\r\r\r\n                        <p>Unikaten pristop<\/p>\r\r\r\r\n                      <\/div>\r\r\r\r\n                      <div class=\"plan-features\"> \r\r\r\r\n                        \n<ul class=\"plan-list\">\n<li><i class=\"fa fa-check\"><\/i>Individualni <strong>specializiran<\/strong> program \u2013 poglobljena hipnoterapija, prilagojena vam.<\/li>\n<li><i class=\"fa fa-check\"><\/i>Odprava jedrnih vzrokov \u2013 ne le simptomov, temve\u010d resni\u010dnih globinskih vzrokov.<\/li>\n<li><i class=\"fa fa-check\"><\/i>Unikaten pristop \u2013 popolna predanost in osebna prilagoditev za trajne spremembe.<\/li>\n<\/ul>\n\r\r\r\r\n                      <\/div>\r\r\r\r\n                      <div class=\"plan-button\">\r\r\r\r\n                        \r\r\r\r\n                        <a href=\"https:\/\/www.staspirc.com\/rezervirajklic\/\" title=\"Posvetovalni klic\" target=\"_blank\" class=\"btn btn--xl font-400 btn--pill  btn--primary   slcr_custom_pricing_table_button_css_69dfdc09d255b\" rel=\"noopener\"><span>Posvetovalni klic<\/span><\/a>\r\r\r\r\n                      <\/div>\r\r\r\r\n                    <\/div>\r\r\r\r\n                <\/div>      \r\r\r\r\n               \r\r\r\r\n                <\/div> \r\r\r\r\n            <\/div> \r\r\r\r\n        <\/div>\r\r\r\r\n    <\/div><\/div><style><\/style><div class=\"vc_row wpb_row vc_row-fluid content-dark data-bg-color-69dfdc09d2799 row-z-index-69dfdc09d2799\" ><style><\/style><div class=\"wpb_column vc_column_container content-dark vc_col-sm-12 column-z-index-69dfdc09d2809\"> \r\r\r\r\n        <div class=\"vc_column-inner \"> \r\r\r\r\n            <div class=\"wpb_wrapper\"><div class=\"wpb_text_column wpb_content_element \" >\r\r\r\r\n\t\t<div class=\"wpb_wrapper\">\r\r\r\r\n\t\t\t<h4>Za koga je primerno zdravljenje z medicinsko hipnozo<\/h4>\n<p>Za odpravljanje ve\u010dine te\u017eav ni potrebna visoka stopnja hipnotizabilnosti, kar pomeni, da je ve\u010d kot 80 odstotkov ljudi povsem primernih za zdravljenje z medicinsko hipnozo. Le redke kontraindikacije zahtevajo posebno stopnjo pazljivosti. Med te \u0161tejemo te\u017eja sr\u010dna obolenja, epilepsijo in psihoze.<\/p>\n<p>V hitrem tempu \u017eivljenja se vse ve\u010d ljudi odlo\u010da za obravnavo prav zaradi obvladovanja stresa in samoumirjanja, saj se tako preventivno za\u0161\u010ditijo pred \u0161tevilnimi boleznimi in motnjami dana\u0161njega \u010dasa. Prav nobena meditacija, telovadba ali avtogeni trening se v intenzivnosti in globini prijetne izku\u0161nje ne more kosati z mirom in energijo, ki jo prinese hipnotski trans.<\/p>\n\r\r\r\r\n\t\t<\/div>\r\r\r\r\n\t<\/div> \r\r\r\r\n            <\/div> \r\r\r\r\n        <\/div>\r\r\r\r\n    <\/div><\/div>\n<\/div>","protected":false},"excerpt":{"rendered":"Hipnoza lahko zmanj\u0161a stres in anksioznost ter pove\u010da notranji mir. Sprostitev s hipnozo ima lahko veliko koristi, vklju\u010dno z: manj\u0161im stresnim odzivom, manj\u0161o anksioznostjo, zmanj\u0161anjem jeze in frustracij, zni\u017eanjem krvnega tlaka, izbolj\u0161anjem koncentracije in razpolo\u017eenja, izbolj\u0161anjem kakovosti spanja, izbolj\u0161anjem prebave, pove\u010danjem samozavesti. Krepitev samozavesti Nespe\u010dnost Bolj\u0161o samopodobo Obvladovanje stresa Izbolj\u0161anje koncentracije Zmanj\u0161evanje treme Anksiozne motnje [...]","protected":false},"author":2,"featured_media":2770,"parent":0,"menu_order":0,"comment_status":"closed","ping_status":"closed","template":"sidebar-right.php","meta":{"_acf_changed":false,"content-type":"","footnotes":""},"class_list":["post-1300","page","type-page","status-publish","has-post-thumbnail","hentry"],"acf":[],"_links":{"self":[{"href":"https:\/\/integrapija.si\/en\/wp-json\/wp\/v2\/pages\/1300","targetHints":{"allow":["GET"]}}],"collection":[{"href":"https:\/\/integrapija.si\/en\/wp-json\/wp\/v2\/pages"}],"about":[{"href":"https:\/\/integrapija.si\/en\/wp-json\/wp\/v2\/types\/page"}],"author":[{"embeddable":true,"href":"https:\/\/integrapija.si\/en\/wp-json\/wp\/v2\/users\/2"}],"replies":[{"embeddable":true,"href":"https:\/\/integrapija.si\/en\/wp-json\/wp\/v2\/comments?post=1300"}],"version-history":[{"count":2,"href":"https:\/\/integrapija.si\/en\/wp-json\/wp\/v2\/pages\/1300\/revisions"}],"predecessor-version":[{"id":4283,"href":"https:\/\/integrapija.si\/en\/wp-json\/wp\/v2\/pages\/1300\/revisions\/4283"}],"wp:featuredmedia":[{"embeddable":true,"href":"https:\/\/integrapija.si\/en\/wp-json\/wp\/v2\/media\/2770"}],"wp:attachment":[{"href":"https:\/\/integrapija.si\/en\/wp-json\/wp\/v2\/media?parent=1300"}],"curies":[{"name":"wp","href":"https:\/\/api.w.org\/{rel}","templated":true}]}}