{"id":1334,"date":"2022-04-02T14:48:39","date_gmt":"2022-04-02T14:48:39","guid":{"rendered":"https:\/\/integrapija.si\/?page_id=1334"},"modified":"2022-04-02T14:48:39","modified_gmt":"2022-04-02T14:48:39","slug":"splosno-o-hipnozi","status":"publish","type":"page","link":"https:\/\/integrapija.si\/en\/splosno-o-hipnozi\/","title":{"rendered":"general about hypnosis"},"content":{"rendered":"<p><style><\/style><div class=\"wpb_column vc_column_container content-dark vc_col-sm-1 column-z-index-69dfde51f094a\"> \r\r\r\r\n        <div class=\"vc_column-inner\"> \r\r\r\r\n            <div class=\"wpb_wrapper\"> \r\r\r\r\n            <\/div> \r\r\r\r\n        <\/div>\r\r\r\r\n    <\/div><style><\/style><div class=\"wpb_column vc_column_container content-dark vc_col-sm-6 column-z-index-69dfde51f0bff\"> \r\r\r\r\n        <div class=\"vc_column-inner vc_custom_1606274032217\"> \r\r\r\r\n            <div class=\"wpb_wrapper\"> \r\r\r\r\n            <\/div> \r\r\r\r\n        <\/div>\r\r\r\r\n    <\/div><ul class=\"accordion m_accordion69dfde5207e51 accordion__03 one-tab\"  ><style>.mh_accordion69dfde51f0e3d.accordion-header::before {  } .mh_accordion69dfde51f0e3d.accordion-header h5{ } #mhp_accordion69dfde51f0e3d.accordion-content p{ }<\/style>  \r\n\r\n\r\n\r\n                <li>\r\n\r\n\r\n\r\n                   <div class=\"accordion-header mh_accordion69dfde51f0e3d\" >\r\n\r\n\r\n\r\n                       <h5 class=\"gap-0 mb-0\">What is Hypnosis?<\/h5>\r\n\r\n\r\n\r\n                   <\/div>\r\n\r\n\r\n\r\n                   <div class=\"accordion-content\" id=\"mhp_accordion69dfde51f0e3d\">\r\n\r\n\r\n\r\n                       <p>Hypnosis is a process of helping people tap into their mental connections, memories and life potentials to realize their own therapeutic goals.<\/p>\n<p>Milton H. Erickson also understood hypnosis as a special form of communication that allows the client to use his own thinking, understanding, emotions, in a way that best matches his scheme of life.<\/p>\n<p>Hypnosis is a phenomenon that is very intensively researched, yet there is still no commonly agreed upon definition that most people agree on. <\/p>\r\n\r\n\r\n\r\n                   <\/div>\r\n\r\n\r\n\r\n                <\/li><style>.mh_accordion69dfde51f0eeb.accordion-header::before {  } .mh_accordion69dfde51f0eeb.accordion-header h5{ } #mhp_accordion69dfde51f0eeb.accordion-content p{ }<\/style>  \r\n\r\n\r\n\r\n                <li>\r\n\r\n\r\n\r\n                   <div class=\"accordion-header mh_accordion69dfde51f0eeb\" >\r\n\r\n\r\n\r\n                       <h5 class=\"gap-0 mb-0\">Medical hypnosis<\/h5>\r\n\r\n\r\n\r\n                   <\/div>\r\n\r\n\r\n\r\n                   <div class=\"accordion-content\" id=\"mhp_accordion69dfde51f0eeb\">\r\n\r\n\r\n\r\n                       <p><\/p>\r\n\r\n\r\n\r\n                   <\/div>\r\n\r\n\r\n\r\n                <\/li><style>.mh_accordion69dfde5207d27.accordion-header::before {  } .mh_accordion69dfde5207d27.accordion-header h5{ } #mhp_accordion69dfde5207d27.accordion-content p{ }<\/style>  \r\n\r\n\r\n\r\n                <li>\r\n\r\n\r\n\r\n                   <div class=\"accordion-header mh_accordion69dfde5207d27\" >\r\n\r\n\r\n\r\n                       <h5 class=\"gap-0 mb-0\">Who can be hypnotized?<\/h5>\r\n\r\n\r\n\r\n                   <\/div>\r\n\r\n\r\n\r\n                   <div class=\"accordion-content\" id=\"mhp_accordion69dfde5207d27\">\r\n\r\n\r\n\r\n                       <p>A hypnotic state can be achieved by most people who are properly motivated and have the right attitude towards hypnotherapy. In fact, it is a naturally occurring phenomenon that almost everyone has experienced in various daily situations, such as watching TV, listening to music, and driving a car automatically.<\/p>\n<p>However, medical hypnosis is not suitable for people with heart disease, epilepsy, severe asthma and psychosis.<\/p>\r\n\r\n\r\n\r\n                   <\/div>\r\n\r\n\r\n\r\n                <\/li><style>.mh_accordion69dfde5207deb.accordion-header::before {  } .mh_accordion69dfde5207deb.accordion-header h5{ } #mhp_accordion69dfde5207deb.accordion-content p{ }<\/style>  \r\n\r\n\r\n\r\n                <li>\r\n\r\n\r\n\r\n                   <div class=\"accordion-header mh_accordion69dfde5207deb\" >\r\n\r\n\r\n\r\n                       <h5 class=\"gap-0 mb-0\">The benefits of hypnotherapy<\/h5>\r\n\r\n\r\n\r\n                   <\/div>\r\n\r\n\r\n\r\n                   <div class=\"accordion-content\" id=\"mhp_accordion69dfde5207deb\">\r\n\r\n\r\n\r\n                       <p>Since continuous medication often has side effects, we prefer to help individuals with the help of medical hypnosis and teach them the skills to use their abilities to solve psychological and physical problems.<\/p>\r\n\r\n\r\n\r\n                   <\/div>\r\n\r\n\r\n\r\n                <\/li><\/ul><style> .m_accordion69dfde5207e51 .accordion-header {     } .m_accordion69dfde5207e51.accordion__02 li.active .accordion-header {  }   .m_accordion69dfde5207e51.accordion__02 li.active .accordion-header::before {   } .m_accordion69dfde5207e51.accordion__02 li.active .accordion-header h5 {  } .m_accordion69dfde5207e51 .accordion-header::before {   }   .m_accordion69dfde5207e51.accordion__03 li:hover .accordion-header h5 { } .m_accordion69dfde5207e51.accordion__03 li.active .accordion-header h5 { } .m_accordion69dfde5207e51.accordion__03 .active .accordion-header::before {} .accordion__02 li.active .accordion-header::before { color: #fff; }<\/style><\/p>","protected":false},"excerpt":{"rendered":"Kaj je Hipnoza? Hipnoza je proces s katerim pomagamo ljudem izkoristiti njihove mentalne povezave, spomine in \u017eivljenjske potenciale, da bi uresni\u010dili svoje lastne terapevtske cilje. Milton H. Erickson, je hipnozo razumel tudi kot posebno obliko komunikacije, ki omogo\u010da klientu uporabljati njegovo lastno mi\u0161ljenje, razumevanje, \u010dustva, na na\u010din, ki se najbolj ujema z njegovo shemo \u017eivljenja. [...]","protected":false},"author":2,"featured_media":0,"parent":0,"menu_order":0,"comment_status":"closed","ping_status":"closed","template":"","meta":{"_acf_changed":false,"content-type":"","footnotes":""},"class_list":["post-1334","page","type-page","status-publish","hentry"],"acf":[],"_links":{"self":[{"href":"https:\/\/integrapija.si\/en\/wp-json\/wp\/v2\/pages\/1334","targetHints":{"allow":["GET"]}}],"collection":[{"href":"https:\/\/integrapija.si\/en\/wp-json\/wp\/v2\/pages"}],"about":[{"href":"https:\/\/integrapija.si\/en\/wp-json\/wp\/v2\/types\/page"}],"author":[{"embeddable":true,"href":"https:\/\/integrapija.si\/en\/wp-json\/wp\/v2\/users\/2"}],"replies":[{"embeddable":true,"href":"https:\/\/integrapija.si\/en\/wp-json\/wp\/v2\/comments?post=1334"}],"version-history":[{"count":0,"href":"https:\/\/integrapija.si\/en\/wp-json\/wp\/v2\/pages\/1334\/revisions"}],"wp:attachment":[{"href":"https:\/\/integrapija.si\/en\/wp-json\/wp\/v2\/media?parent=1334"}],"curies":[{"name":"wp","href":"https:\/\/api.w.org\/{rel}","templated":true}]}}