{"id":1465,"date":"2022-04-28T17:43:14","date_gmt":"2022-04-28T17:43:14","guid":{"rendered":"https:\/\/integrapija.si\/?page_id=1465"},"modified":"2025-10-08T13:07:53","modified_gmt":"2025-10-08T11:07:53","slug":"hipnoza-pri-otrocih","status":"publish","type":"page","link":"https:\/\/integrapija.si\/en\/hipnoza-pri-otrocih\/","title":{"rendered":"Hypnosis for children and adolescents"},"content":{"rendered":"<div class=\"wpb-content-wrapper\"><p><style><\/style><div class=\"vc_row wpb_row vc_row-fluid content-dark data-bg-color-69dfde6282ca9 row-z-index-69dfde6282ca9\" ><style><\/style><div class=\"wpb_column vc_column_container content-dark vc_col-sm-12 column-z-index-69dfde6282dd8\"> \r\r\r\r\n        <div class=\"vc_column-inner\"> \r\r\r\r\n            <div class=\"wpb_wrapper\"><div class=\"wpb_text_column wpb_content_element\" >\r\r\r\r\n\t\t<div class=\"wpb_wrapper\">\r\r\r\r\n\t\t\t<h3>Medical hypnosis in children and adolescents<\/h3>\n<h4>Medical hypnosis for children and adolescents has been booming worldwide in recent years.<\/h4>\n<p>Child hypnotherapy can be a very effective method in the treatment of various children&#039;s problems, negative repetitive patterns or various disorders.<\/p>\n<blockquote><p>\nThis method, which was initially intended for adults, has also proven to be very good for children due to the good neuroplasticity of children&#039;s brains. Therefore, with the help of medical hypnosis, children develop healthier behavioral, emotional and physical patterns more quickly.\n<\/p><\/blockquote>\n<p>The method has no adverse side effects, the technique is adapted to the age of the child.<\/p>\n<p>It is suitable for children who want to get rid of &quot;anxieties&quot; such as: problems with passing urine and feces, bedwetting, anxiety, tics, phobias, nail biting, psychosomatic illnesses and as an auxiliary method for eating disorders. Medical hypnosis works very well in boosting self-confidence, concentration and anger management.<\/p>\n<p>With the help of medical hypnosis in children, we encourage natural learning of how to deal with a problem, master it and possibly overcome it.<\/p>\n<p>Hypnosis is successfully used for:<\/p>\n<ul>\n<li>helping children with anxiety<\/li>\n<li>improving self-esteem in adolescents<\/li>\n<li>overcoming phobias in adolescents<\/li>\n<li>overcoming school stress in children<\/li>\n<li>better anger management in children<\/li>\n<li>helping children with specific learning difficulties<\/li>\n<li>helping children with attention disorders (e.g. ADHD)<\/li>\n<li>improving parent-child relationships<\/li>\n<li>helping children with sleep problems<\/li>\n<\/ul>\n\r\r\r\r\n\t\t<\/div>\r\r\r\r\n\t<\/div> \r\r\r\r\n            <\/div> \r\r\r\r\n        <\/div>\r\r\r\r\n    <\/div><style><\/style><div class=\"wpb_column vc_column_container content-dark vc_col-sm-12 column-z-index-69dfde62831d7\"> \r\r\r\r\n        <div class=\"vc_column-inner\"> \r\r\r\r\n            <div class=\"wpb_wrapper\"><div class=\"wpb_text_column wpb_content_element\" >\r\r\r\r\n\t\t<div class=\"wpb_wrapper\">\r\r\r\r\n\t\t\t<h4>More and more people are finding out how successful it is.<\/h4>\n<p><a href=\"https:\/\/www.nphti.org\/pam-kaiser\" target=\"_blank\" rel=\"noopener\">dr. Pamela Kaiser<\/a> co-founder and co-director of the National Institute for Pediatric Medical Hypnosis notes that the use of medical hypnosis among children and adolescents is becoming more and more popular, as more and more people find out how successful it is.<\/p>\n<blockquote><p>\nMore and more parents want their children to be treated with medical hypnosis, and they also want more health insurance to cover it. However, it is already a success that it is considered as a complementary branch of medicine and is not excluded from pediatrics. This means that someone does not need a pediatrician&#039;s &#039;permission&#039; to undergo medical hypnosis.\n<\/p><\/blockquote>\n\r\r\r\r\n\t\t<\/div>\r\r\r\r\n\t<\/div><div  class=\"wpb_single_image wpb_content_element vc_align_center\">\r\r\r\r\n\t\t\r\r\r\r\n\t\t<figure class=\"wpb_wrapper vc_figure\">\r\r\r\r\n\t\t\t<div class=\"vc_single_image-wrapper   vc_box_border_grey\"><img loading=\"lazy\" decoding=\"async\" width=\"730\" height=\"487\" src=\"https:\/\/integrapija.si\/wp-content\/uploads\/2023\/06\/otrok.jpg\" class=\"vc_single_image-img attachment-full\" alt=\"otrok integrapija\" title=\"child integration\" srcset=\"https:\/\/integrapija.si\/wp-content\/uploads\/2023\/06\/otrok.jpg 730w, https:\/\/integrapija.si\/wp-content\/uploads\/2023\/06\/otrok-300x200.jpg 300w, https:\/\/integrapija.si\/wp-content\/uploads\/2023\/06\/otrok-600x400.jpg 600w\" sizes=\"auto, (max-width: 730px) 100vw, 730px\" \/><\/div>\r\r\r\r\n\t\t<\/figure>\r\r\r\r\n\t<\/div>  \r\r\r\r\n            <\/div> \r\r\r\r\n        <\/div>\r\r\r\r\n    <\/div><\/div><style><\/style><div class=\"vc_row wpb_row vc_row-fluid content-dark data-bg-color-69dfde6283889 row-z-index-69dfde6283889\" ><style><\/style><div class=\"wpb_column vc_column_container content-dark vc_col-sm-12 column-z-index-69dfde6283908\"> \r\r\r\r\n        <div class=\"vc_column-inner\"> \r\r\r\r\n            <div class=\"wpb_wrapper\"><div class=\"wpb_text_column wpb_content_element\" >\r\r\r\r\n\t\t<div class=\"wpb_wrapper\">\r\r\r\r\n\t\t\t<h4>Hypnosis is particularly effective in relieving pain in children and adolescents.<\/h4>\n<p>If a child is in severe pain, medical hypnosis is a proven and researched very important therapy for reducing pain in medical conditions such as migraines, abdominal pain or burns, when doctors usually prescribe painkillers, and with hypnosis we redirect the pain from the brain.<\/p>\n<blockquote><p>\nBurns, for example, are very painful. We help a child with burns by teaching him how to leave his body and pain in place and, using a special technique, direct his thoughts to where he prefers, where he feels safe and happy.\n<\/p><\/blockquote>\n<p>When the child realizes that he has managed to control his pain, he is overjoyed! We also teach them a special technique to rate their pain from 0 to 10 and then mentally lower the level of real pain, which actually decreases.<\/p>\n\r\r\r\r\n\t\t<\/div>\r\r\r\r\n\t<\/div><div class=\"vc_separator wpb_content_element vc_separator_align_center vc_sep_width_100 vc_sep_pos_align_center vc_separator_no_text vc_custom_1606374141624 wpb_content_element  vc_custom_1606374141624 wpb_content_element\" ><span class=\"vc_sep_holder vc_sep_holder_l\"><span style=\"border-color:#eeeeee;\" class=\"vc_sep_line\"><\/span><\/span><span class=\"vc_sep_holder vc_sep_holder_r\"><span style=\"border-color:#eeeeee;\" class=\"vc_sep_line\"><\/span><\/span>\n<\/div> \r\r\r\r\n            <\/div> \r\r\r\r\n        <\/div>\r\r\r\r\n    <\/div><\/div><style><\/style><div class=\"vc_row wpb_row vc_row-fluid content-dark data-bg-color-69dfde6283c2a row-z-index-69dfde6283c2a\" ><style><\/style><div class=\"wpb_column vc_column_container content-dark vc_col-sm-12 column-z-index-69dfde6283ca8\"> \r\r\r\r\n        <div class=\"vc_column-inner\"> \r\r\r\r\n            <div class=\"wpb_wrapper\"><div class=\"wpb_text_column wpb_content_element\" >\r\r\r\r\n\t\t<div class=\"wpb_wrapper\">\r\r\r\r\n\t\t\t<h4>Children love hypnosis and love to come back<\/h4>\n<p>The fact is that children and adolescents have a vivid imagination, quickly access their subconscious and learn quickly. They easily access that part of themselves that facilitates changes that will benefit them in the present or in the years to come as they face new challenges. All they need is a desire to change.<\/p>\n\r\r\r\r\n\t\t<\/div>\r\r\r\r\n\t<\/div><div class=\"vc_empty_space\"   style=\"height: 32px\"><span class=\"vc_empty_space_inner\"><\/span><\/div><div class=\"vc_row wpb_row vc_inner vc_row-fluid vc_row-o-equal-height vc_row-o-content-middle vc_row-flex\"><div class=\"wpb_column vc_column_container vc_col-sm-6\"><div class=\"vc_column-inner\"><div class=\"wpb_wrapper\"><div  class=\"wpb_single_image wpb_content_element vc_align_center\">\r\r\r\r\n\t\t\r\r\r\r\n\t\t<figure class=\"wpb_wrapper vc_figure\">\r\r\r\r\n\t\t\t<div class=\"vc_single_image-wrapper   vc_box_border_grey\"><img loading=\"lazy\" decoding=\"async\" width=\"350\" height=\"525\" src=\"https:\/\/integrapija.si\/wp-content\/uploads\/2023\/06\/otroska_hipno.jpg\" class=\"vc_single_image-img attachment-full\" alt=\"otroska_hipno\" title=\"otroska_hypno\" srcset=\"https:\/\/integrapija.si\/wp-content\/uploads\/2023\/06\/otroska_hipno.jpg 350w, https:\/\/integrapija.si\/wp-content\/uploads\/2023\/06\/otroska_hipno-200x300.jpg 200w\" sizes=\"auto, (max-width: 350px) 100vw, 350px\" \/><\/div>\r\r\r\r\n\t\t<\/figure>\r\r\r\r\n\t<\/div> <\/div><\/div><\/div><div class=\"wpb_column vc_column_container vc_col-sm-6\"><div class=\"vc_column-inner\"><div class=\"wpb_wrapper\"><div class=\"wpb_text_column wpb_content_element\" >\r\r\r\r\n\t\t<div class=\"wpb_wrapper\">\r\r\r\r\n\t\t\t<p>As a rule, children are very susceptible to hypnosis, also due to curiosity and a pleasant feeling of relaxation or the absence of any problem that is eliminated by the hypnotic state itself. Hypnosis is a completely natural and safe form of help, and each session is tailored to the child according to their age, challenge and personality characteristics. Parents are only expected to support the process of change and not to pressure the child in any way.<\/p>\n<blockquote><p>\n&quot;Each of us is capable of learning how to break this connection between the brain and the body that communicates pain to it. We can learn how to use our imagination to force the brain to ignore pain, or to recall it from our consciousness. This means that something can hurt us, but we don&#039;t necessarily have to suffer because of it.&quot;\n<\/p><\/blockquote>\n\r\r\r\r\n\t\t<\/div>\r\r\r\r\n\t<\/div><\/div><\/div><\/div><\/div><div class=\"vc_separator wpb_content_element vc_separator_align_center vc_sep_width_100 vc_sep_pos_align_center vc_separator_no_text vc_custom_1606374739848 wpb_content_element  vc_custom_1606374739848 wpb_content_element\" ><span class=\"vc_sep_holder vc_sep_holder_l\"><span style=\"border-color:#eeeeee;\" class=\"vc_sep_line\"><\/span><\/span><span class=\"vc_sep_holder vc_sep_holder_r\"><span style=\"border-color:#eeeeee;\" class=\"vc_sep_line\"><\/span><\/span>\n<\/div> \r\r\r\r\n            <\/div> \r\r\r\r\n        <\/div>\r\r\r\r\n    <\/div><\/div><style><\/style><div class=\"vc_row wpb_row vc_row-fluid content-dark data-bg-color-69dfde62846a5 row-z-index-69dfde62846a5\" ><style> .slcr_custom_pricing_table_css_69dfde628484b .pricing-header h4 {   }  .slcr_custom_pricing_table_css_69dfde628484b .pricing-content h3 {   } .slcr_custom_pricing_table_css_69dfde628484b .pricing-content p {   }<\/style><style><\/style><style><\/style><div class=\"wpb_column vc_column_container content-dark vc_col-sm-12 column-z-index-69dfde6284724\"> \r\r\r\r\n        <div class=\"vc_column-inner\"> \r\r\r\r\n            <div class=\"wpb_wrapper\"> \r\r\r\r\n                <div class=\"owl owl-carousel carousel-shortcode\"  data-carousel-loop=\"false\" data-carousel-dots=\"true\" data-carousel-margin=\"30\" data-carousel-autoplay=\"false\" data-carousel-responsiveclass=\"true\" data-carousel-stage-padding=\"0\" data-carousel-ani-i=\"\" data-carousel-ani-o=\"\" data-carousel-animatein=\"\" data-carousel-animateout=\"\" data-carousel-smartspeed=\"850\" data-carousel-items-mob=\"1\" data-carousel-items-tab=\"1\" data-carousel-items-pc=\"1\" data-carousel-nav-mob=\"false\" data-carousel-nav-tab=\"false\" data-carousel-nav-pc=\"false\" data-carousel-dots-mob=\"false\" data-carousel-dots-tab=\"false\" data-carousel-dots-pc=\"false\">\r\r\r\r\n                <div class=\"pricing__06       slcr_custom_pricing_table_css_69dfde628484b\" >\r\r\r\r\n                    <div class=\"pricing-header\">\r\r\r\r\n                      <h4>Individual program<\/h4>\r\r\r\r\n                    <\/div>\r\r\r\r\n                    <div class=\"pricing-content\">\r\r\r\r\n                      <div class=\"plan-price\">\r\r\r\r\n                        <h3>Hypnotherapy<\/h3>\r\r\r\r\n                        <p>unique approach<\/p>\r\r\r\r\n                      <\/div>\r\r\r\r\n                      <div class=\"plan-features\"> \r\r\r\r\n                        \n<ul class=\"plan-list\">\n<li><i class=\"fa fa-check\"><\/i>Individual <strong>specialized<\/strong> program \u2013 in-depth hypnotherapy, tailored to you<\/li>\n<li><i class=\"fa fa-check\"><\/i>Addressing the root causes \u2013 not just the symptoms, but the true root causes.<\/li>\n<li><i class=\"fa fa-check\"><\/i>A unique approach \u2013 complete dedication and personal adaptation for lasting change.<\/li>\n<\/ul>\n\r\r\r\r\n                      <\/div>\r\r\r\r\n                      <div class=\"plan-button\">\r\r\r\r\n                        \r\r\r\r\n                        <a href=\"https:\/\/app.simplymeet.me\/staspirc\/otroci-in-mladostniki\" title=\"Consultation call\" target=\"_blank\" class=\"btn btn--xl font-400 btn--pill  btn--primary   slcr_custom_pricing_table_button_css_69dfde628484b\" rel=\"noopener\"><span>Consultation call<\/span><\/a>\r\r\r\r\n                      <\/div>\r\r\r\r\n                    <\/div>\r\r\r\r\n                <\/div>      \r\r\r\r\n               \r\r\r\r\n                <\/div> \r\r\r\r\n            <\/div> \r\r\r\r\n        <\/div>\r\r\r\r\n    <\/div><\/div><style><\/style><div class=\"vc_row wpb_row vc_row-fluid content-dark data-bg-color-69dfde6284ac4 row-z-index-69dfde6284ac4\" ><style><\/style><div class=\"wpb_column vc_column_container content-dark vc_col-sm-12 column-z-index-69dfde6284b33\"> \r\r\r\r\n        <div class=\"vc_column-inner\"> \r\r\r\r\n            <div class=\"wpb_wrapper\"><div class=\"wpb_text_column wpb_content_element\" >\r\r\r\r\n\t\t<div class=\"wpb_wrapper\">\r\r\r\r\n\t\t\t<h4>What <a href=\"https:\/\/integrapija.si\/en\/kaj-je-hipnoza\/\">hypnosis<\/a> is and what is not.<\/h4>\n<p>Medical hypnosis is not about any magic tricks, but about a special state of consciousness with focused attention. External awareness decreases or moves away from reality, and the suggestibility for a certain problem increases, explained Dr. Jeff, as his young patients like to call him.<\/p>\n<p>&quot;With medical hypnosis, we know how to get a person into such a state of consciousness that he mentally concentrates and is able to do what he previously thought he could not do in this state. Someone who trains to swim needs a coach to swim better, and we use various techniques to teach our children that they no longer pee in the bed, that they no longer have headaches, tics, warts, that they no longer have stomachaches...&quot;<\/p>\n\r\r\r\r\n\t\t<\/div>\r\r\r\r\n\t<\/div> \r\r\r\r\n            <\/div> \r\r\r\r\n        <\/div>\r\r\r\r\n    <\/div><\/div>\n<\/div>","protected":false},"excerpt":{"rendered":"Medicinska hipnoza pri otrocih in mladostnikih Medicinska hipnoza pri otrocih in za mladostnike zadnja leta v svetu do\u017eivlja razcvet. Otro\u0161ka hipnoterapija je lahko zelo efektivna metoda pri terapij razli\u010dnih otro\u0161kih problemov, negativnih ponavljajo\u010dih vzorcih ali razli\u010dnih motnjah. Ta metoda, ki je bila sprva namenjena odraslim, se je kot zelo dobra izkazala tudi pri otrocih zaradi [...]","protected":false},"author":2,"featured_media":2765,"parent":0,"menu_order":0,"comment_status":"closed","ping_status":"closed","template":"sidebar-right.php","meta":{"_acf_changed":false,"content-type":"","footnotes":""},"class_list":["post-1465","page","type-page","status-publish","has-post-thumbnail","hentry"],"acf":[],"_links":{"self":[{"href":"https:\/\/integrapija.si\/en\/wp-json\/wp\/v2\/pages\/1465","targetHints":{"allow":["GET"]}}],"collection":[{"href":"https:\/\/integrapija.si\/en\/wp-json\/wp\/v2\/pages"}],"about":[{"href":"https:\/\/integrapija.si\/en\/wp-json\/wp\/v2\/types\/page"}],"author":[{"embeddable":true,"href":"https:\/\/integrapija.si\/en\/wp-json\/wp\/v2\/users\/2"}],"replies":[{"embeddable":true,"href":"https:\/\/integrapija.si\/en\/wp-json\/wp\/v2\/comments?post=1465"}],"version-history":[{"count":2,"href":"https:\/\/integrapija.si\/en\/wp-json\/wp\/v2\/pages\/1465\/revisions"}],"predecessor-version":[{"id":4446,"href":"https:\/\/integrapija.si\/en\/wp-json\/wp\/v2\/pages\/1465\/revisions\/4446"}],"wp:featuredmedia":[{"embeddable":true,"href":"https:\/\/integrapija.si\/en\/wp-json\/wp\/v2\/media\/2765"}],"wp:attachment":[{"href":"https:\/\/integrapija.si\/en\/wp-json\/wp\/v2\/media?parent=1465"}],"curies":[{"name":"wp","href":"https:\/\/api.w.org\/{rel}","templated":true}]}}