{"id":1926,"date":"2022-10-01T15:45:05","date_gmt":"2022-10-01T15:45:05","guid":{"rendered":"https:\/\/integrapija.si\/?page_id=1926"},"modified":"2024-08-05T09:38:55","modified_gmt":"2024-08-05T07:38:55","slug":"splosni-pogoji-poslovanja","status":"publish","type":"page","link":"https:\/\/integrapija.si\/en\/splosni-pogoji-poslovanja\/","title":{"rendered":"General Terms and Conditions"},"content":{"rendered":"<p class=\"has-medium-font-size\">The general operating conditions of the integrapija.si website are drawn up in accordance with the Consumer Protection Act (ZVPot) and based on the recommendations of the Chamber of Commerce and Industry and international codes for online and electronic business.<br><br>The integrapija.si website is an information system designed to present services. It is managed by Integrapija, Sta\u0161 \u0160trukelj Pirc sp, Kotnikova ulica 5, 1000 Ljubljana, hereinafter referred to as the provider.<br><br>The user is the person who accesses the integrapija.si website, hereinafter the user.<br>By visiting the website and submitting the contact form, the user confirms that he is familiar with the full text of the general terms and conditions of business on the integrapija.si website and fully agrees with them.<\/p>\n\n\n\n<p class=\"has-medium-font-size\"><strong>INFORMATION ABOUT THE PROVIDER<br><\/strong>Integrapija, Sta\u0161 \u0160trukelj Pirc sp<br>VAT payer: NO<br>The provider undertakes to provide the user with the following information:<br>Company identity (company name and headquarters) Contact information that enables the user to communicate quickly and efficiently (e-mail, telephone), essential features of the service.<\/p>\n\n\n\n<p class=\"has-medium-font-size\"><strong>PRICE<\/strong><br>The provider sells its services at prices listed on the website in the Price list category, where they are clearly and unambiguously displayed. The indicated prices are in euros.<br>The provider reserves the right to change prices. The price published on the day of ordering the service is valid.<\/p>\n\n\n\n<p class=\"has-medium-font-size\"><strong>WEBSITE SECURITY<br><\/strong>The provider provides appropriate technological means and security and protection systems that ensure adequate protection against loss or misuse of data.<\/p>","protected":false},"excerpt":{"rendered":"<p>Splo\u0161ni pogoji poslovanja spletne strani integrapija.si so sestavljeni skladno z Zakonom o varstvu potro\u0161nikov (ZVPot) in na podlagi priporo\u010dil GZS in mednarodnih kodeksov za spletno in elektronsko poslovanje. Spletna stran integrapija.si je informacijski sistem, namenjen predstavitvi storitev. Upravlja jo Integrapija, Sta\u0161 \u0160trukelj Pirc s.p., Kotnikova ulica 5, 1000 Ljubljana v nadaljevanju ponudnik. Uporabnik je oseba, [&hellip;]<\/p>\n","protected":false},"author":2,"featured_media":0,"parent":0,"menu_order":0,"comment_status":"closed","ping_status":"closed","template":"","meta":{"_acf_changed":false,"content-type":"","footnotes":""},"class_list":["post-1926","page","type-page","status-publish","hentry"],"acf":[],"_links":{"self":[{"href":"https:\/\/integrapija.si\/en\/wp-json\/wp\/v2\/pages\/1926","targetHints":{"allow":["GET"]}}],"collection":[{"href":"https:\/\/integrapija.si\/en\/wp-json\/wp\/v2\/pages"}],"about":[{"href":"https:\/\/integrapija.si\/en\/wp-json\/wp\/v2\/types\/page"}],"author":[{"embeddable":true,"href":"https:\/\/integrapija.si\/en\/wp-json\/wp\/v2\/users\/2"}],"replies":[{"embeddable":true,"href":"https:\/\/integrapija.si\/en\/wp-json\/wp\/v2\/comments?post=1926"}],"version-history":[{"count":2,"href":"https:\/\/integrapija.si\/en\/wp-json\/wp\/v2\/pages\/1926\/revisions"}],"predecessor-version":[{"id":3537,"href":"https:\/\/integrapija.si\/en\/wp-json\/wp\/v2\/pages\/1926\/revisions\/3537"}],"wp:attachment":[{"href":"https:\/\/integrapija.si\/en\/wp-json\/wp\/v2\/media?parent=1926"}],"curies":[{"name":"wp","href":"https:\/\/api.w.org\/{rel}","templated":true}]}}