{"id":2134,"date":"2022-10-02T22:33:37","date_gmt":"2022-10-02T22:33:37","guid":{"rendered":"https:\/\/integrapija.si\/?page_id=2134"},"modified":"2022-10-02T22:33:37","modified_gmt":"2022-10-02T22:33:37","slug":"miti-o-hipnozi","status":"publish","type":"page","link":"https:\/\/integrapija.si\/en\/miti-o-hipnozi\/","title":{"rendered":"Myths about hypnosis"},"content":{"rendered":"<div class=\"wpb-content-wrapper\"><style><\/style><div class=\"vc_row wpb_row vc_row-fluid content-dark data-bg-color-69dfdbac2a67f row-z-index-69dfdbac2a67f\" ><style><\/style><div class=\"wpb_column vc_column_container content-dark vc_col-sm-12 column-z-index-69dfdbac2aa9c\"> \r\r\r\r\n        <div class=\"vc_column-inner\"> \r\r\r\r\n            <div class=\"wpb_wrapper\"><style>#slcr_custom_heading_69dfdbac2b118{ text-align: left;  }<\/style><h2 id=\"slcr_custom_heading_69dfdbac2b118\" class=\"vc_custom_heading font-400\" >Hypnosis is nothing magical or supernatural.<\/h2><div class=\"wpb_text_column wpb_content_element\" >\r\r\r\r\n\t\t<div class=\"wpb_wrapper\">\r\r\r\r\n\t\t\t<blockquote><p>\nGenetic research on hypnosis shows that we have an innate ability to develop trance, and neuroscientific discoveries have reduced some prejudices and magical notions, as they have also convinced many somatically oriented therapists of the mechanisms of action and effects of hypnosis. Ten thousand patients will soon be operated on under hypnosis in Belgium.\n<\/p><\/blockquote>\n<p>You can read more about hypnotic phenomena in everyday life, the use of hypnosis in medicine, education and psychotherapy in<a href=\"https:\/\/www.zurnal24.si\/zdravje\/aktualno\/hipnoza-ni-nic-magicnega-ali-nadnaravnega-286090\" target=\"_blank\" rel=\"noopener\"> this article<\/a>.<\/p>\n<p>Hypnosis has long since outgrown mystical understanding as it is scientifically and empirically researched all over the world. Learn more about what hypnosis is, <a href=\"https:\/\/integrapija.si\/en\/kaj-je-hipnoza\/\">read here<\/a>. Nevertheless, Hypnosis has been accompanied by misconceptions and myths from the very beginning. You can read the answer to the most common ones below.<\/p>\n\r\r\r\r\n\t\t<\/div>\r\r\r\r\n\t<\/div><ul class=\"accordion m_accordion69dfdbac2c0df accordion__03 one-tab\"  ><style>.mh_accordion69dfdbac2be18.accordion-header::before {  } .mh_accordion69dfdbac2be18.accordion-header h5{ } #mhp_accordion69dfdbac2be18.accordion-content p{ }<\/style>  \r\n\r\n\r\n\r\n                <li>\r\n\r\n\r\n\r\n                   <div class=\"accordion-header mh_accordion69dfdbac2be18\" >\r\n\r\n\r\n\r\n                       <h5 class=\"gap-0 mb-0\">Myth No. 1 \u2013 Hypnotists have special powers<\/h5>\r\n\r\n\r\n\r\n                   <\/div>\r\n\r\n\r\n\r\n                   <div class=\"accordion-content\" id=\"mhp_accordion69dfdbac2be18\">\r\n\r\n\r\n\r\n                       <p>It is a myth that was created on the basis of Hollywood films, circus performances and stage hypnosis, intended mainly for the entertainment of the audience. It is the stage hypnotists, who are generally self-taught laymen and magicians, who exploit this myth (and thus reinforce it) to create a feeling of &quot;supernatural power&quot;.<\/p>\n<p>In medical hypnosis, experienced and professionally trained therapists create circumstances in which clients can more easily develop hypnosis and thereby find solutions to their problems.<\/p>\n<p>It is important, however, to use the hypnotic state as correctly as possible for the help that the client needs.<br \/>\nUnfortunately, recently there have been many lay hypnotists-hypnotherapists in Slovenia who, in addition to lacking medical, psychological and psychotherapeutic prior knowledge, also lack ethics.<\/p>\r\n\r\n\r\n\r\n                   <\/div>\r\n\r\n\r\n\r\n                <\/li><style>.mh_accordion69dfdbac2be85.accordion-header::before {  } .mh_accordion69dfdbac2be85.accordion-header h5{ } #mhp_accordion69dfdbac2be85.accordion-content p{ }<\/style>  \r\n\r\n\r\n\r\n                <li>\r\n\r\n\r\n\r\n                   <div class=\"accordion-header mh_accordion69dfdbac2be85\" >\r\n\r\n\r\n\r\n                       <h5 class=\"gap-0 mb-0\">Myth no. 2 \u2013 Hypnosis only works on a certain type of people<\/h5>\r\n\r\n\r\n\r\n                   <\/div>\r\n\r\n\r\n\r\n                   <div class=\"accordion-content\" id=\"mhp_accordion69dfdbac2be85\">\r\n\r\n\r\n\r\n                       <p>That&#039;s not true. It is true that hypnosis is more useful for some, but it mostly depends on the will, motivation and ability to concentrate. Everyone is suggestible to a certain extent, the more we are interested in something, the more we want something, the more open we are to receiving only that. It&#039;s the same with hypnosis. If you want it to work and accept it, you will also be able to accept its positive effects.<\/p>\r\n\r\n\r\n\r\n                   <\/div>\r\n\r\n\r\n\r\n                <\/li><style>.mh_accordion69dfdbac2beae.accordion-header::before {  } .mh_accordion69dfdbac2beae.accordion-header h5{ } #mhp_accordion69dfdbac2beae.accordion-content p{ }<\/style>  \r\n\r\n\r\n\r\n                <li>\r\n\r\n\r\n\r\n                   <div class=\"accordion-header mh_accordion69dfdbac2beae\" >\r\n\r\n\r\n\r\n                       <h5 class=\"gap-0 mb-0\">Myth no. 3 \u2013 People who allow themselves to be hypnotized are weak-minded<\/h5>\r\n\r\n\r\n\r\n                   <\/div>\r\n\r\n\r\n\r\n                   <div class=\"accordion-content\" id=\"mhp_accordion69dfdbac2beae\">\r\n\r\n\r\n\r\n                       <p>In fact, it&#039;s the other way around.<\/p>\n<p>Those who have great powers of concentration and imagination are more susceptible to hypnosis. They go into hypnosis more easily and stay in it for longer. So we are all susceptible to hypnosis, but the question is to what extent.<\/p>\n<p>Hypnosis is a natural ability to respond to new ideas. We all have this ability. Hypnosis is also not something that the hypnotist &quot;does&quot; to the client, but a state that the client develops within himself.<br \/>\nThe hypnotist creates the circumstances for this to happen more easily.<\/p>\r\n\r\n\r\n\r\n                   <\/div>\r\n\r\n\r\n\r\n                <\/li><style>.mh_accordion69dfdbac2bef9.accordion-header::before {  } .mh_accordion69dfdbac2bef9.accordion-header h5{ } #mhp_accordion69dfdbac2bef9.accordion-content p{ }<\/style>  \r\n\r\n\r\n\r\n                <li>\r\n\r\n\r\n\r\n                   <div class=\"accordion-header mh_accordion69dfdbac2bef9\" >\r\n\r\n\r\n\r\n                       <h5 class=\"gap-0 mb-0\">Myth no. 4 \u2013 When we are in hypnosis, something can happen against our will<\/h5>\r\n\r\n\r\n\r\n                   <\/div>\r\n\r\n\r\n\r\n                   <div class=\"accordion-content\" id=\"mhp_accordion69dfdbac2bef9\">\r\n\r\n\r\n\r\n                       <p>That&#039;s not true. People cannot and will not do anything against their will or against their values. It is also not possible to hypnotize people if they do not want it or they don&#039;t want to. Research shows that what you wouldn&#039;t do in a waking state, you wouldn&#039;t do in hypnosis either. The hypnotherapist can only influence the client as much as he\/she wants and allows. Hypnosis is dominated by your moral, religious, ethical and other principles!<\/p>\r\n\r\n\r\n\r\n                   <\/div>\r\n\r\n\r\n\r\n                <\/li><style>.mh_accordion69dfdbac2bf24.accordion-header::before {  } .mh_accordion69dfdbac2bf24.accordion-header h5{ } #mhp_accordion69dfdbac2bf24.accordion-content p{ }<\/style>  \r\n\r\n\r\n\r\n                <li>\r\n\r\n\r\n\r\n                   <div class=\"accordion-header mh_accordion69dfdbac2bf24\" >\r\n\r\n\r\n\r\n                       <h5 class=\"gap-0 mb-0\">Myth no. 5 \u2013 Hypnosis can harm your health<\/h5>\r\n\r\n\r\n\r\n                   <\/div>\r\n\r\n\r\n\r\n                   <div class=\"accordion-content\" id=\"mhp_accordion69dfdbac2bf24\">\r\n\r\n\r\n\r\n                       <p>That&#039;s not true.<\/p>\n<p>Medical hypnosis is scientifically recognized. It is backed by a lot of evidence-based research. It is recognized as a treatment method by medical organizations around the world and in Slovenia.<\/p>\n<p>It can be safely used for a wide range of medical ailments if the therapy is administered by a trained (not lay) therapist.<\/p>\n<p>However, it is not suitable for people with heart disease, epilepsy, severe asthma and psychosis.<\/p>\r\n\r\n\r\n\r\n                   <\/div>\r\n\r\n\r\n\r\n                <\/li><style>.mh_accordion69dfdbac2bf6d.accordion-header::before {  } .mh_accordion69dfdbac2bf6d.accordion-header h5{ } #mhp_accordion69dfdbac2bf6d.accordion-content p{ }<\/style>  \r\n\r\n\r\n\r\n                <li>\r\n\r\n\r\n\r\n                   <div class=\"accordion-header mh_accordion69dfdbac2bf6d\" >\r\n\r\n\r\n\r\n                       <h5 class=\"gap-0 mb-0\">Myth no. 6 - If I am hypnotized, I may not &quot;wake up&quot; from hypnosis<\/h5>\r\n\r\n\r\n\r\n                   <\/div>\r\n\r\n\r\n\r\n                   <div class=\"accordion-content\" id=\"mhp_accordion69dfdbac2bf6d\">\r\n\r\n\r\n\r\n                       <p>It&#039;s true! You cannot wake up from hypnosis, because hypnosis is not sleep \ud83d\ude42 A person in hypnosis may really look like he is sleeping, but he is aware and hears everything that is happening around him. No one ever gets &quot;stuck&quot; in hypnosis. If the &quot;hypnotist&quot; stops talking, the person will come back on their own. If there is any danger or necessity to &quot;wake up&quot; from hypnosis, it is enough for the person to simply open their eyes, stretch or start talking. Everyone can experience hypnosis differently, and the worst thing that can happen is falling asleep, from which you wake up after 5-10 minutes in a natural way. Some people even use hypnosis as a &quot;bridge&quot; to sleep.<\/p>\r\n\r\n\r\n\r\n                   <\/div>\r\n\r\n\r\n\r\n                <\/li><style>.mh_accordion69dfdbac2bf8d.accordion-header::before {  } .mh_accordion69dfdbac2bf8d.accordion-header h5{ } #mhp_accordion69dfdbac2bf8d.accordion-content p{ }<\/style>  \r\n\r\n\r\n\r\n                <li>\r\n\r\n\r\n\r\n                   <div class=\"accordion-header mh_accordion69dfdbac2bf8d\" >\r\n\r\n\r\n\r\n                       <h5 class=\"gap-0 mb-0\">Myth no. 7 \u2013 In hypnosis, we sleep, or we are unconscious<\/h5>\r\n\r\n\r\n\r\n                   <\/div>\r\n\r\n\r\n\r\n                   <div class=\"accordion-content\" id=\"mhp_accordion69dfdbac2bf8d\">\r\n\r\n\r\n\r\n                       <p>Hypnosis comes from the word Hypnos, the name of the Greek god of sleep, and a person who is in a hypnotic trance really resembles a state of sleep, but in fact is in a very awake, particularly focused state. In hypnosis, we are not asleep and not unconscious, but aware of everything events around us. Hypnosis and sleep are completely different states. Sometimes we fall asleep in between, which is not a problem, hypnotherapy still works.<\/p>\r\n\r\n\r\n\r\n                   <\/div>\r\n\r\n\r\n\r\n                <\/li><style>.mh_accordion69dfdbac2bfae.accordion-header::before {  } .mh_accordion69dfdbac2bfae.accordion-header h5{ } #mhp_accordion69dfdbac2bfae.accordion-content p{ }<\/style>  \r\n\r\n\r\n\r\n                <li>\r\n\r\n\r\n\r\n                   <div class=\"accordion-header mh_accordion69dfdbac2bfae\" >\r\n\r\n\r\n\r\n                       <h5 class=\"gap-0 mb-0\">Myth no. 8 - Hypnosis is dangerous and the devil&#039;s work<\/h5>\r\n\r\n\r\n\r\n                   <\/div>\r\n\r\n\r\n\r\n                   <div class=\"accordion-content\" id=\"mhp_accordion69dfdbac2bfae\">\r\n\r\n\r\n\r\n                       <p>Therapeutic hypnosis is far from mystical. Hypnotic trance is actually a very natural state in which each of us finds ourselves at least a few times a day. Hypnosis itself does not heal and has no special power. Today, neuroscience can confirm and explain this, but at one time this event was shrouded in a mist of mysticism.<br \/>\nA hypnotherapist cannot &quot;instill&quot; in you something that does not conform to his fundamental nature. Above all, the client&#039;s motive and goal are important. The ethics of each hypnotherapist obliges him to change only what he gets permission to do.<\/p>\r\n\r\n\r\n\r\n                   <\/div>\r\n\r\n\r\n\r\n                <\/li><style>.mh_accordion69dfdbac2bfd6.accordion-header::before {  } .mh_accordion69dfdbac2bfd6.accordion-header h5{ } #mhp_accordion69dfdbac2bfd6.accordion-content p{ }<\/style>  \r\n\r\n\r\n\r\n                <li>\r\n\r\n\r\n\r\n                   <div class=\"accordion-header mh_accordion69dfdbac2bfd6\" >\r\n\r\n\r\n\r\n                       <h5 class=\"gap-0 mb-0\">Myth no. 9 - I have never been under hypnosis before<\/h5>\r\n\r\n\r\n\r\n                   <\/div>\r\n\r\n\r\n\r\n                   <div class=\"accordion-content\" id=\"mhp_accordion69dfdbac2bfd6\">\r\n\r\n\r\n\r\n                       <p>Fact: Hypnosis is a normal, natural, scientifically explainable phenomenon and has nothing to do with magic, as was once believed.<br \/>\nHypnosis (trance) is a natural state that occurs several times a day. It occurs while engrossed in a book or television, while driving on a monotonous highway, when the individual forgets everything around him or loses track of time, while looking at the fire, when a song reminds the individual of a past time and emotions return, etc.<\/p>\r\n\r\n\r\n\r\n                   <\/div>\r\n\r\n\r\n\r\n                <\/li><style>.mh_accordion69dfdbac2bffe.accordion-header::before {  } .mh_accordion69dfdbac2bffe.accordion-header h5{ } #mhp_accordion69dfdbac2bffe.accordion-content p{ }<\/style>  \r\n\r\n\r\n\r\n                <li>\r\n\r\n\r\n\r\n                   <div class=\"accordion-header mh_accordion69dfdbac2bffe\" >\r\n\r\n\r\n\r\n                       <h5 class=\"gap-0 mb-0\">Myth no. 10 - I will have to do shameful things, bark like a dog and the like<\/h5>\r\n\r\n\r\n\r\n                   <\/div>\r\n\r\n\r\n\r\n                   <div class=\"accordion-content\" id=\"mhp_accordion69dfdbac2bffe\">\r\n\r\n\r\n\r\n                       <p>People make this assumption based on things they have seen in various movies or stage hypnosis shows they have seen.<br \/>\nIt&#039;s a show where people volunteer to be on stage and decide completely on their own to do funny things. They usually make excuses later that they were hypnotized anyway.<\/p>\n<p>Hypnotherapy is a serious process of self-improvement, not entertainment.<br \/>\nEvery hypnosis is autohypnosis, the therapist just guides the patient through the whole process.<\/p>\r\n\r\n\r\n\r\n                   <\/div>\r\n\r\n\r\n\r\n                <\/li><style>.mh_accordion69dfdbac2c033.accordion-header::before {  } .mh_accordion69dfdbac2c033.accordion-header h5{ } #mhp_accordion69dfdbac2c033.accordion-content p{ }<\/style>  \r\n\r\n\r\n\r\n                <li>\r\n\r\n\r\n\r\n                   <div class=\"accordion-header mh_accordion69dfdbac2c033\" >\r\n\r\n\r\n\r\n                       <h5 class=\"gap-0 mb-0\">Myth no. 11 - The hypnotist will have control over my mind<\/h5>\r\n\r\n\r\n\r\n                   <\/div>\r\n\r\n\r\n\r\n                   <div class=\"accordion-content\" id=\"mhp_accordion69dfdbac2c033\">\r\n\r\n\r\n\r\n                       <p>No one can control your mind unless you let them. During hypnosis, the client has a complete view and determines how deep he will go. Your hypnotherapist will give you only those &quot;suggestions&quot; that you want, discuss them in the introductory interview with the therapist (pre-hypnotic conversation). If you hear a suggestion that you do not agree with or do not understand, your subconscious mind will simply ignore it.<\/p>\n<p>That is why we cannot change patterns as successfully with a smoker who wants to quit because of criticism from those around him, and not because of himself, as with someone who is motivated for his own sake.<\/p>\r\n\r\n\r\n\r\n                   <\/div>\r\n\r\n\r\n\r\n                <\/li><style>.mh_accordion69dfdbac2c059.accordion-header::before {  } .mh_accordion69dfdbac2c059.accordion-header h5{ } #mhp_accordion69dfdbac2c059.accordion-content p{ }<\/style>  \r\n\r\n\r\n\r\n                <li>\r\n\r\n\r\n\r\n                   <div class=\"accordion-header mh_accordion69dfdbac2c059\" >\r\n\r\n\r\n\r\n                       <h5 class=\"gap-0 mb-0\">Myth no. 12 - When I am in hypnosis, I will lose the sense of everything that is happening around me and I will not remember anything<\/h5>\r\n\r\n\r\n\r\n                   <\/div>\r\n\r\n\r\n\r\n                   <div class=\"accordion-content\" id=\"mhp_accordion69dfdbac2c059\">\r\n\r\n\r\n\r\n                       <p>Hypnosis is not a state of unconscious sleep, but a state of heightened concentration. In fact, in hypnosis we hear, feel, think better... and we are so focused on internal events that we are not too interested in external events. Being in hypnosis is mostly so pleasant that people don&#039;t want to &quot;get out&quot; (yet), but they would immediately open their eyes and break the hypnosis if something urgent happened in their surroundings.<\/p>\r\n\r\n\r\n\r\n                   <\/div>\r\n\r\n\r\n\r\n                <\/li><style>.mh_accordion69dfdbac2c077.accordion-header::before {  } .mh_accordion69dfdbac2c077.accordion-header h5{ } #mhp_accordion69dfdbac2c077.accordion-content p{ }<\/style>  \r\n\r\n\r\n\r\n                <li>\r\n\r\n\r\n\r\n                   <div class=\"accordion-header mh_accordion69dfdbac2c077\" >\r\n\r\n\r\n\r\n                       <h5 class=\"gap-0 mb-0\">Myth no. 13 - I cannot be hypnotized because my mind is too strong and disciplined<\/h5>\r\n\r\n\r\n\r\n                   <\/div>\r\n\r\n\r\n\r\n                   <div class=\"accordion-content\" id=\"mhp_accordion69dfdbac2c077\">\r\n\r\n\r\n\r\n                       <p>On the contrary, the stronger the will, the deeper you can go into the hypnotic state.<\/p>\n<p>Hypnosis is a natural state of learning and concentration and is one that belongs to all of us - both &#039;weak&#039; and &#039;strong&#039; minds. We all experience &quot;daytime hypnosis&quot; during a good movie, driving on a monotonous highway...<\/p>\n<p>Almost anyone can achieve some level of hypnosis, with the possible exception of people with more severe mental disorders or illnesses.<\/p>\r\n\r\n\r\n\r\n                   <\/div>\r\n\r\n\r\n\r\n                <\/li><style>.mh_accordion69dfdbac2c0a1.accordion-header::before {  } .mh_accordion69dfdbac2c0a1.accordion-header h5{ } #mhp_accordion69dfdbac2c0a1.accordion-content p{ }<\/style>  \r\n\r\n\r\n\r\n                <li>\r\n\r\n\r\n\r\n                   <div class=\"accordion-header mh_accordion69dfdbac2c0a1\" >\r\n\r\n\r\n\r\n                       <h5 class=\"gap-0 mb-0\">Myth no. 14 - Hypnosis originates from ``Black Magic&#039;&#039; or is ``Supernatural&#039;&#039;<\/h5>\r\n\r\n\r\n\r\n                   <\/div>\r\n\r\n\r\n\r\n                   <div class=\"accordion-content\" id=\"mhp_accordion69dfdbac2c0a1\">\r\n\r\n\r\n\r\n                       <p>Fact: Hypnosis is a completely natural state that has also been scientifically researched in detail. Hypnotherapists are not psychics or fortune tellers with some ``special powers&#039;&#039;. Hypnotherapy has its foundations in many years of clinical research by well-known psychologists such as Dr. Sigmund Freud, Ph.D. Carl Jung, Ph.D. Milton Erickson, Ph.D. John Kappas and many other doctors, psychologists, psychiatrists...<\/p>\r\n\r\n\r\n\r\n                   <\/div>\r\n\r\n\r\n\r\n                <\/li><\/ul><style> .m_accordion69dfdbac2c0df .accordion-header {     } .m_accordion69dfdbac2c0df.accordion__02 li.active .accordion-header {  }   .m_accordion69dfdbac2c0df.accordion__02 li.active .accordion-header::before {   } .m_accordion69dfdbac2c0df.accordion__02 li.active .accordion-header h5 {  } .m_accordion69dfdbac2c0df .accordion-header::before {   }   .m_accordion69dfdbac2c0df.accordion__03 li:hover .accordion-header h5 { } .m_accordion69dfdbac2c0df.accordion__03 li.active .accordion-header h5 { } .m_accordion69dfdbac2c0df.accordion__03 .active .accordion-header::before {} .accordion__02 li.active .accordion-header::before { color: #fff; }<\/style> \r\r\r\r\n            <\/div> \r\r\r\r\n        <\/div>\r\r\r\r\n    <\/div><\/div>\n<\/div>","protected":false},"excerpt":{"rendered":"Hipnoza ni ni\u010d magi\u010dnega ali nadnaravnega. Genetske raziskave o hipnozi ka\u017eejo, da imamo vrojeno sposobnost za razvijanje transa, nevroznanstvena odkritja pa so zmanj\u0161ala nekatere predsodke in magi\u010dne predstave, saj so o mehanizmih delovanja in u\u010dinkih hipnoze prepri\u010dala tudi mnoge somatsko orientirane terapevte. V Belgiji bodo pod hipnozo kmalu operirali deset tiso\u010dega pacienta. Ve\u010d o hipnotskih [...]","protected":false},"author":2,"featured_media":1722,"parent":0,"menu_order":0,"comment_status":"closed","ping_status":"closed","template":"sidebar-right.php","meta":{"_acf_changed":false,"content-type":"","footnotes":""},"class_list":["post-2134","page","type-page","status-publish","has-post-thumbnail","hentry"],"acf":[],"_links":{"self":[{"href":"https:\/\/integrapija.si\/en\/wp-json\/wp\/v2\/pages\/2134","targetHints":{"allow":["GET"]}}],"collection":[{"href":"https:\/\/integrapija.si\/en\/wp-json\/wp\/v2\/pages"}],"about":[{"href":"https:\/\/integrapija.si\/en\/wp-json\/wp\/v2\/types\/page"}],"author":[{"embeddable":true,"href":"https:\/\/integrapija.si\/en\/wp-json\/wp\/v2\/users\/2"}],"replies":[{"embeddable":true,"href":"https:\/\/integrapija.si\/en\/wp-json\/wp\/v2\/comments?post=2134"}],"version-history":[{"count":0,"href":"https:\/\/integrapija.si\/en\/wp-json\/wp\/v2\/pages\/2134\/revisions"}],"wp:featuredmedia":[{"embeddable":true,"href":"https:\/\/integrapija.si\/en\/wp-json\/"}],"wp:attachment":[{"href":"https:\/\/integrapija.si\/en\/wp-json\/wp\/v2\/media?parent=2134"}],"curies":[{"name":"wp","href":"https:\/\/api.w.org\/{rel}","templated":true}]}}