{"id":2907,"date":"2023-10-11T10:08:08","date_gmt":"2023-10-11T08:08:08","guid":{"rendered":"https:\/\/integrapija.si\/?page_id=2907"},"modified":"2025-07-26T14:24:13","modified_gmt":"2025-07-26T12:24:13","slug":"hipno-instrukcije","status":"publish","type":"page","link":"https:\/\/integrapija.si\/en\/hipno-instrukcije\/","title":{"rendered":"Hypnomath instructions"},"content":{"rendered":"<div class=\"wpb-content-wrapper\"><p><style><\/style><div class=\"vc_row wpb_row vc_row-fluid content-dark data-bg-color-69dfddf9a3c1f row-z-index-69dfddf9a3c1f\" ><style><\/style><div class=\"wpb_column vc_column_container content-dark vc_col-sm-12 column-z-index-69dfddf9a3d6f\"> \r\r\r\r\n        <div class=\"vc_column-inner\"> \r\r\r\r\n            <div class=\"wpb_wrapper\"><div class=\"wpb_text_column wpb_content_element\" >\r\r\r\r\n\t\t<div class=\"wpb_wrapper\">\r\r\r\r\n\t\t\t<h3>Instruction with the addition of hypnosis for more effective learning<\/h3>\n<h4>Instruction for elementary and high school with the addition of hypnosis.<\/h4>\n<p>With us, learning is fun, effective and helps your children reach their full potential.<br \/>\nThe method has no adverse side effects, the technique is adapted to the age of the child.<\/p>\n<blockquote><p>\nOur unique method combines the power of traditional education with hypnosis, enabling your children to better understand and learn material and improve school results.\n<\/p><\/blockquote>\n<h5>How does hypnosis work in education?<\/h5>\n<p>Hypnosis is a natural method that allows learning to become more effective. With the help of hypnosis, we can achieve the following benefits for students:<\/p>\n<ul>\n<li><strong>Increased concentration<\/strong>: Hypnosis helps children improve their ability to concentrate, allowing them to better focus on learning and understanding material.<\/li>\n<li><strong>Eliminating fear and anxiety<\/strong>: Many children experience school anxiety. Hypnosis helps to eliminate these problems, which contributes to greater confidence and success.<\/li>\n<li><strong>Improving memory<\/strong>: Hypnosis can help improve memory, which is crucial for learning and reviewing.<\/li>\n<li><strong>Relaxation and stress reduction<\/strong>: With the help of hypnosis, children learn relaxation techniques that help reduce school stress.<\/li>\n<li><strong>Learning at subtle levels<\/strong>: Hypnosis allows information to be better absorbed at the subtle levels of the mind, which helps in better understanding and long-term knowledge.<\/li>\n<\/ul>\n\r\r\r\r\n\t\t<\/div>\r\r\r\r\n\t<\/div> \r\r\r\r\n            <\/div> \r\r\r\r\n        <\/div>\r\r\r\r\n    <\/div><style><\/style><div class=\"wpb_column vc_column_container content-dark vc_col-sm-12 column-z-index-69dfddf9a41b2\"> \r\r\r\r\n        <div class=\"vc_column-inner\"> \r\r\r\r\n            <div class=\"wpb_wrapper\"><div class=\"wpb_text_column wpb_content_element\" >\r\r\r\r\n\t\t<div class=\"wpb_wrapper\">\r\r\r\r\n\t\t\t<p><strong>Why choose our hypnosis instruction?<\/strong><\/p>\n<ul>\n<li><a href=\"https:\/\/si.linkedin.com\/in\/strukeljstas\" target=\"_blank\" rel=\"noopener\">Rich experience<\/a> and competence to work with children and adolescents.<\/li>\n<li>The individual approach ensures that each student is treated uniquely.<\/li>\n<li><a href=\"https:\/\/integrapija.si\/en\/kaj-je-hipnoza\/\">Hypnosis<\/a> helps to learn more effectively and increase self-confidence.<\/li>\n<li>Our goal is for your children to achieve excellent school results and learn to study more effectively.<\/li>\n<\/ul>\n<p>With us, learning is fun, effective and helps your children reach their full potential. Contact us today to arrange the first step to better learning through hypnosis.<\/p>\n\r\r\r\r\n\t\t<\/div>\r\r\r\r\n\t<\/div><div  class=\"wpb_single_image wpb_content_element vc_align_center\">\r\r\r\r\n\t\t\r\r\r\r\n\t\t<figure class=\"wpb_wrapper vc_figure\">\r\r\r\r\n\t\t\t<div class=\"vc_single_image-wrapper   vc_box_border_grey\"><img loading=\"lazy\" decoding=\"async\" width=\"730\" height=\"487\" src=\"https:\/\/integrapija.si\/wp-content\/uploads\/2023\/10\/hipno_instrukcije2.webp\" class=\"vc_single_image-img attachment-full\" alt=\"hipno_instrukcije2\" title=\"hypno_instructions2\" srcset=\"https:\/\/integrapija.si\/wp-content\/uploads\/2023\/10\/hipno_instrukcije2.webp 730w, https:\/\/integrapija.si\/wp-content\/uploads\/2023\/10\/hipno_instrukcije2-300x200.webp 300w, https:\/\/integrapija.si\/wp-content\/uploads\/2023\/10\/hipno_instrukcije2-600x400.webp 600w\" sizes=\"auto, (max-width: 730px) 100vw, 730px\" \/><\/div>\r\r\r\r\n\t\t<\/figure>\r\r\r\r\n\t<\/div>  \r\r\r\r\n            <\/div> \r\r\r\r\n        <\/div>\r\r\r\r\n    <\/div><\/div><style><\/style><div class=\"vc_row wpb_row vc_row-fluid content-dark data-bg-color-69dfddf9a49f9 row-z-index-69dfddf9a49f9\" ><style><\/style><div class=\"wpb_column vc_column_container content-dark vc_col-sm-12 column-z-index-69dfddf9a4aa1\"> \r\r\r\r\n        <div class=\"vc_column-inner\"> \r\r\r\r\n            <div class=\"wpb_wrapper\"><div class=\"wpb_text_column wpb_content_element\" >\r\r\r\r\n\t\t<div class=\"wpb_wrapper\">\r\r\r\r\n\t\t\t<h4>Have you ever wondered how you could improve your academic performance and achieve better results in school?<\/h4>\n<p>Our &quot;Hypno-Instruction&quot; program is designed to help you get better grades, improve concentration and unlock the potential of your mind.<\/p>\n\r\r\r\r\n\t\t<\/div>\r\r\r\r\n\t<\/div><div class=\"vc_empty_space\"   style=\"height: 32px\"><span class=\"vc_empty_space_inner\"><\/span><\/div><div class=\"vc_row wpb_row vc_inner vc_row-fluid vc_row-o-equal-height vc_row-o-content-middle vc_row-flex\"><div class=\"wpb_column vc_column_container vc_col-sm-6\"><div class=\"vc_column-inner\"><div class=\"wpb_wrapper\"><div  class=\"wpb_single_image wpb_content_element vc_align_center\">\r\r\r\r\n\t\t\r\r\r\r\n\t\t<figure class=\"wpb_wrapper vc_figure\">\r\r\r\r\n\t\t\t<div class=\"vc_single_image-wrapper   vc_box_border_grey\"><img loading=\"lazy\" decoding=\"async\" width=\"350\" height=\"525\" src=\"https:\/\/integrapija.si\/wp-content\/uploads\/2023\/10\/hipno_instrukcije.webp\" class=\"vc_single_image-img attachment-full\" alt=\"hipno_instrukcije\" title=\"hypno_instructions\" srcset=\"https:\/\/integrapija.si\/wp-content\/uploads\/2023\/10\/hipno_instrukcije.webp 350w, https:\/\/integrapija.si\/wp-content\/uploads\/2023\/10\/hipno_instrukcije-200x300.webp 200w\" sizes=\"auto, (max-width: 350px) 100vw, 350px\" \/><\/div>\r\r\r\r\n\t\t<\/figure>\r\r\r\r\n\t<\/div> <\/div><\/div><\/div><div class=\"wpb_column vc_column_container vc_col-sm-6\"><div class=\"vc_column-inner\"><div class=\"wpb_wrapper\"><div class=\"wpb_text_column wpb_content_element\" >\r\r\r\r\n\t\t<div class=\"wpb_wrapper\">\r\r\r\r\n\t\t\t<h4>What can we achieve with hypnosis and instructions?<\/h4>\n<ul>\n<li>Improved learning and memorization of material.<\/li>\n<li>Greater self-confidence and motivation to learn.<\/li>\n<li>Better management of school stress and anxiety.<\/li>\n<li>Effective solving of learning problems.<\/li>\n<li>Developing positive thought patterns and habits. With hypnotic instruction, learning turns into a positive and effective experience.<\/li>\n<\/ul>\n\r\r\r\r\n\t\t<\/div>\r\r\r\r\n\t<\/div><\/div><\/div><\/div><\/div><div class=\"vc_separator wpb_content_element vc_separator_align_center vc_sep_width_100 vc_sep_pos_align_center vc_separator_no_text vc_custom_1606374739848 wpb_content_element  vc_custom_1606374739848 wpb_content_element\" ><span class=\"vc_sep_holder vc_sep_holder_l\"><span style=\"border-color:#eeeeee;\" class=\"vc_sep_line\"><\/span><\/span><span class=\"vc_sep_holder vc_sep_holder_r\"><span style=\"border-color:#eeeeee;\" class=\"vc_sep_line\"><\/span><\/span>\n<\/div><div class=\"wpb_text_column wpb_content_element\" >\r\r\r\r\n\t\t<div class=\"wpb_wrapper\">\r\r\r\r\n\t\t\t<blockquote><p>\nIf you want your child to develop a strong foundation for the future, contact us. Our team of educators and hypnotherapists are here to help support your children on their educational journey.\n<\/p><\/blockquote>\n<p><strong>How Does the Process Work?<\/strong><\/p>\n<ol>\n<li><strong>Individual approach<\/strong>: Our instructors create an individualized curriculum for each student based on their needs and goals.<\/li>\n<li><strong>Relaxation with hypnosis<\/strong>: In collaboration with a hypnotherapist, the student learns relaxation and hypnosis techniques that contribute to better learning.<\/li>\n<li><strong>Learning and understanding the material<\/strong>: Instructors use traditional teaching methods while taking advantage of hypnosis to better understand the material.<\/li>\n<li><strong>Monitoring and progress<\/strong>: We regularly monitor the students&#039; progress and adjust the lesson plans according to the results achieved.<\/li>\n<\/ol>\n\r\r\r\r\n\t\t<\/div>\r\r\r\r\n\t<\/div> \r\r\r\r\n            <\/div> \r\r\r\r\n        <\/div>\r\r\r\r\n    <\/div><\/div><style><\/style><div class=\"vc_row wpb_row vc_row-fluid content-dark data-bg-color-69dfddf9a573d row-z-index-69dfddf9a573d\" ><style> .slcr_custom_pricing_table_css_69dfddf9a58f5 .pricing-header h4 {   }  .slcr_custom_pricing_table_css_69dfddf9a58f5 .pricing-content h3 {   } .slcr_custom_pricing_table_css_69dfddf9a58f5 .pricing-content p {   }<\/style><style><\/style><style><\/style><div class=\"wpb_column vc_column_container content-dark vc_col-sm-12 column-z-index-69dfddf9a57be\"> \r\r\r\r\n        <div class=\"vc_column-inner\"> \r\r\r\r\n            <div class=\"wpb_wrapper\"> \r\r\r\r\n                <div class=\"owl owl-carousel carousel-shortcode\"  data-carousel-loop=\"false\" data-carousel-dots=\"true\" data-carousel-margin=\"30\" data-carousel-autoplay=\"false\" data-carousel-responsiveclass=\"true\" data-carousel-stage-padding=\"0\" data-carousel-ani-i=\"\" data-carousel-ani-o=\"\" data-carousel-animatein=\"\" data-carousel-animateout=\"\" data-carousel-smartspeed=\"850\" data-carousel-items-mob=\"1\" data-carousel-items-tab=\"1\" data-carousel-items-pc=\"1\" data-carousel-nav-mob=\"false\" data-carousel-nav-tab=\"false\" data-carousel-nav-pc=\"false\" data-carousel-dots-mob=\"false\" data-carousel-dots-tab=\"false\" data-carousel-dots-pc=\"false\">\r\r\r\r\n                <div class=\"pricing__06       slcr_custom_pricing_table_css_69dfddf9a58f5\" >\r\r\r\r\n                    <div class=\"pricing-header\">\r\r\r\r\n                      <h4>Hypnotherapy<\/h4>\r\r\r\r\n                    <\/div>\r\r\r\r\n                    <div class=\"pricing-content\">\r\r\r\r\n                      <div class=\"plan-price\">\r\r\r\r\n                        <h3>Individual price<\/h3>\r\r\r\r\n                        <p>unique approach<\/p>\r\r\r\r\n                      <\/div>\r\r\r\r\n                      <div class=\"plan-features\"> \r\r\r\r\n                        \n<ul class=\"plan-list\">\n<li><i class=\"fa fa-check\"><\/i>Individual <strong>specialized<\/strong> program \u2013 in-depth hypnotherapy, tailored to you<\/li>\n<li><i class=\"fa fa-check\"><\/i>Addressing the root causes \u2013 not just the symptoms, but the true root causes.<\/li>\n<li><i class=\"fa fa-check\"><\/i>A unique approach \u2013 complete dedication and personal adaptation for lasting change.<\/li>\n<\/ul>\n\r\r\r\r\n                      <\/div>\r\r\r\r\n                      <div class=\"plan-button\">\r\r\r\r\n                        \r\r\r\r\n                        <a href=\"https:\/\/www.staspirc.com\/rezervirajklic\/\" title=\"Consultation call\" target=\"_blank\" class=\"btn btn--xl font-400 btn--pill  btn--primary   slcr_custom_pricing_table_button_css_69dfddf9a58f5\" rel=\"noopener\"><span>Choose now<\/span><\/a>\r\r\r\r\n                      <\/div>\r\r\r\r\n                    <\/div>\r\r\r\r\n                <\/div>      \r\r\r\r\n               \r\r\r\r\n                <\/div> \r\r\r\r\n            <\/div> \r\r\r\r\n        <\/div>\r\r\r\r\n    <\/div><\/div>\n<\/div>","protected":false},"excerpt":{"rendered":"In\u0161trukcije z dodatkom hipnoze za u\u010dinkovitej\u0161e u\u010denje In\u0161trukcije za osnovno in srednjo \u0161olo z dodatkom hipnoze. Z nami je u\u010denje zabavno, u\u010dinkovito in pomaga va\u0161im otrokom dose\u010di svoj polni potencial. Metoda nima neugodnih stranskih u\u010dinkov, tehnika je prilagojena starosti otroka. Na\u0161a edinstvena metoda zdru\u017euje mo\u010d tradicionalnega izobra\u017eevanja s hipnozo, kar omogo\u010da va\u0161im otrokom bolj\u0161e razumevanje [...]","protected":false},"author":1,"featured_media":2912,"parent":0,"menu_order":0,"comment_status":"closed","ping_status":"closed","template":"sidebar-right.php","meta":{"_acf_changed":false,"content-type":"","footnotes":""},"class_list":["post-2907","page","type-page","status-publish","has-post-thumbnail","hentry"],"acf":[],"_links":{"self":[{"href":"https:\/\/integrapija.si\/en\/wp-json\/wp\/v2\/pages\/2907","targetHints":{"allow":["GET"]}}],"collection":[{"href":"https:\/\/integrapija.si\/en\/wp-json\/wp\/v2\/pages"}],"about":[{"href":"https:\/\/integrapija.si\/en\/wp-json\/wp\/v2\/types\/page"}],"author":[{"embeddable":true,"href":"https:\/\/integrapija.si\/en\/wp-json\/wp\/v2\/users\/1"}],"replies":[{"embeddable":true,"href":"https:\/\/integrapija.si\/en\/wp-json\/wp\/v2\/comments?post=2907"}],"version-history":[{"count":2,"href":"https:\/\/integrapija.si\/en\/wp-json\/wp\/v2\/pages\/2907\/revisions"}],"predecessor-version":[{"id":4263,"href":"https:\/\/integrapija.si\/en\/wp-json\/wp\/v2\/pages\/2907\/revisions\/4263"}],"wp:featuredmedia":[{"embeddable":true,"href":"https:\/\/integrapija.si\/en\/wp-json\/wp\/v2\/media\/2912"}],"wp:attachment":[{"href":"https:\/\/integrapija.si\/en\/wp-json\/wp\/v2\/media?parent=2907"}],"curies":[{"name":"wp","href":"https:\/\/api.w.org\/{rel}","templated":true}]}}