{"id":3163,"date":"2024-02-23T22:41:14","date_gmt":"2024-02-23T21:41:14","guid":{"rendered":"https:\/\/integrapija.si\/?page_id=3163"},"modified":"2024-02-23T23:25:32","modified_gmt":"2024-02-23T22:25:32","slug":"onlinetermin","status":"publish","type":"page","link":"https:\/\/integrapija.si\/en\/onlinetermin\/","title":{"rendered":"Online appointment"},"content":{"rendered":"<div class=\"wpb-content-wrapper\"><p><style><\/style><div id=\"termin\" class=\"vc_row wpb_row vc_row-fluid content-dark data-bg-color-69e21789d76bd vc_custom_1707488262455 vc_row-has-fill row-z-index-69e21789d76bd\" ><style><\/style><div class=\"wpb_column vc_column_container content-dark vc_col-sm-12 vc_col-has-fill column-z-index-69e21789d7abf\"> \r\r\r\r\n        <div class=\"vc_column-inner vc_custom_1707485872473\"> \r\r\r\r\n            <div class=\"wpb_wrapper\"><div class=\"wpb_text_column wpb_content_element\" >\r\r\r\r\n\t\t<div class=\"wpb_wrapper\">\r\r\r\r\n\t\t\t<h3 style=\"text-align: center;\">Select the desired <strong>online<\/strong> term.<\/h3>\n<h4 style=\"text-align: center;\">Payment can be made before or after booking. If it is the first meeting, the appointment is valid when you receive an email with information about the first meeting.<\/h4>\n\r\r\r\r\n\t\t<\/div>\r\r\r\r\n\t<\/div>\n\t<div class=\"wpb_raw_code wpb_raw_html wpb_content_element\" >\n\t\t<div class=\"wpb_wrapper\">\n\t\t\t<!-- Start of Meetings Embed Script -->\n    <div class=\"meetings-iframe-container\" data-src=\"https:\/\/meetings-eu1.hubspot.com\/online-rezervacije?embed=true\"><\/div>\n    <script type=\"text\/javascript\" src=\"https:\/\/static.hsappstatic.net\/MeetingsEmbed\/ex\/MeetingsEmbedCode.js\"><\/script>\n  <!-- End of Meetings Embed Script -->\n\t\t<\/div>\n\t<\/div>\n \r\r\r\r\n            <\/div> \r\r\r\r\n        <\/div>\r\r\r\r\n    <\/div><\/div>\n<\/div>","protected":false},"excerpt":{"rendered":"Izberite \u017eeljeni online termin. Pla\u010dilo lahko opravite pred ali po rezervaciji. V primeru da gre za prvo sre\u010danje, termin velja ko prejmete e-po\u0161to z informacijami o prvem sre\u010danju.","protected":false},"author":1,"featured_media":0,"parent":0,"menu_order":0,"comment_status":"closed","ping_status":"closed","template":"","meta":{"_acf_changed":false,"content-type":"","footnotes":""},"class_list":["post-3163","page","type-page","status-publish","hentry"],"acf":[],"_links":{"self":[{"href":"https:\/\/integrapija.si\/en\/wp-json\/wp\/v2\/pages\/3163","targetHints":{"allow":["GET"]}}],"collection":[{"href":"https:\/\/integrapija.si\/en\/wp-json\/wp\/v2\/pages"}],"about":[{"href":"https:\/\/integrapija.si\/en\/wp-json\/wp\/v2\/types\/page"}],"author":[{"embeddable":true,"href":"https:\/\/integrapija.si\/en\/wp-json\/wp\/v2\/users\/1"}],"replies":[{"embeddable":true,"href":"https:\/\/integrapija.si\/en\/wp-json\/wp\/v2\/comments?post=3163"}],"version-history":[{"count":2,"href":"https:\/\/integrapija.si\/en\/wp-json\/wp\/v2\/pages\/3163\/revisions"}],"predecessor-version":[{"id":3177,"href":"https:\/\/integrapija.si\/en\/wp-json\/wp\/v2\/pages\/3163\/revisions\/3177"}],"wp:attachment":[{"href":"https:\/\/integrapija.si\/en\/wp-json\/wp\/v2\/media?parent=3163"}],"curies":[{"name":"wp","href":"https:\/\/api.w.org\/{rel}","templated":true}]}}