{"id":3319,"date":"2024-03-28T11:31:50","date_gmt":"2024-03-28T10:31:50","guid":{"rendered":"https:\/\/integrapija.si\/?page_id=3319"},"modified":"2025-07-26T15:00:42","modified_gmt":"2025-07-26T13:00:42","slug":"hipnoterapija","status":"publish","type":"page","link":"https:\/\/integrapija.si\/en\/hipnoterapija\/","title":{"rendered":"Hypnotherapy"},"content":{"rendered":"<div class=\"wpb-content-wrapper\"><p><style><\/style><div class=\"vc_row wpb_row vc_row-fluid content-dark data-bg-color-69d724d81232b row-z-index-69d724d81232b\" ><style><\/style><div class=\"wpb_column vc_column_container content-dark vc_col-sm-12 column-z-index-69d724d812442\"> \r\r\r\r\n        <div class=\"vc_column-inner\"> \r\r\r\r\n            <div class=\"wpb_wrapper\"><div class=\"wpb_text_column wpb_content_element\" >\r\r\r\r\n\t\t<div class=\"wpb_wrapper\">\r\r\r\r\n\t\t\t<h2><strong>Hypnotherapy<\/strong> combines hypnosis and psychotherapy.<\/h2>\n<h3>Hypnotherapy focuses on using hypnosis as a means to achieve therapeutic goals such as <strong>stress reduction<\/strong>, eliminating bad habits, <strong>overcoming phobias<\/strong> or <strong>improving self-esteem<\/strong>.<\/h3>\n<h4>In this process, the therapist acts as a guide who directs the individual through the process, where he himself discovers and changes deep patterns of thinking and behavior.<\/h4>\n<blockquote>\n<h5>It can be understood as a form of psychotherapy in which the skills of hypnosis are used, which accelerates and deepens the process itself.<\/h5>\n<\/blockquote>\n<h2>Experience and research show that hypnotherapy is effective for treating various psychological and physical problems.<\/h2>\n\r\r\r\r\n\t\t<\/div>\r\r\r\r\n\t<\/div><div class=\"wpb_text_column wpb_content_element\" >\r\r\r\r\n\t\t<div class=\"wpb_wrapper\">\r\r\r\r\n\t\t\t<h3>Hypnotherapy has been proven to be <strong>efficient<\/strong> at:<\/h3>\n<ul>\n<li><strong>Alleviation and elimination of acute and chronic pain<\/strong>, including <strong>pain, stress and discomfort<\/strong> in medical and dental procedures.<\/li>\n<li><strong>Reducing general anxiety<\/strong> and <strong>levels of experiencing stress<\/strong>.<\/li>\n<li><strong>Releasing muscle tension<\/strong> and <strong>eliminates insomnia<\/strong>.<\/li>\n<li><strong>Coping with excess body weight<\/strong>.<\/li>\n<li><strong>Managing psychosomatic problems<\/strong>, such as tension headaches and migraines, asthma, gastrointestinal disorders (e.g. irritable bowel syndrome), and in <strong>relief of various skin diseases<\/strong>.<\/li>\n<\/ul>\n\r\r\r\r\n\t\t<\/div>\r\r\r\r\n\t<\/div><div class=\"wpb_text_column wpb_content_element\" >\r\r\r\r\n\t\t<div class=\"wpb_wrapper\">\r\r\r\r\n\t\t\t<h3>Hypnotherapy is most often used to manage:<\/h3>\n\r\r\r\r\n\t\t<\/div>\r\r\r\r\n\t<\/div> \r\r\r\r\n            <\/div> \r\r\r\r\n        <\/div>\r\r\r\r\n    <\/div><\/div><style><\/style><div class=\"vc_row wpb_row vc_row-fluid content-dark data-bg-color-69d724d8129c8 row-z-index-69d724d8129c8\" ><style><\/style><div class=\"wpb_column vc_column_container content-dark vc_col-sm-6 column-z-index-69d724d812a5d\"> \r\r\r\r\n        <div class=\"vc_column-inner\"> \r\r\r\r\n            <div class=\"wpb_wrapper\"><div class=\"wpb_text_column wpb_content_element\" >\r\r\r\r\n\t\t<div class=\"wpb_wrapper\">\r\r\r\r\n\t\t\t<ul>\n<li><strong>Addictions<\/strong> and addiction management<\/li>\n<li><strong>Anxiety<\/strong> and <strong>stress<\/strong> and improving psychological well-being<\/li>\n<li><strong>Behavioral problems<\/strong>, such as problems managing habits and behavior patterns<\/li>\n<li><strong>Chronic pain<\/strong>, including long-lasting or uncontrollable pain<\/li>\n<li><strong>Fears and phobias<\/strong>, which limit everyday life<\/li>\n<li><strong>Physical conditions<\/strong>, such as irritable bowel syndrome (IBS)<\/li>\n<li><strong>Unwanted habits<\/strong>, addictions and vices that affect the quality of life<\/li>\n<\/ul>\n\r\r\r\r\n\t\t<\/div>\r\r\r\r\n\t<\/div> \r\r\r\r\n            <\/div> \r\r\r\r\n        <\/div>\r\r\r\r\n    <\/div><style><\/style><div class=\"wpb_column vc_column_container content-dark vc_col-sm-6 column-z-index-69d724d812c0a\"> \r\r\r\r\n        <div class=\"vc_column-inner\"> \r\r\r\r\n            <div class=\"wpb_wrapper\"><div class=\"wpb_text_column wpb_content_element\" >\r\r\r\r\n\t\t<div class=\"wpb_wrapper\">\r\r\r\r\n\t\t\t<ul>\n<li><strong>Skin diseases<\/strong> and <strong>migraines<\/strong>, which are difficult to control with conventional methods<\/li>\n<li><strong>Panic attacks<\/strong>, which require effective coping techniques<\/li>\n<li><strong>Bad sleep<\/strong> and insomnia, which affect general health<\/li>\n<li><strong>Lack of self-confidence<\/strong> and problems with <strong>self-image<\/strong><\/li>\n<li><strong>Burnout<\/strong> and <strong>perfectionism<\/strong>, which hinder personal and professional development<\/li>\n<li><strong>Self-esteem issues<\/strong> and bad <strong>self-image<\/strong><\/li>\n<li><strong>Trauma and complex trauma<\/strong>, which require sensitive handling<\/li>\n<\/ul>\n\r\r\r\r\n\t\t<\/div>\r\r\r\r\n\t<\/div> \r\r\r\r\n            <\/div> \r\r\r\r\n        <\/div>\r\r\r\r\n    <\/div><\/div><style><\/style><div class=\"vc_row wpb_row vc_row-fluid content-dark data-bg-color-69d724d812e33 row-z-index-69d724d812e33\" ><style><\/style><div class=\"wpb_column vc_column_container content-dark vc_col-sm-12 column-z-index-69d724d812ed5\"> \r\r\r\r\n        <div class=\"vc_column-inner\"> \r\r\r\r\n            <div class=\"wpb_wrapper\"><div class=\"vc_tta-container\" data-vc-action=\"collapseAll\"> <div class=\"vc_general vc_tta vc_tta-accordion vc_tta-color-white vc_tta-style-modern vc_tta-shape-rounded vc_tta-o-shape-group vc_tta-controls-align-left vc_tta-o-all-clickable\">  <div class=\"vc_tta-panels-container\">          <div class=\"vc_tta-panels\"><div class=\"vc_tta-panel\" id=\"1723562687554-9b9da00a-7275\" data-vc-content=\".vc_tta-panel-body\"><div class=\"vc_tta-panel-heading\"><h4 class=\"vc_tta-panel-title vc_tta-controls-icon-position-left\"><a href=\"#1723562687554-9b9da00a-7275\" data-vc-accordion data-vc-container=\".vc_tta-container\"><span class=\"vc_tta-title-text\">What is the difference between hypnosis, therapeutic hypnosis and hypnotherapy?<\/span><i class=\"vc_tta-controls-icon vc_tta-controls-icon-plus\"><\/i><\/a><\/h4><\/div><div class=\"vc_tta-panel-body\"><div class=\"wpb_text_column wpb_content_element\" >\r\r\r\r\n\t\t<div class=\"wpb_wrapper\">\r\r\r\r\n\t\t\t<p>Hypnosis can be understood as a state in which the ability to respond to ideas or suggestions is increased.<\/p>\n<p>Hypnotherapy combines hypnosis and psychotherapy to help with medical or psychological problems. These are therapeutic procedures that are carried out while the person is in a hypnotic state. In most countries, it is understood as a form of psychotherapy and not as an independent therapeutic approach. This is why some professionals do not use the term hypnotherapy and instead call it therapeutic hypnosis.<\/p>\n\r\r\r\r\n\t\t<\/div>\r\r\r\r\n\t<\/div><\/div><\/div><div class=\"vc_tta-panel\" id=\"1723564887224-72c2541a-64b9\" data-vc-content=\".vc_tta-panel-body\"><div class=\"vc_tta-panel-heading\"><h4 class=\"vc_tta-panel-title vc_tta-controls-icon-position-left\"><a href=\"#1723564887224-72c2541a-64b9\" data-vc-accordion data-vc-container=\".vc_tta-container\"><span class=\"vc_tta-title-text\">Who is a hypnotherapist?<\/span><i class=\"vc_tta-controls-icon vc_tta-controls-icon-plus\"><\/i><\/a><\/h4><\/div><div class=\"vc_tta-panel-body\"><div class=\"wpb_text_column wpb_content_element\" >\r\r\r\r\n\t\t<div class=\"wpb_wrapper\">\r\r\r\r\n\t\t\t<p>A professionally trained hypnotherapist is a psychotherapist, doctor, social worker, psychologist, or other health professional who is additionally trained in hypnosis. Competent and ethical performance of activities requires knowledge of modern psychotherapy and clinical skills. If you are in doubt about the qualifications of a therapist, it is important to check their professional qualifications and license to practice.<\/p>\n\r\r\r\r\n\t\t<\/div>\r\r\r\r\n\t<\/div><\/div><\/div><div class=\"vc_tta-panel\" id=\"1723562644257-b691d0b9-5584\" data-vc-content=\".vc_tta-panel-body\"><div class=\"vc_tta-panel-heading\"><h4 class=\"vc_tta-panel-title vc_tta-controls-icon-position-left\"><a href=\"#1723562644257-b691d0b9-5584\" data-vc-accordion data-vc-container=\".vc_tta-container\"><span class=\"vc_tta-title-text\">Who is not a hypnotherapist?<\/span><i class=\"vc_tta-controls-icon vc_tta-controls-icon-plus\"><\/i><\/a><\/h4><\/div><div class=\"vc_tta-panel-body\"><div class=\"wpb_text_column wpb_content_element\" >\r\r\r\r\n\t\t<div class=\"wpb_wrapper\">\r\r\r\r\n\t\t\t<p>A lay hypnotist is a person who has learned to help someone enter a trance state called hypnosis. They usually do not have accredited training in medicine or mental health. Because a lay hypnotist has no diagnostic skills, he cannot reliably or legally diagnose any medical and\/or psychological problem an individual may have. Additionally, because the lay hypnotist lacks the necessary diagnostic training, he may not know when to refer a client to a doctor or mental health specialist.<\/p>\n\r\r\r\r\n\t\t<\/div>\r\r\r\r\n\t<\/div><\/div><\/div><div class=\"vc_tta-panel\" id=\"1662885262463-e6fcf21e-489d\" data-vc-content=\".vc_tta-panel-body\"><div class=\"vc_tta-panel-heading\"><h4 class=\"vc_tta-panel-title vc_tta-controls-icon-position-left\"><a href=\"#1662885262463-e6fcf21e-489d\" data-vc-accordion data-vc-container=\".vc_tta-container\"><span class=\"vc_tta-title-text\">How can I tell if someone is qualified to perform hypnosis?<\/span><i class=\"vc_tta-controls-icon vc_tta-controls-icon-plus\"><\/i><\/a><\/h4><\/div><div class=\"vc_tta-panel-body\"><div class=\"wpb_text_column wpb_content_element\" >\r\r\r\r\n\t\t<div class=\"wpb_wrapper\">\r\r\r\r\n\t\t\t<p>A general principle in the medical profession is, &quot;If you are not qualified to treat a problem without hypnosis, then you are not qualified to treat it with hypnosis.&quot; Unfortunately, there are few meaningful regulations specific to the practice of hypnosis. Thus, people without academic degrees or proper clinical training can take a short course in hypnosis, usually learning formulaic approaches, and then start offering services as a &quot;hypnotist&quot; or &quot;hypnotherapist&quot;. It&#039;s important to work with someone who is <a href=\"https:\/\/www.klinicnahipnoza.si\/terapevti\" target=\"_blank\" rel=\"noopener\">well qualified and authorized<\/a>, with a health professional (doctor, social worker, psychologist, psychotherapist) who uses hypnosis in their work, and not with someone who is just a hypnotist.<\/p>\n\r\r\r\r\n\t\t<\/div>\r\r\r\r\n\t<\/div><\/div><\/div><div class=\"vc_tta-panel\" id=\"1662885262430-16b1a4ae-2ad8\" data-vc-content=\".vc_tta-panel-body\"><div class=\"vc_tta-panel-heading\"><h4 class=\"vc_tta-panel-title vc_tta-controls-icon-position-left\"><a href=\"#1662885262430-16b1a4ae-2ad8\" data-vc-accordion data-vc-container=\".vc_tta-container\"><span class=\"vc_tta-title-text\">What procedures are performed in hypnotherapy?<\/span><i class=\"vc_tta-controls-icon vc_tta-controls-icon-plus\"><\/i><\/a><\/h4><\/div><div class=\"vc_tta-panel-body\"><div class=\"wpb_text_column wpb_content_element\" >\r\r\r\r\n\t\t<div class=\"wpb_wrapper\">\r\r\r\r\n\t\t\t<p>Different types of hypnosis practitioners will use different hypnosis techniques, delivery styles, and therapeutic procedures and approaches based on their background, training, clients, and practice environment.<\/p>\n\r\r\r\r\n\t\t<\/div>\r\r\r\r\n\t<\/div><\/div><\/div><div class=\"vc_tta-panel\" id=\"1711622136345-c69a6ac0-4644\" data-vc-content=\".vc_tta-panel-body\"><div class=\"vc_tta-panel-heading\"><h4 class=\"vc_tta-panel-title vc_tta-controls-icon-position-left\"><a href=\"#1711622136345-c69a6ac0-4644\" data-vc-accordion data-vc-container=\".vc_tta-container\"><span class=\"vc_tta-title-text\">Is hypnosis itself curative?<\/span><i class=\"vc_tta-controls-icon vc_tta-controls-icon-plus\"><\/i><\/a><\/h4><\/div><div class=\"vc_tta-panel-body\"><div class=\"wpb_text_column wpb_content_element\" >\r\r\r\r\n\t\t<div class=\"wpb_wrapper\">\r\r\r\r\n\t\t\t<p>In itself, hypnosis as a process has no intrinsic therapeutic or beneficial value, but it does have a naturally relaxed physiological state, ie. the state of parasympathetic response produced by some types of relaxation hypnosis has intrinsic therapeutic and beneficial value in itself (similar to some meditative practices).<\/p>\n\r\r\r\r\n\t\t<\/div>\r\r\r\r\n\t<\/div><\/div><\/div><div class=\"vc_tta-panel\" id=\"1711623845213-8831e05e-bc0e\" data-vc-content=\".vc_tta-panel-body\"><div class=\"vc_tta-panel-heading\"><h4 class=\"vc_tta-panel-title vc_tta-controls-icon-position-left\"><a href=\"#1711623845213-8831e05e-bc0e\" data-vc-accordion data-vc-container=\".vc_tta-container\"><span class=\"vc_tta-title-text\">Is hypnosis dangerous or does it have negative side effects?<\/span><i class=\"vc_tta-controls-icon vc_tta-controls-icon-plus\"><\/i><\/a><\/h4><\/div><div class=\"vc_tta-panel-body\"><div class=\"wpb_text_column wpb_content_element\" >\r\r\r\r\n\t\t<div class=\"wpb_wrapper\">\r\r\r\r\n\t\t\t<p>No, hypnosis itself is not dangerous. On the contrary, it is a relaxing and invigorating experience. However, like any tool, be it a hammer or medicine, it can be used incorrectly, which can have negative consequences. How? The first lesson you learn when studying hypnosis is that &quot;whatever you focus on, you strengthen&quot;. So can a well-intentioned but uneducated doctor make you focus on things that are unimportant or even upsetting? Yes. Therefore, it is important to choose your therapist carefully and to be aware that you can reject any suggestion that you do not find helpful. You are in control!<\/p>\n\r\r\r\r\n\t\t<\/div>\r\r\r\r\n\t<\/div><\/div><\/div><div class=\"vc_tta-panel\" id=\"1711623866084-3471d150-5fa7\" data-vc-content=\".vc_tta-panel-body\"><div class=\"vc_tta-panel-heading\"><h4 class=\"vc_tta-panel-title vc_tta-controls-icon-position-left\"><a href=\"#1711623866084-3471d150-5fa7\" data-vc-accordion data-vc-container=\".vc_tta-container\"><span class=\"vc_tta-title-text\">Are hypnosis apps or other pre-recorded sessions effective?<\/span><i class=\"vc_tta-controls-icon vc_tta-controls-icon-plus\"><\/i><\/a><\/h4><\/div><div class=\"vc_tta-panel-body\"><div class=\"wpb_text_column wpb_content_element\" >\r\r\r\r\n\t\t<div class=\"wpb_wrapper\">\r\r\r\r\n\t\t\t<p>Although personal approaches to applied hypnosis are generally more effective than impersonal approaches of recorded sessions, the value of recorded sessions is still high. Often used as a supplement to personal therapy, these sessions provide important opportunities to stay focused on your goals and actively do things that will help you achieve them.<\/p>\n\r\r\r\r\n\t\t<\/div>\r\r\r\r\n\t<\/div><\/div><\/div><div class=\"vc_tta-panel\" id=\"1711627512229-e3117449-3067\" data-vc-content=\".vc_tta-panel-body\"><div class=\"vc_tta-panel-heading\"><h4 class=\"vc_tta-panel-title vc_tta-controls-icon-position-left\"><a href=\"#1711627512229-e3117449-3067\" data-vc-accordion data-vc-container=\".vc_tta-container\"><span class=\"vc_tta-title-text\">Is hypnosis good for uncovering buried traumatic memories?<\/span><i class=\"vc_tta-controls-icon vc_tta-controls-icon-plus\"><\/i><\/a><\/h4><\/div><div class=\"vc_tta-panel-body\"><div class=\"wpb_text_column wpb_content_element\" >\r\r\r\r\n\t\t<div class=\"wpb_wrapper\">\r\r\r\r\n\t\t\t<p>No. Hypnosis is not a reliable tool for enhancing or restoring memory, as the entire mental health profession learned the hard way during the years of the so-called &quot;memory wars,&quot; when therapists treated almost all symptoms as evidence of hidden memories of childhood abuse. Memory is a subjective process that can be intentionally or unintentionally distorted by persuasive suggestion. You don&#039;t need to be under hypnosis for this, as this is simply a vulnerability of human memory in general. Misinformation presented by someone credible, who has no apparent motive to deceive, can lead people to believe that things have happened to them that never actually happened to them. This can even happen in an extreme form, when memories of &quot;past lives&quot; are restored, which may seem real, but are clearly the product of suggestions that people who are inclined to believe in them accept without criticism.<\/p>\n\r\r\r\r\n\t\t<\/div>\r\r\r\r\n\t<\/div><\/div><\/div><div class=\"vc_tta-panel\" id=\"1711627520135-1bb395ca-ffe0\" data-vc-content=\".vc_tta-panel-body\"><div class=\"vc_tta-panel-heading\"><h4 class=\"vc_tta-panel-title vc_tta-controls-icon-position-left\"><a href=\"#1711627520135-1bb395ca-ffe0\" data-vc-accordion data-vc-container=\".vc_tta-container\"><span class=\"vc_tta-title-text\">How long do the effects of suggestions in hypnosis last?<\/span><i class=\"vc_tta-controls-icon vc_tta-controls-icon-plus\"><\/i><\/a><\/h4><\/div><div class=\"vc_tta-panel-body\"><div class=\"wpb_text_column wpb_content_element\" >\r\r\r\r\n\t\t<div class=\"wpb_wrapper\">\r\r\r\r\n\t\t\t<p>I have a very simple answer to this question in the form of an opposite question: How long does a really good idea last?<\/p>\n\r\r\r\r\n\t\t<\/div>\r\r\r\r\n\t<\/div><\/div><\/div><div class=\"vc_tta-panel\" id=\"1711627533922-5c552e90-b330\" data-vc-content=\".vc_tta-panel-body\"><div class=\"vc_tta-panel-heading\"><h4 class=\"vc_tta-panel-title vc_tta-controls-icon-position-left\"><a href=\"#1711627533922-5c552e90-b330\" data-vc-accordion data-vc-container=\".vc_tta-container\"><span class=\"vc_tta-title-text\">Is it possible to hypnotize someone (perhaps me)?<\/span><i class=\"vc_tta-controls-icon vc_tta-controls-icon-plus\"><\/i><\/a><\/h4><\/div><div class=\"vc_tta-panel-body\"><div class=\"wpb_text_column wpb_content_element\" >\r\r\r\r\n\t\t<div class=\"wpb_wrapper\">\r\r\r\r\n\t\t\t<p>The answer is a resounding no! This sad but persistent myth stems from the fact that most people encounter hypnosis recreationally rather than in a clinical setting. Stage hypnotists and television and film scriptwriters portray hypnosis as a form of &quot;mind control,&quot; and that&#039;s how it may appear to the untrained eye. If there was a type of people called \u201chypnotists\u201d who could control people, the world would be completely different. No, you do not lose control of yourself in hypnosis. If that were the case, it wouldn&#039;t be of much interest to clinicians like me, because no one ever seeks help by saying, &quot;Please help me lose control of myself.&quot; What appeals to me about hypnosis is the way hypnosis consistently empowers people.<\/p>\n\r\r\r\r\n\t\t<\/div>\r\r\r\r\n\t<\/div><\/div><\/div>         <\/div>  <\/div>  <\/div> <\/div><div class=\"vc_separator wpb_content_element vc_separator_align_center vc_sep_width_100 vc_sep_pos_align_center vc_separator_no_text vc_custom_1606374141624 wpb_content_element  vc_custom_1606374141624 wpb_content_element\" ><span class=\"vc_sep_holder vc_sep_holder_l\"><span style=\"border-color:#eeeeee;\" class=\"vc_sep_line\"><\/span><\/span><span class=\"vc_sep_holder vc_sep_holder_r\"><span style=\"border-color:#eeeeee;\" class=\"vc_sep_line\"><\/span><\/span>\n<\/div> \r\r\r\r\n            <\/div> \r\r\r\r\n        <\/div>\r\r\r\r\n    <\/div><\/div><style><\/style><div class=\"vc_row wpb_row vc_row-fluid content-dark data-bg-color-69d724d81427d row-z-index-69d724d81427d\" ><style> .slcr_custom_pricing_table_css_69d724d81441a .pricing-header h4 {   }  .slcr_custom_pricing_table_css_69d724d81441a .pricing-content h3 {   } .slcr_custom_pricing_table_css_69d724d81441a .pricing-content p {   }<\/style><style><\/style><style><\/style><div class=\"wpb_column vc_column_container content-dark vc_col-sm-12 column-z-index-69d724d8142fc\"> \r\r\r\r\n        <div class=\"vc_column-inner\"> \r\r\r\r\n            <div class=\"wpb_wrapper\"> \r\r\r\r\n                <div class=\"owl owl-carousel carousel-shortcode\"  data-carousel-loop=\"false\" data-carousel-dots=\"true\" data-carousel-margin=\"30\" data-carousel-autoplay=\"false\" data-carousel-responsiveclass=\"true\" data-carousel-stage-padding=\"0\" data-carousel-ani-i=\"\" data-carousel-ani-o=\"\" data-carousel-animatein=\"\" data-carousel-animateout=\"\" data-carousel-smartspeed=\"850\" data-carousel-items-mob=\"1\" data-carousel-items-tab=\"1\" data-carousel-items-pc=\"1\" data-carousel-nav-mob=\"false\" data-carousel-nav-tab=\"false\" data-carousel-nav-pc=\"false\" data-carousel-dots-mob=\"false\" data-carousel-dots-tab=\"false\" data-carousel-dots-pc=\"false\">\r\r\r\r\n                <div class=\"pricing__06 featured     slcr_custom_pricing_table_css_69d724d81441a\" >\r\r\r\r\n                    <div class=\"pricing-header\">\r\r\r\r\n                      <h4>Individual program<\/h4>\r\r\r\r\n                    <\/div>\r\r\r\r\n                    <div class=\"pricing-content\">\r\r\r\r\n                      <div class=\"plan-price\">\r\r\r\r\n                        <h3>Hypnotherapy<\/h3>\r\r\r\r\n                        <p>unique approach<\/p>\r\r\r\r\n                      <\/div>\r\r\r\r\n                      <div class=\"plan-features\"> \r\r\r\r\n                        \n<ul class=\"plan-list\">\n<li><i class=\"fa fa-check\"><\/i>Individual <strong>specialized<\/strong> program \u2013 in-depth hypnotherapy, tailored to you<\/li>\n<li><i class=\"fa fa-check\"><\/i>Addressing the root causes \u2013 not just the symptoms, but the true root causes.<\/li>\n<li><i class=\"fa fa-check\"><\/i>A unique approach \u2013 complete dedication and personal adaptation for lasting change.<\/li>\n<\/ul>\n\r\r\r\r\n                      <\/div>\r\r\r\r\n                      <div class=\"plan-button\">\r\r\r\r\n                        \r\r\r\r\n                        <a href=\"https:\/\/www.staspirc.com\/rezervirajklic\/\" title=\"Consultation call\" target=\"_blank\" class=\"btn btn--xl font-400 btn--pill  btn--primary   slcr_custom_pricing_table_button_css_69d724d81441a\" rel=\"noopener\"><span>Consultation call<\/span><\/a>\r\r\r\r\n                      <\/div>\r\r\r\r\n                    <\/div>\r\r\r\r\n                <\/div>      \r\r\r\r\n               \r\r\r\r\n                <\/div> \r\r\r\r\n            <\/div> \r\r\r\r\n        <\/div>\r\r\r\r\n    <\/div><\/div><style><\/style><div class=\"vc_row wpb_row vc_row-fluid content-dark data-bg-color-69d724d81464b row-z-index-69d724d81464b\" ><style><\/style><div class=\"wpb_column vc_column_container content-dark vc_col-sm-12 column-z-index-69d724d8146c8\"> \r\r\r\r\n        <div class=\"vc_column-inner\"> \r\r\r\r\n            <div class=\"wpb_wrapper\"><div class=\"vc_separator wpb_content_element vc_separator_align_center vc_sep_width_100 vc_sep_pos_align_center vc_separator_no_text vc_custom_1606374739848 wpb_content_element  vc_custom_1606374739848 wpb_content_element\" ><span class=\"vc_sep_holder vc_sep_holder_l\"><span style=\"border-color:#eeeeee;\" class=\"vc_sep_line\"><\/span><\/span><span class=\"vc_sep_holder vc_sep_holder_r\"><span style=\"border-color:#eeeeee;\" class=\"vc_sep_line\"><\/span><\/span>\n<\/div><div class=\"wpb_text_column wpb_content_element\" >\r\r\r\r\n\t\t<div class=\"wpb_wrapper\">\r\r\r\r\n\t\t\t<h3>If hypnotherapy is so great, why isn&#039;t everyone using it?<\/h3>\n<p>For hypnosis professionals who are aware of the value of this tool, there is no more complicated question. Some of the obstacles to wider recognition and acceptance are well known:<\/p>\n<ol>\n<li>outdated, <a href=\"https:\/\/integrapija.si\/en\/miti-o-hipnozi\/\" target=\"_blank\" rel=\"noopener\">on myths<\/a> underlying views of hypnosis that discourage people from learning about hypnosis;<\/li>\n<li>the often arbitrary opinion of clinicians that common human problems (such as anxiety and depression) are \u201cdiseases\u201d to be treated biologically;<\/li>\n<li>lack of exposure to hypnosis during clinical training to learn about its strong empirical basis or therapeutic merit.<\/li>\n<\/ol>\n\r\r\r\r\n\t\t<\/div>\r\r\r\r\n\t<\/div> \r\r\r\r\n            <\/div> \r\r\r\r\n        <\/div>\r\r\r\r\n    <\/div><\/div>\n<\/div>","protected":false},"excerpt":{"rendered":"Hipnoterapija zdru\u017euje hipnozo in psihoterapijo. Hipnoterapija se osredoto\u010da na uporabo hipnoze kot sredstva za doseganje terapevtskih ciljev, kot so zmanj\u0161anje stresa, odpravljanje slabih navad, premagovanje fobij ali izbolj\u0161anje samopodobe. Terapevt v tem procesu deluje kot vodnik, ki posameznika usmerja skozi proces, kjer ta sam odkriva in spreminja globoke vzorce mi\u0161ljenja in vedenja. Lahko jo razumemo [...]","protected":false},"author":1,"featured_media":3368,"parent":0,"menu_order":0,"comment_status":"closed","ping_status":"closed","template":"sidebar-right.php","meta":{"_acf_changed":false,"content-type":"","footnotes":""},"class_list":["post-3319","page","type-page","status-publish","has-post-thumbnail","hentry"],"acf":[],"_links":{"self":[{"href":"https:\/\/integrapija.si\/en\/wp-json\/wp\/v2\/pages\/3319","targetHints":{"allow":["GET"]}}],"collection":[{"href":"https:\/\/integrapija.si\/en\/wp-json\/wp\/v2\/pages"}],"about":[{"href":"https:\/\/integrapija.si\/en\/wp-json\/wp\/v2\/types\/page"}],"author":[{"embeddable":true,"href":"https:\/\/integrapija.si\/en\/wp-json\/wp\/v2\/users\/1"}],"replies":[{"embeddable":true,"href":"https:\/\/integrapija.si\/en\/wp-json\/wp\/v2\/comments?post=3319"}],"version-history":[{"count":2,"href":"https:\/\/integrapija.si\/en\/wp-json\/wp\/v2\/pages\/3319\/revisions"}],"predecessor-version":[{"id":4279,"href":"https:\/\/integrapija.si\/en\/wp-json\/wp\/v2\/pages\/3319\/revisions\/4279"}],"wp:featuredmedia":[{"embeddable":true,"href":"https:\/\/integrapija.si\/en\/wp-json\/wp\/v2\/media\/3368"}],"wp:attachment":[{"href":"https:\/\/integrapija.si\/en\/wp-json\/wp\/v2\/media?parent=3319"}],"curies":[{"name":"wp","href":"https:\/\/api.w.org\/{rel}","templated":true}]}}