{"id":3430,"date":"2024-05-06T13:27:52","date_gmt":"2024-05-06T11:27:52","guid":{"rendered":"https:\/\/integrapija.si\/?page_id=3430"},"modified":"2026-01-12T22:12:14","modified_gmt":"2026-01-12T21:12:14","slug":"psihoterapija","status":"publish","type":"page","link":"https:\/\/integrapija.si\/en\/psihoterapija\/","title":{"rendered":"Psychotherapy"},"content":{"rendered":"<div class=\"wpb-content-wrapper\"><p><style><\/style><div class=\"vc_row wpb_row vc_row-fluid content-dark data-bg-color-69dfdbd153fff row-z-index-69dfdbd153fff\" ><style><\/style><div class=\"wpb_column vc_column_container content-dark vc_col-sm-12 column-z-index-69dfdbd15413b\"> \r\r\r\r\n        <div class=\"vc_column-inner\"> \r\r\r\r\n            <div class=\"wpb_wrapper\"><div class=\"wpb_text_column wpb_content_element\" >\r\r\r\r\n\t\t<div class=\"wpb_wrapper\">\r\r\r\r\n\t\t\t<h3>Are you dealing with stress, anxiety, depression, trauma, relationship problems, or other life challenges?<\/h3>\n<h4>Do you feel inside that it&#039;s time to find your way to more peace, strength, and inner balance?<\/h4>\n\r\r\r\r\n\t\t<\/div>\r\r\r\r\n\t<\/div><div class=\"wpb_text_column wpb_content_element\" >\r\r\r\r\n\t\t<div class=\"wpb_wrapper\">\r\r\r\r\n\t\t\t<blockquote>\n<h4>Psychotherapy is intended <em>to everyone who feels they need support<\/em> in overcoming life&#039;s challenges or wanting to improve their quality of life.<\/h4>\n<p>&nbsp;\n<\/p><\/blockquote>\n<h3><strong>What is integrative psychotherapy?<\/strong><\/h3>\n<p>It is about <strong>holistic approach<\/strong>, where we explore your emotions, thoughts and behavior patterns together. In my work, I combine knowledge from <strong>mindfulness, hypnosis and hypnotherapy<\/strong>.<\/p>\n<p>On <em>a safe and compassionate way<\/em> We discover what is stopping you from truly living your life \u2014 the way you want and need it. In the process, you begin to better understand the meaning of your experiences and build a bridge between the past and the present.<\/p>\n<p>Integrative psychotherapy is based on <strong>compassion, mindfulness<\/strong> and deep tuning in to your true needs. It allows you to resolve internal conflicts, strengthen your connection with yourself, and create <strong>solid foundations for better relationships and overall well-being<\/strong>.<\/p>\n<blockquote>\n<h5>In a safe, trusting, and accepting environment, you will be able to explore your thoughts, emotions, behaviors, and unconscious patterns that shape your life.<\/h5>\n<\/blockquote>\n<h3><\/h3>\n<p>&nbsp;<\/p>\n<h3><strong>Who is it for?<\/strong><\/h3>\n<p>Are you wondering why things aren&#039;t going the way you want them to?<br \/>\nOr do you feel like you&#039;re stuck in the same patterns over and over again?<\/p>\n<blockquote>\n<h5><em>Integrative psychotherapy<\/em> It helps you understand what&#039;s holding you back and gives you the tools to start living a freer, fuller, and more fulfilled life.<\/h5>\n<\/blockquote>\n<p>The reasons for visiting can be different \u2014 for example:<\/p>\n<ul>\n<li><strong>feelings of sadness, emptiness, or anxiety,<\/strong><\/li>\n<li><strong>stress and burnout,<\/strong><\/li>\n<li><strong>relationship problems,<\/strong><\/li>\n<li><strong>lack of self-confidence,<\/strong><\/li>\n<li><strong>problems expressing emotions,<\/strong><\/li>\n<li><strong>distress due to traumatic events.<\/strong><\/li>\n<\/ul>\n<p>Maybe you are burdened by the past and don&#039;t know how to move forward?<\/p>\n<p><em>Psychotherapy offers you the tools and support to effectively deal with challenges and helps you better understand yourself, your needs, and your life path.<\/em><\/p>\n\r\r\r\r\n\t\t<\/div>\r\r\r\r\n\t<\/div><div class=\"wpb_text_column wpb_content_element\" >\r\r\r\r\n\t\t<div class=\"wpb_wrapper\">\r\r\r\r\n\t\t\t<h3><strong>How can I help you?<\/strong><\/h3>\n<p>Everyone needs a safe space where they can express themselves exactly as they are \u2013 <em>without fear of criticism or judgment<\/em>I am here to listen and support you in finding your path.<\/p>\n<p><strong>You might want to:<\/strong><\/p>\n<ul>\n<li><strong>understand and accept yourself,<\/strong><\/li>\n<li><strong>improve relationships with others,<\/strong><\/li>\n<li><strong>find inner peace,<\/strong><\/li>\n<li><strong>or simply take a step towards becoming a better version of yourself.<\/strong><\/li>\n<\/ul>\n<p>Whatever your goal, together we will explore what helps you the most. <strong>Therapy offers you support<\/strong> when facing challenges such as: <em>stress, <\/em><em>anxiety, <\/em><em>depression, <\/em><em>trauma, <\/em><em>relationship problems, <\/em><em>or other life hardships.<\/em><\/p>\n<p>I will guide you through the process. <strong>safe, confidential and honest research<\/strong> your inner worlds. Recognizing unconscious patterns and resolving the roots of problems will allow you to live a more free and fulfilled life.<\/p>\n\r\r\r\r\n\t\t<\/div>\r\r\r\r\n\t<\/div><div  class=\"wpb_single_image wpb_content_element vc_align_center\">\r\r\r\r\n\t\t\r\r\r\r\n\t\t<figure class=\"wpb_wrapper vc_figure\">\r\r\r\r\n\t\t\t<div class=\"vc_single_image-wrapper   vc_box_border_grey\"><img loading=\"lazy\" decoding=\"async\" width=\"730\" height=\"487\" src=\"https:\/\/integrapija.si\/wp-content\/uploads\/2024\/05\/psihoterapija.webp\" class=\"vc_single_image-img attachment-full\" alt=\"psihoterapija\" title=\"psychotherapy\" srcset=\"https:\/\/integrapija.si\/wp-content\/uploads\/2024\/05\/psihoterapija.webp 730w, https:\/\/integrapija.si\/wp-content\/uploads\/2024\/05\/psihoterapija-300x200.webp 300w, https:\/\/integrapija.si\/wp-content\/uploads\/2024\/05\/psihoterapija-18x12.webp 18w, https:\/\/integrapija.si\/wp-content\/uploads\/2024\/05\/psihoterapija-600x400.webp 600w\" sizes=\"auto, (max-width: 730px) 100vw, 730px\" \/><\/div>\r\r\r\r\n\t\t<\/figure>\r\r\r\r\n\t<\/div>  \r\r\r\r\n            <\/div> \r\r\r\r\n        <\/div>\r\r\r\r\n    <\/div><\/div><style><\/style><div class=\"vc_row wpb_row vc_row-fluid content-dark data-bg-color-69dfdbd154d7e row-z-index-69dfdbd154d7e\" ><style><\/style><div class=\"wpb_column vc_column_container content-dark vc_col-sm-12 column-z-index-69dfdbd154e38\"> \r\r\r\r\n        <div class=\"vc_column-inner\"> \r\r\r\r\n            <div class=\"wpb_wrapper\"><div class=\"vc_separator wpb_content_element vc_separator_align_center vc_sep_width_100 vc_sep_pos_align_center vc_separator_no_text vc_custom_1606374141624 wpb_content_element  vc_custom_1606374141624 wpb_content_element\" ><span class=\"vc_sep_holder vc_sep_holder_l\"><span style=\"border-color:#eeeeee;\" class=\"vc_sep_line\"><\/span><\/span><span class=\"vc_sep_holder vc_sep_holder_r\"><span style=\"border-color:#eeeeee;\" class=\"vc_sep_line\"><\/span><\/span>\n<\/div><div class=\"vc_tta-container\" data-vc-action=\"collapse\"> <div class=\"vc_general vc_tta vc_tta-accordion vc_tta-color-grey vc_tta-style-classic vc_tta-shape-rounded vc_tta-o-shape-group vc_tta-controls-align-left\">  <div class=\"vc_tta-panels-container\">          <div class=\"vc_tta-panels\"><div class=\"vc_tta-panel vc_active\" id=\"1720905997464-3585e290-94bc\" data-vc-content=\".vc_tta-panel-body\"><div class=\"vc_tta-panel-heading\"><h4 class=\"vc_tta-panel-title vc_tta-controls-icon-position-left\"><a href=\"#1720905997464-3585e290-94bc\" data-vc-accordion data-vc-container=\".vc_tta-container\"><span class=\"vc_tta-title-text\">Why choose integrative relational psychotherapy?<\/span><i class=\"vc_tta-controls-icon vc_tta-controls-icon-plus\"><\/i><\/a><\/h4><\/div><div class=\"vc_tta-panel-body\"><div class=\"wpb_text_column wpb_content_element\" >\r\r\r\r\n\t\t<div class=\"wpb_wrapper\">\r\r\r\r\n\t\t\t<p data-start=\"277\" data-end=\"585\">Integrative relational psychotherapy is a therapeutic approach designed by <strong data-start=\"358\" data-end=\"377\">Richard Erskine<\/strong>. It is a long-term process, usually lasting several months or years, and is aimed at deeply changing inadequate and forming new neural connections in the brain that are necessary for a satisfying life.<\/p>\n<p>Because each individual is unique, therapy is not the same for everyone. Integrative psychotherapy combines different approaches to suit you and your needs. With me, you don&#039;t get quick fixes, but the opportunity for real transformation - step by step, at your own pace.<\/p>\n\r\r\r\r\n\t\t<\/div>\r\r\r\r\n\t<\/div><\/div><\/div><div class=\"vc_tta-panel\" id=\"1720900850127-f0ce68bd-8331\" data-vc-content=\".vc_tta-panel-body\"><div class=\"vc_tta-panel-heading\"><h4 class=\"vc_tta-panel-title vc_tta-controls-icon-position-left\"><a href=\"#1720900850127-f0ce68bd-8331\" data-vc-accordion data-vc-container=\".vc_tta-container\"><span class=\"vc_tta-title-text\">The psychotherapeutic relationship<\/span><i class=\"vc_tta-controls-icon vc_tta-controls-icon-plus\"><\/i><\/a><\/h4><\/div><div class=\"vc_tta-panel-body\"><div class=\"wpb_text_column wpb_content_element\" >\r\r\r\r\n\t\t<div class=\"wpb_wrapper\">\r\r\r\r\n\t\t\t<h4>The therapeutic relationship is the foundation of psychotherapy. It creates a safe and structured framework in which the client can explore their challenges, develop trust, and gradually achieve their goals. Without a clear and stable relationship, progress is slower or more difficult.<\/h4>\n<p>The psychotherapeutic relationship in integrative psychotherapy is based on trust, respect, understanding and empathy.<\/p>\n<p>Building trust is gradual, and the therapist adapts to the pace, needs and capabilities of the client. The sincerity and authenticity of the therapist, who is not just an observer, but actively in touch with his emotions and response to the client and his story, is important.<\/p>\n<blockquote><p>\nEstablishing genuine contact between the two is fulfilling and essential to the therapeutic process, as we all long to be heard and understood.\n<\/p><\/blockquote>\n<p>With its flexibility, holistic approach and emphasis on interpersonal relationships, integrative psychotherapy can be extremely beneficial in promoting personal growth, overcoming difficulties and achieving better mental well-being.<\/p>\n\r\r\r\r\n\t\t<\/div>\r\r\r\r\n\t<\/div><\/div><\/div><div class=\"vc_tta-panel\" id=\"1768250767046-28a2de22-a074\" data-vc-content=\".vc_tta-panel-body\"><div class=\"vc_tta-panel-heading\"><h4 class=\"vc_tta-panel-title vc_tta-controls-icon-position-left\"><a href=\"#1768250767046-28a2de22-a074\" data-vc-accordion data-vc-container=\".vc_tta-container\"><span class=\"vc_tta-title-text\">How does the change process work?<\/span><i class=\"vc_tta-controls-icon vc_tta-controls-icon-plus\"><\/i><\/a><\/h4><\/div><div class=\"vc_tta-panel-body\"><div class=\"wpb_text_column wpb_content_element\" >\r\r\r\r\n\t\t<div class=\"wpb_wrapper\">\r\r\r\r\n\t\t\t<p data-start=\"661\" data-end=\"913\">The process of change occurs primarily through the relationship between client and therapist. It is this relationship that enables the gradual healing of the body&#039;s so-called cellular memory, which can significantly change the way we live in our bodies and increase our sense of basic well-being in our own existence.<\/p>\n\r\r\r\r\n\t\t<\/div>\r\r\r\r\n\t<\/div><\/div><\/div><div class=\"vc_tta-panel\" id=\"1720900850142-e50491d7-6e77\" data-vc-content=\".vc_tta-panel-body\"><div class=\"vc_tta-panel-heading\"><h4 class=\"vc_tta-panel-title vc_tta-controls-icon-position-left\"><a href=\"#1720900850142-e50491d7-6e77\" data-vc-accordion data-vc-container=\".vc_tta-container\"><span class=\"vc_tta-title-text\">Is integrative psychotherapy just about positive thinking?<\/span><i class=\"vc_tta-controls-icon vc_tta-controls-icon-plus\"><\/i><\/a><\/h4><\/div><div class=\"vc_tta-panel-body\"><div class=\"wpb_text_column wpb_content_element\" >\r\r\r\r\n\t\t<div class=\"wpb_wrapper\">\r\r\r\r\n\t\t\t<p data-start=\"991\" data-end=\"1355\">No. Integrative relational psychotherapy is not focused solely on changing thought patterns to more positive ones. Experience shows that people who learn to think only positively often still experience unpleasant emotions and physical discomfort, which prevents them from fully enjoying life. The therapy therefore also focuses on the emotional and physical levels of experience.<\/p>\n\r\r\r\r\n\t\t<\/div>\r\r\r\r\n\t<\/div><\/div><\/div><div class=\"vc_tta-panel\" id=\"1768250804064-3d0cfb33-a7c7\" data-vc-content=\".vc_tta-panel-body\"><div class=\"vc_tta-panel-heading\"><h4 class=\"vc_tta-panel-title vc_tta-controls-icon-position-left\"><a href=\"#1768250804064-3d0cfb33-a7c7\" data-vc-accordion data-vc-container=\".vc_tta-container\"><span class=\"vc_tta-title-text\">What is the result of psychotherapy?<\/span><i class=\"vc_tta-controls-icon vc_tta-controls-icon-plus\"><\/i><\/a><\/h4><\/div><div class=\"vc_tta-panel-body\"><div class=\"wpb_text_column wpb_content_element\" >\r\r\r\r\n\t\t<div class=\"wpb_wrapper\">\r\r\r\r\n\t\t\t<p>The result of psychotherapy is greater flexibility of the individual \u2013 mental, emotional, physical, spiritual, social and environmental. This means that a person is able to respond to real situations and their demands, instead of automatically reacting according to old, learned patterns, which are often no longer appropriate in new circumstances.<\/p>\n\r\r\r\r\n\t\t<\/div>\r\r\r\r\n\t<\/div><\/div><\/div><div class=\"vc_tta-panel\" id=\"1768250948983-a05e4df2-960d\" data-vc-content=\".vc_tta-panel-body\"><div class=\"vc_tta-panel-heading\"><h4 class=\"vc_tta-panel-title vc_tta-controls-icon-position-left\"><a href=\"#1768250948983-a05e4df2-960d\" data-vc-accordion data-vc-container=\".vc_tta-container\"><span class=\"vc_tta-title-text\">Does psychotherapy mean a life without problems?<\/span><i class=\"vc_tta-controls-icon vc_tta-controls-icon-plus\"><\/i><\/a><\/h4><\/div><div class=\"vc_tta-panel-body\"><div class=\"wpb_text_column wpb_content_element\" >\r\r\r\r\n\t\t<div class=\"wpb_wrapper\">\r\r\r\r\n\t\t\t<p>No. Psychotherapy does not mean the absence of problems, but rather a greater ability to cope with them. The individual copes with challenges more effectively, without being overwhelmed or paralyzed by emotions. They can enjoy life not because there are no problems, but despite their existence.<\/p>\n\r\r\r\r\n\t\t<\/div>\r\r\r\r\n\t<\/div><\/div><\/div><div class=\"vc_tta-panel\" id=\"1720900895090-641c78ca-44a5\" data-vc-content=\".vc_tta-panel-body\"><div class=\"vc_tta-panel-heading\"><h4 class=\"vc_tta-panel-title vc_tta-controls-icon-position-left\"><a href=\"#1720900895090-641c78ca-44a5\" data-vc-accordion data-vc-container=\".vc_tta-container\"><span class=\"vc_tta-title-text\">Psychotherapy is a process.<\/span><i class=\"vc_tta-controls-icon vc_tta-controls-icon-plus\"><\/i><\/a><\/h4><\/div><div class=\"vc_tta-panel-body\"><div class=\"wpb_text_column wpb_content_element\" >\r\r\r\r\n\t\t<div class=\"wpb_wrapper\">\r\r\r\r\n\t\t\t<p>Psychotherapy is a process that lasts from one to several years, depending on the needs and goals of the client. Its goal is the integration of the personality, which means the integration of the emotional, cognitive and physiological systems of the individual, taking into account the social and spiritual dimensions.<\/p>\n\r\r\r\r\n\t\t<\/div>\r\r\r\r\n\t<\/div><\/div><\/div><div class=\"vc_tta-panel\" id=\"1762171038224-ccad7ea1-1654\" data-vc-content=\".vc_tta-panel-body\"><div class=\"vc_tta-panel-heading\"><h4 class=\"vc_tta-panel-title vc_tta-controls-icon-position-left\"><a href=\"#1762171038224-ccad7ea1-1654\" data-vc-accordion data-vc-container=\".vc_tta-container\"><span class=\"vc_tta-title-text\">Price list<\/span><i class=\"vc_tta-controls-icon vc_tta-controls-icon-plus\"><\/i><\/a><\/h4><\/div><div class=\"vc_tta-panel-body\"><div class=\"wpb_text_column wpb_content_element\" >\r\r\r\r\n\t\t<div class=\"wpb_wrapper\">\r\r\r\r\n\t\t\t<p>I believe that support should be accessible to everyone. The price of the meeting is flexible and we determine it together according to your needs and capabilities. It is important to me that we find a solution that suits you - both professionally and financially. For more information, contact me.<\/p>\n\r\r\r\r\n\t\t<\/div>\r\r\r\r\n\t<\/div><\/div><\/div>         <\/div>  <\/div>  <\/div> <\/div> \r\r\r\r\n            <\/div> \r\r\r\r\n        <\/div>\r\r\r\r\n    <\/div><\/div><style><\/style><div class=\"vc_row wpb_row vc_row-fluid content-dark data-bg-color-69dfdbd155d56 row-z-index-69dfdbd155d56\" ><style> .slcr_custom_pricing_table_css_69dfdbd155ee5 .pricing-header h4 {   }  .slcr_custom_pricing_table_css_69dfdbd155ee5 .pricing-content h3 {   } .slcr_custom_pricing_table_css_69dfdbd155ee5 .pricing-content p {   }<\/style><style><\/style><style><\/style><div class=\"wpb_column vc_column_container content-dark vc_col-sm-12 column-z-index-69dfdbd155dce\"> \r\r\r\r\n        <div class=\"vc_column-inner\"> \r\r\r\r\n            <div class=\"wpb_wrapper\"> \r\r\r\r\n                <div class=\"owl owl-carousel carousel-shortcode\"  data-carousel-loop=\"false\" data-carousel-dots=\"true\" data-carousel-margin=\"30\" data-carousel-autoplay=\"false\" data-carousel-responsiveclass=\"true\" data-carousel-stage-padding=\"0\" data-carousel-ani-i=\"\" data-carousel-ani-o=\"\" data-carousel-animatein=\"\" data-carousel-animateout=\"\" data-carousel-smartspeed=\"850\" data-carousel-items-mob=\"1\" data-carousel-items-tab=\"1\" data-carousel-items-pc=\"1\" data-carousel-nav-mob=\"false\" data-carousel-nav-tab=\"false\" data-carousel-nav-pc=\"false\" data-carousel-dots-mob=\"false\" data-carousel-dots-tab=\"false\" data-carousel-dots-pc=\"false\">\r\r\r\r\n                <div class=\"pricing__06 featured     slcr_custom_pricing_table_css_69dfdbd155ee5\" >\r\r\r\r\n                    <div class=\"pricing-header\">\r\r\r\r\n                      <h4>Integrative psychotherapy<\/h4>\r\r\r\r\n                    <\/div>\r\r\r\r\n                    <div class=\"pricing-content\">\r\r\r\r\n                      <div class=\"plan-price\">\r\r\r\r\n                        <h3>flexible price<\/h3>\r\r\r\r\n                        <p><\/p>\r\r\r\r\n                      <\/div>\r\r\r\r\n                      <div class=\"plan-features\"> \r\r\r\r\n                        \n<ul class=\"plan-list\">\n<li><i class=\"fa fa-check\"><\/i>Individual psychotherapy<\/li>\n<li><i class=\"fa fa-check\"><\/i>Live or online<\/li>\n<li><i class=\"fa fa-check\"><\/i>In Slovenian or English<\/li>\n<\/ul>\n\r\r\r\r\n                      <\/div>\r\r\r\r\n                      <div class=\"plan-button\">\r\r\r\r\n                        \r\r\r\r\n                        <a href=\"https:\/\/integrapija.si\/en\/kontakt\/\"  title=\"Psychotherapy\" target=\"_blank\" class=\"btn btn--xl font-400 btn--pill  btn--primary   slcr_custom_pricing_table_button_css_69dfdbd155ee5\"><span>Contact me<\/span><\/a>\r\r\r\r\n                      <\/div>\r\r\r\r\n                    <\/div>\r\r\r\r\n                <\/div>      \r\r\r\r\n               \r\r\r\r\n                <\/div> \r\r\r\r\n            <\/div> \r\r\r\r\n        <\/div>\r\r\r\r\n    <\/div><\/div><style><\/style><div class=\"vc_row wpb_row vc_row-fluid content-dark data-bg-color-69dfdbd1560da row-z-index-69dfdbd1560da\" ><style><\/style><div class=\"wpb_column vc_column_container content-dark vc_col-sm-12 column-z-index-69dfdbd15614d\"> \r\r\r\r\n        <div class=\"vc_column-inner\"> \r\r\r\r\n            <div class=\"wpb_wrapper\"><div class=\"wpb_text_column wpb_content_element\" >\r\r\r\r\n\t\t<div class=\"wpb_wrapper\">\r\r\r\r\n\t\t\t<h3>Are you ready to take the first step?<\/h3>\n<p>If you feel it&#039;s time for a change, I invite you to <a href=\"https:\/\/integrapija.si\/en\/termin\/\">introductory conversation<\/a>This is an opportunity for us to get to know each other, discuss your wants and needs, and together determine if this process is right for you.<\/p>\n<p>Let your story become the one you truly want to live.<\/p>\n<p><a href=\"https:\/\/integrapija.si\/en\/termin\/\">Book your introductory meeting.<\/a><\/p>\n<p><a href=\"https:\/\/integrapija.si\/en\/o-terapevtu\/\">More about the therapist.<\/a><\/p>\n\r\r\r\r\n\t\t<\/div>\r\r\r\r\n\t<\/div> \r\r\r\r\n            <\/div> \r\r\r\r\n        <\/div>\r\r\r\r\n    <\/div><\/div>\n<\/div>","protected":false},"excerpt":{"rendered":"Se soo\u010da\u0161 s stresom, tesnobo, depresijo, travmami, te\u017eavami v odnosih ali drugimi \u017eivljenjskimi stiskami? V sebi \u010duti\u0161, da je \u010das, da najde\u0161 pot do ve\u010d miru, mo\u010di in notranjega ravnovesja? Psihoterapija je namenjena vsem, ki \u010dutijo, da potrebujejo podporo pri premagovanju \u017eivljenjskih izzivov ali \u017eelijo izbolj\u0161ati svojo kakovost \u017eivljenja. &nbsp; Kaj je integrativna psihoterapija? Gre [...]","protected":false},"author":1,"featured_media":3453,"parent":0,"menu_order":0,"comment_status":"closed","ping_status":"closed","template":"sidebar-right.php","meta":{"_acf_changed":false,"content-type":"","footnotes":""},"class_list":["post-3430","page","type-page","status-publish","has-post-thumbnail","hentry"],"acf":[],"_links":{"self":[{"href":"https:\/\/integrapija.si\/en\/wp-json\/wp\/v2\/pages\/3430","targetHints":{"allow":["GET"]}}],"collection":[{"href":"https:\/\/integrapija.si\/en\/wp-json\/wp\/v2\/pages"}],"about":[{"href":"https:\/\/integrapija.si\/en\/wp-json\/wp\/v2\/types\/page"}],"author":[{"embeddable":true,"href":"https:\/\/integrapija.si\/en\/wp-json\/wp\/v2\/users\/1"}],"replies":[{"embeddable":true,"href":"https:\/\/integrapija.si\/en\/wp-json\/wp\/v2\/comments?post=3430"}],"version-history":[{"count":5,"href":"https:\/\/integrapija.si\/en\/wp-json\/wp\/v2\/pages\/3430\/revisions"}],"predecessor-version":[{"id":4517,"href":"https:\/\/integrapija.si\/en\/wp-json\/wp\/v2\/pages\/3430\/revisions\/4517"}],"wp:featuredmedia":[{"embeddable":true,"href":"https:\/\/integrapija.si\/en\/wp-json\/wp\/v2\/media\/3453"}],"wp:attachment":[{"href":"https:\/\/integrapija.si\/en\/wp-json\/wp\/v2\/media?parent=3430"}],"curies":[{"name":"wp","href":"https:\/\/api.w.org\/{rel}","templated":true}]}}