{"id":3616,"date":"2024-08-20T14:41:33","date_gmt":"2024-08-20T12:41:33","guid":{"rendered":"https:\/\/integrapija.si\/?page_id=3616"},"modified":"2024-09-04T08:01:54","modified_gmt":"2024-09-04T06:01:54","slug":"brezstresa","status":"publish","type":"page","link":"https:\/\/integrapija.si\/en\/brezstresa\/","title":{"rendered":"No stress"},"content":{"rendered":"<div class=\"wpb-content-wrapper\"><p><style><\/style><div data-vc-full-width=\"true\" data-vc-full-width-init=\"false\" data-vc-stretch-content=\"true\" data-vc-parallax=\"2\" class=\"vc_row wpb_row vc_row-fluid content-dark data-bg-color-69dfdbd15c14d vc_custom_1725429701096 vc_row-has-fill vc_row-o-content-bottom vc_row-flex vc_general vc_parallax vc_parallax-content-moving row-z-index-69dfdbd15c14d\" ><style><\/style><div class=\"wpb_column vc_column_container content-dark vc_col-sm-12 vc_hidden-sm vc_hidden-xs vc_col-has-fill column-z-index-69dfdbd15c317\"> \r\r\r\r\n        <div class=\"vc_column-inner vc_custom_1724277351056\"> \r\r\r\r\n            <div class=\"wpb_wrapper\"><div class=\"vc_row wpb_row vc_inner vc_row-fluid\"><div class=\"wpb_column vc_column_container vc_col-sm-6 vc_col-has-fill\"><div class=\"vc_column-inner vc_custom_1724272527693\"><div class=\"wpb_wrapper\"><div class=\"wpb_text_column wpb_content_element\" >\r\r\r\r\n\t\t<div class=\"wpb_wrapper\">\r\r\r\r\n\t\t\t<h2>1. Recall a positive memory<\/h2>\n<h4>Relive the memory of something that once solved a problem for you or made you happy and satisfied. Store this memory in your mind so you can find it easily.<\/h4>\n\r\r\r\r\n\t\t<\/div>\r\r\r\r\n\t<\/div><\/div><\/div><\/div><div class=\"wpb_column vc_column_container vc_col-sm-6\"><div class=\"vc_column-inner\"><div class=\"wpb_wrapper\"><div class=\"vc_empty_space\"   style=\"height: 700px\"><span class=\"vc_empty_space_inner\"><\/span><\/div><\/div><\/div><\/div><\/div> \r\r\r\r\n            <\/div> \r\r\r\r\n        <\/div>\r\r\r\r\n    <\/div><style><\/style><div class=\"wpb_column vc_column_container content-dark vc_col-sm-12 vc_hidden-lg vc_hidden-md column-z-index-69dfdbd15cc30\"> \r\r\r\r\n        <div class=\"vc_column-inner\"> \r\r\r\r\n            <div class=\"wpb_wrapper\"><div class=\"vc_row wpb_row vc_inner vc_row-fluid vc_custom_1724276246930 vc_row-has-fill vc_row-o-content-middle vc_row-flex\"><div class=\"wpb_column vc_column_container vc_col-sm-6 vc_col-has-fill\"><div class=\"vc_column-inner vc_custom_1724269654710\"><div class=\"wpb_wrapper\"><div class=\"wpb_text_column wpb_content_element\" >\r\r\r\r\n\t\t<div class=\"wpb_wrapper\">\r\r\r\r\n\t\t\t<h2>1. Recall a positive memory<\/h2>\n<h4>Relive the memory of something that once solved a problem for you or made you happy and satisfied. Store this memory in your mind so you can find it easily.<\/h4>\n\r\r\r\r\n\t\t<\/div>\r\r\r\r\n\t<\/div><\/div><\/div><\/div><div class=\"wpb_column vc_column_container vc_col-sm-6 vc_col-has-fill\"><div class=\"vc_column-inner vc_custom_1724276256394\"><div class=\"wpb_wrapper\"><div class=\"vc_empty_space\"   style=\"height: 200px\"><span class=\"vc_empty_space_inner\"><\/span><\/div><\/div><\/div><\/div><\/div> \r\r\r\r\n            <\/div> \r\r\r\r\n        <\/div>\r\r\r\r\n    <\/div><\/div>\r\r\r\r\n<div class=\"vc_row-full-width vc_clearfix\"><\/div>\r\r\r\r\n<style><\/style><div data-vc-full-width=\"true\" data-vc-full-width-init=\"false\" data-vc-stretch-content=\"true\" data-vc-parallax=\"2\" class=\"vc_row wpb_row vc_row-fluid content-dark data-bg-color-69dfdbd15d292 vc_custom_1724277830491 vc_row-has-fill vc_row-o-content-bottom vc_row-flex vc_general vc_parallax vc_parallax-content-moving row-z-index-69dfdbd15d292\" ><style><\/style><div class=\"wpb_column vc_column_container content-dark vc_col-sm-12 vc_hidden-sm vc_hidden-xs vc_col-has-fill column-z-index-69dfdbd15d368\"> \r\r\r\r\n        <div class=\"vc_column-inner vc_custom_1724277546939\"> \r\r\r\r\n            <div class=\"wpb_wrapper\"><div class=\"vc_row wpb_row vc_inner vc_row-fluid\"><div class=\"wpb_column vc_column_container vc_col-sm-6 vc_col-has-fill\"><div class=\"vc_column-inner vc_custom_1724272527693\"><div class=\"wpb_wrapper\"><div class=\"wpb_text_column wpb_content_element\" >\r\r\r\r\n\t\t<div class=\"wpb_wrapper\">\r\r\r\r\n\t\t\t<h2>2. Look around. Find the focus point.<\/h2>\n<h4>Choose a place that is slightly blurred or has clear boundaries. A dot on the fabric, a light switch, a shiny doorknob or a single flower will be great.<\/h4>\n\r\r\r\r\n\t\t<\/div>\r\r\r\r\n\t<\/div><\/div><\/div><\/div><div class=\"wpb_column vc_column_container vc_col-sm-6\"><div class=\"vc_column-inner\"><div class=\"wpb_wrapper\"><div class=\"vc_empty_space\"   style=\"height: 700px\"><span class=\"vc_empty_space_inner\"><\/span><\/div><\/div><\/div><\/div><\/div> \r\r\r\r\n            <\/div> \r\r\r\r\n        <\/div>\r\r\r\r\n    <\/div><style><\/style><div class=\"wpb_column vc_column_container content-dark vc_col-sm-12 vc_hidden-lg vc_hidden-md column-z-index-69dfdbd15d8be\"> \r\r\r\r\n        <div class=\"vc_column-inner\"> \r\r\r\r\n            <div class=\"wpb_wrapper\"><div class=\"vc_row wpb_row vc_inner vc_row-fluid vc_custom_1724276310004 vc_row-has-fill vc_row-o-content-top vc_row-flex\"><div class=\"wpb_column vc_column_container vc_col-sm-6 vc_col-has-fill\"><div class=\"vc_column-inner vc_custom_1724269654710\"><div class=\"wpb_wrapper\"><div class=\"wpb_text_column wpb_content_element\" >\r\r\r\r\n\t\t<div class=\"wpb_wrapper\">\r\r\r\r\n\t\t\t<h2>2. Look around. Find the focus point.<\/h2>\n<h4>Choose a place that is slightly blurred or has clear boundaries. A dot on the fabric, a light switch, a shiny doorknob or a single flower will be great.<\/h4>\n\r\r\r\r\n\t\t<\/div>\r\r\r\r\n\t<\/div><\/div><\/div><\/div><div class=\"wpb_column vc_column_container vc_col-sm-6 vc_col-has-fill\"><div class=\"vc_column-inner vc_custom_1724276326461\"><div class=\"wpb_wrapper\"><div class=\"vc_empty_space\"   style=\"height: 200px\"><span class=\"vc_empty_space_inner\"><\/span><\/div><\/div><\/div><\/div><\/div> \r\r\r\r\n            <\/div> \r\r\r\r\n        <\/div>\r\r\r\r\n    <\/div><\/div>\r\r\r\r\n<div class=\"vc_row-full-width vc_clearfix\"><\/div>\r\r\r\r\n<style><\/style><div data-vc-full-width=\"true\" data-vc-full-width-init=\"false\" data-vc-stretch-content=\"true\" data-vc-parallax=\"2\" class=\"vc_row wpb_row vc_row-fluid content-dark data-bg-color-69dfdbd15deff vc_custom_1724277758667 vc_row-has-fill vc_row-o-content-middle vc_row-flex vc_general vc_parallax vc_parallax-content-moving row-z-index-69dfdbd15deff\" ><style><\/style><div class=\"wpb_column vc_column_container content-dark vc_col-sm-12 vc_hidden-sm vc_hidden-xs column-z-index-69dfdbd169848\"> \r\r\r\r\n        <div class=\"vc_column-inner\"> \r\r\r\r\n            <div class=\"wpb_wrapper\"><div class=\"vc_row wpb_row vc_inner vc_row-fluid\"><div class=\"wpb_column vc_column_container vc_col-sm-6 vc_col-has-fill\"><div class=\"vc_column-inner vc_custom_1724272527693\"><div class=\"wpb_wrapper\"><div class=\"wpb_text_column wpb_content_element\" >\r\r\r\r\n\t\t<div class=\"wpb_wrapper\">\r\r\r\r\n\t\t\t<h2>3. Focus on this spot\u2026breathe in\u2026hold\u2026slowly breathe out.<\/h2>\n<h4>Breathe with the prefix. Keep your shoulders moving. Do not strain your eyes.<\/h4>\n\r\r\r\r\n\t\t<\/div>\r\r\r\r\n\t<\/div><\/div><\/div><\/div><div class=\"wpb_column vc_column_container vc_col-sm-6\"><div class=\"vc_column-inner\"><div class=\"wpb_wrapper\"><div class=\"vc_empty_space\"   style=\"height: 700px\"><span class=\"vc_empty_space_inner\"><\/span><\/div><\/div><\/div><\/div><\/div> \r\r\r\r\n            <\/div> \r\r\r\r\n        <\/div>\r\r\r\r\n    <\/div><style><\/style><div class=\"wpb_column vc_column_container content-dark vc_col-sm-12 vc_hidden-lg vc_hidden-md column-z-index-69dfdbd169ec5\"> \r\r\r\r\n        <div class=\"vc_column-inner\"> \r\r\r\r\n            <div class=\"wpb_wrapper\"><div class=\"vc_row wpb_row vc_inner vc_row-fluid vc_custom_1724276336352 vc_row-has-fill vc_row-o-content-middle vc_row-flex\"><div class=\"wpb_column vc_column_container vc_col-sm-6 vc_col-has-fill\"><div class=\"vc_column-inner vc_custom_1724269654710\"><div class=\"wpb_wrapper\"><div class=\"wpb_text_column wpb_content_element\" >\r\r\r\r\n\t\t<div class=\"wpb_wrapper\">\r\r\r\r\n\t\t\t<h2>3. Focus on this spot\u2026breathe in\u2026hold\u2026slowly breathe out.<\/h2>\n<h4>Breathe with the prefix. Keep your shoulders moving. Do not strain your eyes.<\/h4>\n\r\r\r\r\n\t\t<\/div>\r\r\r\r\n\t<\/div><\/div><\/div><\/div><div class=\"wpb_column vc_column_container vc_col-sm-6 vc_col-has-fill\"><div class=\"vc_column-inner vc_custom_1724276521133\"><div class=\"wpb_wrapper\"><div class=\"vc_empty_space\"   style=\"height: 200px\"><span class=\"vc_empty_space_inner\"><\/span><\/div><\/div><\/div><\/div><\/div> \r\r\r\r\n            <\/div> \r\r\r\r\n        <\/div>\r\r\r\r\n    <\/div><\/div>\r\r\r\r\n<div class=\"vc_row-full-width vc_clearfix\"><\/div>\r\r\r\r\n<style><\/style><div data-vc-full-width=\"true\" data-vc-full-width-init=\"false\" data-vc-stretch-content=\"true\" data-vc-parallax=\"2\" class=\"vc_row wpb_row vc_row-fluid content-dark data-bg-color-69dfdbd16a50b vc_custom_1724277948879 vc_row-has-fill vc_row-o-content-middle vc_row-flex vc_general vc_parallax vc_parallax-content-moving row-z-index-69dfdbd16a50b\" ><style><\/style><div class=\"wpb_column vc_column_container content-dark vc_col-sm-12 vc_hidden-sm vc_hidden-xs column-z-index-69dfdbd16a5fc\"> \r\r\r\r\n        <div class=\"vc_column-inner\"> \r\r\r\r\n            <div class=\"wpb_wrapper\"><div class=\"vc_row wpb_row vc_inner vc_row-fluid\"><div class=\"wpb_column vc_column_container vc_col-sm-6 vc_col-has-fill\"><div class=\"vc_column-inner vc_custom_1724272527693\"><div class=\"wpb_wrapper\"><div class=\"wpb_text_column wpb_content_element\" >\r\r\r\r\n\t\t<div class=\"wpb_wrapper\">\r\r\r\r\n\t\t\t<h2>4. Increase your focus...inhale...as you exhale...whisper \u201cFocus\u201d.<\/h2>\n<h4>Finish whispering each time you finish exhaling.<\/h4>\n\r\r\r\r\n\t\t<\/div>\r\r\r\r\n\t<\/div><\/div><\/div><\/div><div class=\"wpb_column vc_column_container vc_col-sm-6\"><div class=\"vc_column-inner\"><div class=\"wpb_wrapper\"><div class=\"vc_empty_space\"   style=\"height: 700px\"><span class=\"vc_empty_space_inner\"><\/span><\/div><\/div><\/div><\/div><\/div> \r\r\r\r\n            <\/div> \r\r\r\r\n        <\/div>\r\r\r\r\n    <\/div><style><\/style><div class=\"wpb_column vc_column_container content-dark vc_col-sm-12 vc_hidden-lg vc_hidden-md column-z-index-69dfdbd16ab51\"> \r\r\r\r\n        <div class=\"vc_column-inner\"> \r\r\r\r\n            <div class=\"wpb_wrapper\"><div class=\"vc_row wpb_row vc_inner vc_row-fluid vc_custom_1724276357270 vc_row-has-fill\"><div class=\"wpb_column vc_column_container vc_col-sm-6 vc_col-has-fill\"><div class=\"vc_column-inner vc_custom_1724269654710\"><div class=\"wpb_wrapper\"><div class=\"wpb_text_column wpb_content_element\" >\r\r\r\r\n\t\t<div class=\"wpb_wrapper\">\r\r\r\r\n\t\t\t<h2>4. Increase your focus\u2026 breathe in\u2026<\/h2>\n<h4>as you exhale\u2026whisper \u201cFocus\u201d.<br \/>\nFinish whispering each time you finish exhaling.<\/h4>\n\r\r\r\r\n\t\t<\/div>\r\r\r\r\n\t<\/div><\/div><\/div><\/div><div class=\"wpb_column vc_column_container vc_col-sm-6 vc_col-has-fill\"><div class=\"vc_column-inner vc_custom_1724276527927\"><div class=\"wpb_wrapper\"><div class=\"vc_empty_space\"   style=\"height: 200px\"><span class=\"vc_empty_space_inner\"><\/span><\/div><\/div><\/div><\/div><\/div> \r\r\r\r\n            <\/div> \r\r\r\r\n        <\/div>\r\r\r\r\n    <\/div><\/div>\r\r\r\r\n<div class=\"vc_row-full-width vc_clearfix\"><\/div>\r\r\r\r\n<style><\/style><div data-vc-full-width=\"true\" data-vc-full-width-init=\"false\" data-vc-stretch-content=\"true\" data-vc-parallax=\"2\" class=\"vc_row wpb_row vc_row-fluid content-dark data-bg-color-69dfdbd16b173 vc_custom_1724277984870 vc_row-has-fill vc_row-o-content-middle vc_row-flex vc_general vc_parallax vc_parallax-content-moving row-z-index-69dfdbd16b173\" ><style><\/style><div class=\"wpb_column vc_column_container content-dark vc_col-sm-12 vc_hidden-sm vc_hidden-xs column-z-index-69dfdbd16b257\"> \r\r\r\r\n        <div class=\"vc_column-inner\"> \r\r\r\r\n            <div class=\"wpb_wrapper\"><div class=\"vc_row wpb_row vc_inner vc_row-fluid vc_custom_1724277964151 vc_row-has-fill\"><div class=\"wpb_column vc_column_container vc_col-sm-6 vc_col-has-fill\"><div class=\"vc_column-inner vc_custom_1724272527693\"><div class=\"wpb_wrapper\"><div class=\"wpb_text_column wpb_content_element\" >\r\r\r\r\n\t\t<div class=\"wpb_wrapper\">\r\r\r\r\n\t\t\t<h2>5. Keep breathing\u2026whisper \u201cFocus\u201d\u2026<\/h2>\n<h4>until you see a point change. Some people see a change immediately; some take a little longer. Increase your focus and continue breathing.<\/h4>\n\r\r\r\r\n\t\t<\/div>\r\r\r\r\n\t<\/div><\/div><\/div><\/div><div class=\"wpb_column vc_column_container vc_col-sm-6\"><div class=\"vc_column-inner\"><div class=\"wpb_wrapper\"><div class=\"vc_empty_space\"   style=\"height: 700px\"><span class=\"vc_empty_space_inner\"><\/span><\/div><\/div><\/div><\/div><\/div> \r\r\r\r\n            <\/div> \r\r\r\r\n        <\/div>\r\r\r\r\n    <\/div><style><\/style><div class=\"wpb_column vc_column_container content-dark vc_col-sm-12 vc_hidden-lg vc_hidden-md column-z-index-69dfdbd16b7bd\"> \r\r\r\r\n        <div class=\"vc_column-inner\"> \r\r\r\r\n            <div class=\"wpb_wrapper\"><div class=\"vc_row wpb_row vc_inner vc_row-fluid vc_custom_1724276388230 vc_row-has-fill\"><div class=\"wpb_column vc_column_container vc_col-sm-6 vc_col-has-fill\"><div class=\"vc_column-inner vc_custom_1724269654710\"><div class=\"wpb_wrapper\"><div class=\"wpb_text_column wpb_content_element\" >\r\r\r\r\n\t\t<div class=\"wpb_wrapper\">\r\r\r\r\n\t\t\t<h2>5. Keep breathing\u2026whisper \u201cFocus\u201d\u2026<\/h2>\n<h4>until you see a point change. Some people see a change immediately; some take a little longer. Increase your focus and continue breathing.<\/h4>\n\r\r\r\r\n\t\t<\/div>\r\r\r\r\n\t<\/div><\/div><\/div><\/div><div class=\"wpb_column vc_column_container vc_col-sm-6 vc_col-has-fill\"><div class=\"vc_column-inner vc_custom_1724276537197\"><div class=\"wpb_wrapper\"><div class=\"vc_empty_space\"   style=\"height: 200px\"><span class=\"vc_empty_space_inner\"><\/span><\/div><\/div><\/div><\/div><\/div> \r\r\r\r\n            <\/div> \r\r\r\r\n        <\/div>\r\r\r\r\n    <\/div><\/div>\r\r\r\r\n<div class=\"vc_row-full-width vc_clearfix\"><\/div>\r\r\r\r\n<style><\/style><div data-vc-full-width=\"true\" data-vc-full-width-init=\"false\" data-vc-stretch-content=\"true\" data-vc-parallax=\"2\" class=\"vc_row wpb_row vc_row-fluid content-dark data-bg-color-69dfdbd16bde7 vc_custom_1724278029271 vc_row-has-fill vc_row-o-content-middle vc_row-flex vc_general vc_parallax vc_parallax-content-moving row-z-index-69dfdbd16bde7\" ><style><\/style><div class=\"wpb_column vc_column_container content-dark vc_col-sm-12 vc_hidden-sm vc_hidden-xs column-z-index-69dfdbd16bed2\"> \r\r\r\r\n        <div class=\"vc_column-inner\"> \r\r\r\r\n            <div class=\"wpb_wrapper\"><div class=\"vc_row wpb_row vc_inner vc_row-fluid vc_custom_1724278000489 vc_row-has-fill\"><div class=\"wpb_column vc_column_container vc_col-sm-6 vc_col-has-fill\"><div class=\"vc_column-inner vc_custom_1724272527693\"><div class=\"wpb_wrapper\"><div class=\"wpb_text_column wpb_content_element\" >\r\r\r\r\n\t\t<div class=\"wpb_wrapper\">\r\r\r\r\n\t\t\t<h2>6. When SIJ appears around the point... invoke your event.<\/h2>\n<h4>A faint glow of light is a sign that you are seeing and thinking with more concentration and less emotion. Recall your positive memory from step 1. Experience it again.<\/h4>\n\r\r\r\r\n\t\t<\/div>\r\r\r\r\n\t<\/div><\/div><\/div><\/div><div class=\"wpb_column vc_column_container vc_col-sm-6\"><div class=\"vc_column-inner\"><div class=\"wpb_wrapper\"><div class=\"vc_empty_space\"   style=\"height: 700px\"><span class=\"vc_empty_space_inner\"><\/span><\/div><\/div><\/div><\/div><\/div> \r\r\r\r\n            <\/div> \r\r\r\r\n        <\/div>\r\r\r\r\n    <\/div><style><\/style><div class=\"wpb_column vc_column_container content-dark vc_col-sm-12 vc_hidden-lg vc_hidden-md column-z-index-69dfdbd16c414\"> \r\r\r\r\n        <div class=\"vc_column-inner\"> \r\r\r\r\n            <div class=\"wpb_wrapper\"><div class=\"vc_row wpb_row vc_inner vc_row-fluid vc_custom_1724276422559 vc_row-has-fill\"><div class=\"wpb_column vc_column_container vc_col-sm-6 vc_col-has-fill\"><div class=\"vc_column-inner vc_custom_1724269654710\"><div class=\"wpb_wrapper\"><div class=\"wpb_text_column wpb_content_element\" >\r\r\r\r\n\t\t<div class=\"wpb_wrapper\">\r\r\r\r\n\t\t\t<h2>6. When SIJ appears around the point... invoke your event.<\/h2>\n<h4>A faint glow of light is a sign that you are seeing and thinking with more concentration and less emotion. Recall your positive memory from step 1. Experience it again.<\/h4>\n\r\r\r\r\n\t\t<\/div>\r\r\r\r\n\t<\/div><\/div><\/div><\/div><div class=\"wpb_column vc_column_container vc_col-sm-6 vc_col-has-fill\"><div class=\"vc_column-inner vc_custom_1724276593365\"><div class=\"wpb_wrapper\"><div class=\"vc_empty_space\"   style=\"height: 200px\"><span class=\"vc_empty_space_inner\"><\/span><\/div><\/div><\/div><\/div><\/div> \r\r\r\r\n            <\/div> \r\r\r\r\n        <\/div>\r\r\r\r\n    <\/div><\/div>\r\r\r\r\n<div class=\"vc_row-full-width vc_clearfix\"><\/div>\r\r\r\r\n<style><\/style><div data-vc-full-width=\"true\" data-vc-full-width-init=\"false\" data-vc-stretch-content=\"true\" data-vc-parallax=\"2\" class=\"vc_row wpb_row vc_row-fluid content-dark data-bg-color-69dfdbd16ca4f vc_custom_1724278103987 vc_row-has-fill vc_row-o-content-middle vc_row-flex vc_general vc_parallax vc_parallax-content-moving row-z-index-69dfdbd16ca4f\" ><style><\/style><div class=\"wpb_column vc_column_container content-dark vc_col-sm-12 vc_hidden-sm vc_hidden-xs column-z-index-69dfdbd16cb29\"> \r\r\r\r\n        <div class=\"vc_column-inner\"> \r\r\r\r\n            <div class=\"wpb_wrapper\"><div class=\"vc_row wpb_row vc_inner vc_row-fluid vc_custom_1724278053880 vc_row-has-fill\"><div class=\"wpb_column vc_column_container vc_col-sm-6 vc_col-has-fill\"><div class=\"vc_column-inner vc_custom_1724272527693\"><div class=\"wpb_wrapper\"><div class=\"wpb_text_column wpb_content_element\" >\r\r\r\r\n\t\t<div class=\"wpb_wrapper\">\r\r\r\r\n\t\t\t<h2>Have you noticed a change in how you feel?<\/h2>\n<h4>Calmer? More in touch with yourself?<\/h4>\n\r\r\r\r\n\t\t<\/div>\r\r\r\r\n\t<\/div><\/div><\/div><\/div><div class=\"wpb_column vc_column_container vc_col-sm-6\"><div class=\"vc_column-inner\"><div class=\"wpb_wrapper\"><div class=\"vc_empty_space\"   style=\"height: 700px\"><span class=\"vc_empty_space_inner\"><\/span><\/div><\/div><\/div><\/div><\/div> \r\r\r\r\n            <\/div> \r\r\r\r\n        <\/div>\r\r\r\r\n    <\/div><style><\/style><div class=\"wpb_column vc_column_container content-dark vc_col-sm-12 vc_hidden-lg vc_hidden-md column-z-index-69dfdbd16cf3c\"> \r\r\r\r\n        <div class=\"vc_column-inner\"> \r\r\r\r\n            <div class=\"wpb_wrapper\"><div class=\"vc_row wpb_row vc_inner vc_row-fluid vc_custom_1724276444744 vc_row-has-fill\"><div class=\"wpb_column vc_column_container vc_col-sm-6 vc_col-has-fill\"><div class=\"vc_column-inner vc_custom_1724269654710\"><div class=\"wpb_wrapper\"><div class=\"wpb_text_column wpb_content_element\" >\r\r\r\r\n\t\t<div class=\"wpb_wrapper\">\r\r\r\r\n\t\t\t<h2>Have you noticed a change in how you feel?<\/h2>\n<h4>Calmer? More in touch with yourself?<\/h4>\n\r\r\r\r\n\t\t<\/div>\r\r\r\r\n\t<\/div><\/div><\/div><\/div><div class=\"wpb_column vc_column_container vc_col-sm-6 vc_col-has-fill\"><div class=\"vc_column-inner vc_custom_1724276547307\"><div class=\"wpb_wrapper\"><div class=\"vc_empty_space\"   style=\"height: 200px\"><span class=\"vc_empty_space_inner\"><\/span><\/div><\/div><\/div><\/div><\/div> \r\r\r\r\n            <\/div> \r\r\r\r\n        <\/div>\r\r\r\r\n    <\/div><\/div>\r\r\r\r\n<div class=\"vc_row-full-width vc_clearfix\"><\/div>\r\r\r\r\n<style><\/style><div class=\"vc_row wpb_row vc_row-fluid content-dark data-bg-color-69dfdbd16d2ed row-z-index-69dfdbd16d2ed\" ><style><\/style><div class=\"wpb_column vc_column_container content-dark vc_col-sm-12 column-z-index-69dfdbd16d3b1\"> \r\r\r\r\n        <div class=\"vc_column-inner\"> \r\r\r\r\n            <div class=\"wpb_wrapper\"><div class=\"vc_empty_space\"   style=\"height: 32px\"><span class=\"vc_empty_space_inner\"><\/span><\/div><div class=\"wpb_text_column wpb_content_element\" >\r\r\r\r\n\t\t<div class=\"wpb_wrapper\">\r\r\r\r\n\t\t\t<h5>Stress Free is an exercise that allows you to calm down in 6 steps. <a href=\"https:\/\/www.49words.org\/\" target=\"_blank\" rel=\"noopener\">Original work<\/a> by David Wark has been modified and is licensed under a Creative Commons Attribution-NonCommercial-ShareAlike 4.0 International License.<\/h5>\n\r\r\r\r\n\t\t<\/div>\r\r\r\r\n\t<\/div> \r\r\r\r\n            <\/div> \r\r\r\r\n        <\/div>\r\r\r\r\n    <\/div><\/div>\n<\/div>","protected":false},"excerpt":{"rendered":"1. Prikli\u010di pozitiven spomin Obudite spomin na nekaj, kar vam je neko\u010d \u017ee re\u0161ilo te\u017eavo ali vas osre\u010dilo in zadovoljilo. Ta spomin shranite v mislih, da ga boste zlahka na\u0161li. 1. Prikli\u010di pozitiven spomin Obudite spomin na nekaj, kar vam je neko\u010d \u017ee re\u0161ilo te\u017eavo ali vas osre\u010dilo in zadovoljilo. Ta spomin shranite v mislih, [...]","protected":false},"author":1,"featured_media":3704,"parent":0,"menu_order":0,"comment_status":"closed","ping_status":"closed","template":"","meta":{"_acf_changed":false,"content-type":"","footnotes":""},"class_list":["post-3616","page","type-page","status-publish","has-post-thumbnail","hentry"],"acf":[],"_links":{"self":[{"href":"https:\/\/integrapija.si\/en\/wp-json\/wp\/v2\/pages\/3616","targetHints":{"allow":["GET"]}}],"collection":[{"href":"https:\/\/integrapija.si\/en\/wp-json\/wp\/v2\/pages"}],"about":[{"href":"https:\/\/integrapija.si\/en\/wp-json\/wp\/v2\/types\/page"}],"author":[{"embeddable":true,"href":"https:\/\/integrapija.si\/en\/wp-json\/wp\/v2\/users\/1"}],"replies":[{"embeddable":true,"href":"https:\/\/integrapija.si\/en\/wp-json\/wp\/v2\/comments?post=3616"}],"version-history":[{"count":2,"href":"https:\/\/integrapija.si\/en\/wp-json\/wp\/v2\/pages\/3616\/revisions"}],"predecessor-version":[{"id":3825,"href":"https:\/\/integrapija.si\/en\/wp-json\/wp\/v2\/pages\/3616\/revisions\/3825"}],"wp:featuredmedia":[{"embeddable":true,"href":"https:\/\/integrapija.si\/en\/wp-json\/wp\/v2\/media\/3704"}],"wp:attachment":[{"href":"https:\/\/integrapija.si\/en\/wp-json\/wp\/v2\/media?parent=3616"}],"curies":[{"name":"wp","href":"https:\/\/api.w.org\/{rel}","templated":true}]}}