{"id":4589,"date":"2026-04-07T16:19:18","date_gmt":"2026-04-07T14:19:18","guid":{"rendered":"https:\/\/integrapija.si\/?page_id=4589"},"modified":"2026-04-07T16:50:18","modified_gmt":"2026-04-07T14:50:18","slug":"potrditev-online","status":"publish","type":"page","link":"https:\/\/integrapija.si\/en\/potrditev-online\/","title":{"rendered":"You have successfully subscribed to the meeting."},"content":{"rendered":"\n<h3 class=\"wp-block-heading\">Veselim se najinega sre\u010danja. <\/h3>\n\n\n\n<h4 class=\"wp-block-heading\"><strong>Vabilo s povezavo za Google Meet vas \u017ee \u010daka v va\u0161em e-po\u0161tnem nabiralniku.<\/strong><\/h4>\n\n\n\n<hr class=\"wp-block-separator has-alpha-channel-opacity\"\/>\n\n\n\n<h5 class=\"wp-block-heading\"><strong><em>Va\u0161a izku\u0161nja je lahko nekomu dragocen ka\u017eipot. <\/em><\/strong><\/h5>\n\n\n\n<h5 class=\"wp-block-heading\">Mnogi, ki se znajdejo v stiski, te\u017eko naredijo prvi korak in ne vedo, kje poiskati podporo. \u010ce ste z na\u0161im dosedanjim procesom zadovoljni, vas prijazno vabim, da <em>delite svojo izku\u0161njo<\/em> na Google Business profilu. S tem boste opolnomo\u010dili tiste, ki \u0161e oklevajo glede odlo\u010ditve za psihoterapijo.<\/h5>\n\n\n\n<p><strong><a href=\"https:\/\/g.page\/r\/CaCu8fsj2tXIEBM\/review\" data-type=\"link\" data-id=\"https:\/\/g.page\/r\/CaCu8fsj2tXIEBM\/review\">[TUKAJ ODDAJTE MNENJE]<\/a><\/strong> <\/p>\n\n\n\n<div style=\"height:33px\" aria-hidden=\"true\" class=\"wp-block-spacer\"><\/div>\n\n\n\n<figure class=\"wp-block-image size-full\"><img loading=\"lazy\" decoding=\"async\" width=\"132\" height=\"132\" src=\"https:\/\/integrapija.si\/wp-content\/uploads\/2026\/04\/image.png\" alt=\"\" class=\"wp-image-4579\" srcset=\"https:\/\/integrapija.si\/wp-content\/uploads\/2026\/04\/image.png 132w, https:\/\/integrapija.si\/wp-content\/uploads\/2026\/04\/image-12x12.png 12w, https:\/\/integrapija.si\/wp-content\/uploads\/2026\/04\/image-100x100.png 100w\" sizes=\"auto, (max-width: 132px) 100vw, 132px\" \/><\/figure>\n\n\n\n<div style=\"height:100px\" aria-hidden=\"true\" class=\"wp-block-spacer\"><\/div>\n","protected":false},"excerpt":{"rendered":"<p>Veselim se najinega sre\u010danja. Vabilo s povezavo za Google Meet vas \u017ee \u010daka v va\u0161em e-po\u0161tnem nabiralniku. Va\u0161a izku\u0161nja je lahko nekomu dragocen ka\u017eipot. Mnogi, ki se znajdejo v stiski, te\u017eko naredijo prvi korak in ne vedo, kje poiskati podporo. \u010ce ste z na\u0161im dosedanjim procesom zadovoljni, vas prijazno vabim, da delite svojo izku\u0161njo na [&hellip;]<\/p>\n","protected":false},"author":1,"featured_media":0,"parent":0,"menu_order":0,"comment_status":"closed","ping_status":"closed","template":"","meta":{"_acf_changed":false,"content-type":"","footnotes":""},"class_list":["post-4589","page","type-page","status-publish","hentry"],"acf":[],"_links":{"self":[{"href":"https:\/\/integrapija.si\/en\/wp-json\/wp\/v2\/pages\/4589","targetHints":{"allow":["GET"]}}],"collection":[{"href":"https:\/\/integrapija.si\/en\/wp-json\/wp\/v2\/pages"}],"about":[{"href":"https:\/\/integrapija.si\/en\/wp-json\/wp\/v2\/types\/page"}],"author":[{"embeddable":true,"href":"https:\/\/integrapija.si\/en\/wp-json\/wp\/v2\/users\/1"}],"replies":[{"embeddable":true,"href":"https:\/\/integrapija.si\/en\/wp-json\/wp\/v2\/comments?post=4589"}],"version-history":[{"count":24,"href":"https:\/\/integrapija.si\/en\/wp-json\/wp\/v2\/pages\/4589\/revisions"}],"predecessor-version":[{"id":4624,"href":"https:\/\/integrapija.si\/en\/wp-json\/wp\/v2\/pages\/4589\/revisions\/4624"}],"wp:attachment":[{"href":"https:\/\/integrapija.si\/en\/wp-json\/wp\/v2\/media?parent=4589"}],"curies":[{"name":"wp","href":"https:\/\/api.w.org\/{rel}","templated":true}]}}