{"id":4616,"date":"2026-04-07T16:35:23","date_gmt":"2026-04-07T14:35:23","guid":{"rendered":"https:\/\/integrapija.si\/?page_id=4616"},"modified":"2026-04-07T16:42:53","modified_gmt":"2026-04-07T14:42:53","slug":"potrditev","status":"publish","type":"page","link":"https:\/\/integrapija.si\/en\/potrditev\/","title":{"rendered":"You have successfully subscribed to the meeting."},"content":{"rendered":"\n<h3 class=\"wp-block-heading\">Veselim se najinega sre\u010danja v \u017eivo. <\/h3>\n\n\n\n<h4 class=\"wp-block-heading\"><strong>Vabilo s podrobnostmi vas \u017ee \u010daka v va\u0161em e-po\u0161tnem nabiralniku.<\/strong><\/h4>\n\n\n\n<div data-wp-context=\"{ &quot;autoclose&quot;: false, &quot;accordionItems&quot;: [] }\" data-wp-interactive=\"core\/accordion\" role=\"group\" class=\"wp-block-accordion is-layout-flow wp-block-accordion-is-layout-flow\">\n<div data-wp-class--is-open=\"state.isOpen\" data-wp-context=\"{ &quot;id&quot;: &quot;accordion-item-1&quot;, &quot;openByDefault&quot;: false }\" data-wp-init=\"callbacks.initAccordionItems\" data-wp-on-window--hashchange=\"callbacks.hashChange\" class=\"wp-block-accordion-item is-layout-flow wp-block-accordion-item-is-layout-flow\">\n<h5 class=\"wp-block-accordion-heading\"><button aria-expanded=\"false\" aria-controls=\"accordion-item-1-panel\" data-wp-bind--aria-expanded=\"state.isOpen\" data-wp-on--click=\"actions.toggle\" data-wp-on--keydown=\"actions.handleKeyDown\" id=\"accordion-item-1\" type=\"button\" class=\"wp-block-accordion-heading__toggle\"><span class=\"wp-block-accordion-heading__toggle-title\"><strong>Lokacija:<\/strong><\/span><span class=\"wp-block-accordion-heading__toggle-icon\" aria-hidden=\"true\">+<\/span><\/button><\/h5>\n\n\n\n<div inert aria-labelledby=\"accordion-item-1\" data-wp-bind--inert=\"!state.isOpen\" id=\"accordion-item-1-panel\" role=\"region\" class=\"wp-block-accordion-panel is-layout-flow wp-block-accordion-panel-is-layout-flow\">\n<p><strong>Gosposvetska cesta 5<\/strong>. Ko vstopite v stavbo, se povzpnite po stopnicah v <strong>prvo nadstropje<\/strong>. Na hodniku zavijte <strong>levo<\/strong> in pojdite do konca hodnika, vse do <strong>zadnjih vrat<\/strong>.<\/p>\n<\/div>\n<\/div>\n\n\n\n<div data-wp-class--is-open=\"state.isOpen\" data-wp-context=\"{ &quot;id&quot;: &quot;accordion-item-2&quot;, &quot;openByDefault&quot;: false }\" data-wp-init=\"callbacks.initAccordionItems\" data-wp-on-window--hashchange=\"callbacks.hashChange\" class=\"wp-block-accordion-item is-layout-flow wp-block-accordion-item-is-layout-flow\">\n<h5 class=\"wp-block-accordion-heading\"><button aria-expanded=\"false\" aria-controls=\"accordion-item-2-panel\" data-wp-bind--aria-expanded=\"state.isOpen\" data-wp-on--click=\"actions.toggle\" data-wp-on--keydown=\"actions.handleKeyDown\" id=\"accordion-item-2\" type=\"button\" class=\"wp-block-accordion-heading__toggle\"><span class=\"wp-block-accordion-heading__toggle-title\"><strong>Parkiranje:<\/strong><\/span><span class=\"wp-block-accordion-heading__toggle-icon\" aria-hidden=\"true\">+<\/span><\/button><\/h5>\n\n\n\n<div inert aria-labelledby=\"accordion-item-2\" data-wp-bind--inert=\"!state.isOpen\" id=\"accordion-item-2-panel\" role=\"region\" class=\"wp-block-accordion-panel is-layout-flow wp-block-accordion-panel-is-layout-flow\">\n<p><strong>Najbolj\u0161a opcija:<\/strong> <strong>Parkiri\u0161\u010de Tivoli<\/strong>. Je cenovno najugodnej\u0161e in od njega potrebujete le 5\u20137 minut hoje do Gosposvetske 5.<\/p>\n\n\n\n<p><strong>Parkirna hi\u0161a:<\/strong> V neposredni bli\u017eini je <strong>PH Kozolec<\/strong> (obi\u010dajno dra\u017eja opcija, a zelo blizu).<\/p>\n\n\n\n<p><strong>Uli\u010dno parkiranje:<\/strong> Parkiranje na \u017dupan\u010di\u010devi in bli\u017enjih ulicah je pogosto zasedeno, zato ga zaradi zanesljivosti odsvetujem.<\/p>\n<\/div>\n<\/div>\n<\/div>\n\n\n\n<hr class=\"wp-block-separator has-alpha-channel-opacity\"\/>\n\n\n\n<h5 class=\"wp-block-heading\"><strong><em>Va\u0161a izku\u0161nja je lahko nekomu dragocen ka\u017eipot. <\/em><\/strong><\/h5>\n\n\n\n<h5 class=\"wp-block-heading\">Mnogi, ki se znajdejo v stiski, te\u017eko naredijo prvi korak in ne vedo, kje poiskati podporo. \u010ce ste z na\u0161im dosedanjim procesom zadovoljni, vas prijazno vabim, da <em>delite svojo izku\u0161njo<\/em> na Google Business profilu. S tem boste opolnomo\u010dili tiste, ki \u0161e oklevajo glede odlo\u010ditve za psihoterapijo.<\/h5>\n\n\n\n<p><strong><a href=\"https:\/\/g.page\/r\/CaCu8fsj2tXIEBM\/review\" data-type=\"link\" data-id=\"https:\/\/g.page\/r\/CaCu8fsj2tXIEBM\/review\">[TUKAJ ODDAJTE MNENJE]<\/a><\/strong> <\/p>\n\n\n\n<div style=\"height:33px\" aria-hidden=\"true\" class=\"wp-block-spacer\"><\/div>\n\n\n\n<figure class=\"wp-block-image size-full\"><img loading=\"lazy\" decoding=\"async\" width=\"132\" height=\"132\" src=\"https:\/\/integrapija.si\/wp-content\/uploads\/2026\/04\/image.png\" alt=\"\" class=\"wp-image-4579\" srcset=\"https:\/\/integrapija.si\/wp-content\/uploads\/2026\/04\/image.png 132w, https:\/\/integrapija.si\/wp-content\/uploads\/2026\/04\/image-12x12.png 12w, https:\/\/integrapija.si\/wp-content\/uploads\/2026\/04\/image-100x100.png 100w\" sizes=\"auto, (max-width: 132px) 100vw, 132px\" \/><\/figure>\n\n\n\n<div style=\"height:100px\" aria-hidden=\"true\" class=\"wp-block-spacer\"><\/div>\n","protected":false},"excerpt":{"rendered":"<p>Veselim se najinega sre\u010danja v \u017eivo. Vabilo s podrobnostmi vas \u017ee \u010daka v va\u0161em e-po\u0161tnem nabiralniku. Va\u0161a izku\u0161nja je lahko nekomu dragocen ka\u017eipot. Mnogi, ki se znajdejo v stiski, te\u017eko naredijo prvi korak in ne vedo, kje poiskati podporo. \u010ce ste z na\u0161im dosedanjim procesom zadovoljni, vas prijazno vabim, da delite svojo izku\u0161njo na Google [&hellip;]<\/p>\n","protected":false},"author":1,"featured_media":0,"parent":0,"menu_order":0,"comment_status":"closed","ping_status":"closed","template":"","meta":{"_acf_changed":false,"content-type":"","footnotes":""},"class_list":["post-4616","page","type-page","status-publish","hentry"],"acf":[],"_links":{"self":[{"href":"https:\/\/integrapija.si\/en\/wp-json\/wp\/v2\/pages\/4616","targetHints":{"allow":["GET"]}}],"collection":[{"href":"https:\/\/integrapija.si\/en\/wp-json\/wp\/v2\/pages"}],"about":[{"href":"https:\/\/integrapija.si\/en\/wp-json\/wp\/v2\/types\/page"}],"author":[{"embeddable":true,"href":"https:\/\/integrapija.si\/en\/wp-json\/wp\/v2\/users\/1"}],"replies":[{"embeddable":true,"href":"https:\/\/integrapija.si\/en\/wp-json\/wp\/v2\/comments?post=4616"}],"version-history":[{"count":6,"href":"https:\/\/integrapija.si\/en\/wp-json\/wp\/v2\/pages\/4616\/revisions"}],"predecessor-version":[{"id":4623,"href":"https:\/\/integrapija.si\/en\/wp-json\/wp\/v2\/pages\/4616\/revisions\/4623"}],"wp:attachment":[{"href":"https:\/\/integrapija.si\/en\/wp-json\/wp\/v2\/media?parent=4616"}],"curies":[{"name":"wp","href":"https:\/\/api.w.org\/{rel}","templated":true}]}}