{"id":771,"date":"2020-11-26T06:38:43","date_gmt":"2020-11-26T06:38:43","guid":{"rendered":"http:\/\/www.slashcreative.co\/dmip\/psychare\/?page_id=771"},"modified":"2025-07-26T14:57:56","modified_gmt":"2025-07-26T12:57:56","slug":"medicinska-hipnoza","status":"publish","type":"page","link":"https:\/\/integrapija.si\/en\/medicinska-hipnoza\/","title":{"rendered":"Medical hypnosis"},"content":{"rendered":"<div class=\"wpb-content-wrapper\"><p><style><\/style><div class=\"vc_row wpb_row vc_row-fluid content-dark data-bg-color-69dfddf9a4ffb row-z-index-69dfddf9a4ffb\" ><style><\/style><div class=\"wpb_column vc_column_container content-dark vc_col-sm-12 column-z-index-69dfddf9a516a\"> \r\r\r\r\n        <div class=\"vc_column-inner\"> \r\r\r\r\n            <div class=\"wpb_wrapper\"><div class=\"wpb_text_column wpb_content_element\" >\r\r\r\r\n\t\t<div class=\"wpb_wrapper\">\r\r\r\r\n\t\t\t<h2>Medical Hypnosis for Health and Balance.<\/h2>\n<h3>Medical hypnosis is the oldest known form of psychotherapeutic help, which is recognized as a treatment method by medical organizations around the world and in Slovenia.<\/h3>\n<p>In both adults and children, the effects of using hypnosis have been scientifically confirmed for a wide range of medical illnesses, mental conditions, and as an aid to various distress or psychological problems.<\/p>\n\r\r\r\r\n\t\t<\/div>\r\r\r\r\n\t<\/div><div class=\"vc_row wpb_row vc_inner vc_row-fluid\"><div class=\"wpb_column vc_column_container vc_col-sm-6\"><div class=\"vc_column-inner\"><div class=\"wpb_wrapper\"><div class=\"wpb_text_column wpb_content_element  wpb_animate_when_almost_visible wpb_fadeIn fadeIn krogci\" >\r\r\r\r\n\t\t<div class=\"wpb_wrapper\">\r\r\r\r\n\t\t\t<p><strong>HEALTH STATUS<\/strong><\/p>\n<p>pains,<br \/>\nIndigestion,<br \/>\nskin problems<br \/>\nmitigation of gastrointestinal side effects during pregnancy and chemotherapy,<br \/>\nhelping with grinding teeth and improving other oral conditions<\/p>\n\r\r\r\r\n\t\t<\/div>\r\r\r\r\n\t<\/div><\/div><\/div><\/div><div class=\"wpb_column vc_column_container vc_col-sm-6\"><div class=\"vc_column-inner\"><div class=\"wpb_wrapper\"><div class=\"wpb_text_column wpb_content_element  wpb_animate_when_almost_visible wpb_fadeIn fadeIn krogci\" >\r\r\r\r\n\t\t<div class=\"wpb_wrapper\">\r\r\r\r\n\t\t\t<p><strong>FEARS and PHOBIAS<\/strong><\/p>\n<p>fear of animals<br \/>\nfear of flying<br \/>\nexcessive nervousness,<br \/>\ntension,<br \/>\npanic,<br \/>\nfeeling threatened among the crowd\u2026<\/p>\n\r\r\r\r\n\t\t<\/div>\r\r\r\r\n\t<\/div><\/div><\/div><\/div><\/div><div class=\"vc_row wpb_row vc_inner vc_row-fluid\"><div class=\"wpb_column vc_column_container vc_col-sm-6\"><div class=\"vc_column-inner\"><div class=\"wpb_wrapper\"><div class=\"wpb_text_column wpb_content_element  wpb_animate_when_almost_visible wpb_fadeIn fadeIn krogci\" >\r\r\r\r\n\t\t<div class=\"wpb_wrapper\">\r\r\r\r\n\t\t\t<p><strong>DEPENDENCES<\/strong><\/p>\n<p>smoking cessation,<br \/>\nnail biting,<br \/>\nalcohol, food,<br \/>\ngambling<\/p>\n\r\r\r\r\n\t\t<\/div>\r\r\r\r\n\t<\/div><\/div><\/div><\/div><div class=\"wpb_column vc_column_container vc_col-sm-6\"><div class=\"vc_column-inner\"><div class=\"wpb_wrapper\"><div class=\"wpb_text_column wpb_content_element  wpb_animate_when_almost_visible wpb_fadeIn fadeIn krogci\" >\r\r\r\r\n\t\t<div class=\"wpb_wrapper\">\r\r\r\r\n\t\t\t<p><strong>STRESS AND CONCENTRATION<\/strong><\/p>\n<p>anxiety,<br \/>\ninsomnia,<br \/>\nlearning disabilities,<br \/>\nsexual dysfunctions<\/p>\n\r\r\r\r\n\t\t<\/div>\r\r\r\r\n\t<\/div><\/div><\/div><\/div><\/div><div class=\"vc_row wpb_row vc_inner vc_row-fluid\"><div class=\"wpb_column vc_column_container vc_col-sm-6\"><div class=\"vc_column-inner\"><div class=\"wpb_wrapper\"><div class=\"wpb_text_column wpb_content_element  wpb_animate_when_almost_visible wpb_fadeIn fadeIn krogci\" >\r\r\r\r\n\t\t<div class=\"wpb_wrapper\">\r\r\r\r\n\t\t\t<p><strong>HABITS<\/strong><\/p>\n<p>weight loss,<br \/>\nbad eating habits,<br \/>\nburnout<br \/>\nexcessive stress,<br \/>\nprocrastinating\u2026<\/p>\n\r\r\r\r\n\t\t<\/div>\r\r\r\r\n\t<\/div><\/div><\/div><\/div><div class=\"wpb_column vc_column_container vc_col-sm-6\"><div class=\"vc_column-inner\"><div class=\"wpb_wrapper\"><div class=\"wpb_text_column wpb_content_element  wpb_animate_when_almost_visible wpb_fadeIn fadeIn krogci\" >\r\r\r\r\n\t\t<div class=\"wpb_wrapper\">\r\r\r\r\n\t\t\t<p><strong>SELF-IMAGE<\/strong><\/p>\n<p>stress management,<br \/>\nfeeling yourself and your potentials,<br \/>\nrelaxation,<br \/>\nregeneration,<br \/>\nnew ideas and their implementation,<br \/>\nwork with goals\u2026<\/p>\n\r\r\r\r\n\t\t<\/div>\r\r\r\r\n\t<\/div><\/div><\/div><\/div><\/div><div class=\"vc_row wpb_row vc_inner vc_row-fluid\"><div class=\"wpb_column vc_column_container vc_col-sm-6\"><div class=\"vc_column-inner\"><div class=\"wpb_wrapper\"><div class=\"wpb_text_column wpb_content_element  wpb_animate_when_almost_visible wpb_fadeIn fadeIn krogci\" >\r\r\r\r\n\t\t<div class=\"wpb_wrapper\">\r\r\r\r\n\t\t\t<p><strong>EMOTIONS<\/strong><\/p>\n<p>recovery,<br \/>\njealousy,<br \/>\nmourning,<br \/>\nfeelings of guilt,<br \/>\ninability to contact oneself,<br \/>\nrefusal,<br \/>\nexcessive egotism\u2026<\/p>\n\r\r\r\r\n\t\t<\/div>\r\r\r\r\n\t<\/div><\/div><\/div><\/div><div class=\"wpb_column vc_column_container vc_col-sm-6\"><div class=\"vc_column-inner\"><div class=\"wpb_wrapper\"><div class=\"wpb_text_column wpb_content_element  wpb_animate_when_almost_visible wpb_fadeIn fadeIn krogci\" >\r\r\r\r\n\t\t<div class=\"wpb_wrapper\">\r\r\r\r\n\t\t\t<p><strong>RELATIONSHIPS<\/strong><\/p>\n<p>communication and relationship problems,<br \/>\npartnership relations,<br \/>\nfamily therapy,<br \/>\nlow self-esteem<br \/>\nconfidence,<br \/>\ninternal conflicts,<br \/>\nmisunderstanding\u2026<\/p>\n\r\r\r\r\n\t\t<\/div>\r\r\r\r\n\t<\/div><\/div><\/div><\/div><\/div> \r\r\r\r\n            <\/div> \r\r\r\r\n        <\/div>\r\r\r\r\n    <\/div><style><\/style><div class=\"wpb_column vc_column_container content-dark vc_col-sm-12 column-z-index-69dfddf9a6088\"> \r\r\r\r\n        <div class=\"vc_column-inner\"> \r\r\r\r\n            <div class=\"wpb_wrapper\"><div class=\"wpb_text_column wpb_content_element\" >\r\r\r\r\n\t\t<div class=\"wpb_wrapper\">\r\r\r\r\n\t\t\t<h3>Medical hypnosis has been shown to be effective for:<\/h3>\n<ul>\n<li><strong>Alleviation and elimination of acute and chronic pain<\/strong><br \/>\nIt provides pain relief, both short-term and long-term.<\/li>\n<li><strong>Reduction of pain, stress and discomfort during medical and dental procedures<\/strong><br \/>\nIncreases comfort and reduces discomfort during procedures.<\/li>\n<li><strong>Reducing general anxiety<\/strong><br \/>\nIt helps in managing anxiety and improving psychological well-being.<\/li>\n<li><strong>Releasing muscle tension<\/strong><br \/>\nIt increases relaxation and reduces physical tension.<\/li>\n<li><strong>Reducing stress levels<\/strong><br \/>\nIt helps to manage everyday stress.<\/li>\n<li><strong>Elimination of insomnia<\/strong><br \/>\nIt improves the quality of sleep and solves problems with insomnia.<\/li>\n<li><strong>Coping with excess body weight<\/strong><br \/>\nSupports efforts to achieve and maintain a healthy weight.<\/li>\n<li><strong>Management of psychosomatic problems<\/strong>, such as:\n<ul>\n<li>Tension headaches and migraines<\/li>\n<li>Asthma<\/li>\n<li>Gastrointestinal disorders (e.g. irritable bowel syndrome)<\/li>\n<li>Various skin diseases<\/li>\n<\/ul>\n<p><em>It helps with problems where psychological and physical factors are intertwined.<\/em><\/li>\n<\/ul>\n\r\r\r\r\n\t\t<\/div>\r\r\r\r\n\t<\/div><div class=\"wpb_text_column wpb_content_element\" >\r\r\r\r\n\t\t<div class=\"wpb_wrapper\">\r\r\r\r\n\t\t\t<h4>Prevalence and use<\/h4>\n<p><a href=\"https:\/\/integrapija.si\/en\/kaj-je-hipnoza\/\">Medical hypnosis<\/a> it is still most often used as an anti-pain therapy. It is a very successful method for chronic headaches, migraines and in obstetrics for reducing the feeling of pain during childbirth. In oncology, it is used in the additional pain-relieving treatment of advanced cancer, as well as to improve the general well-being of the patient.<\/p>\n<p>In the world, it often replaces general anesthesia for operations or for frequent and short-term painful interventions (for example, dressing and caring for a severely burned patient). Even in dentistry, many painful procedures can be performed under hypnosis, and it can also be used to eliminate the fear of visiting the dentist.<\/p>\n<p>Various psychosomatic diseases also respond well to hypnotic suggestions - chronic fatigue syndrome, irritable bowel syndrome, buzzing and ringing in the ears...<\/p>\n\r\r\r\r\n\t\t<\/div>\r\r\r\r\n\t<\/div><div  class=\"wpb_single_image wpb_content_element vc_align_center\">\r\r\r\r\n\t\t\r\r\r\r\n\t\t<figure class=\"wpb_wrapper vc_figure\">\r\r\r\r\n\t\t\t<div class=\"vc_single_image-wrapper   vc_box_border_grey\"><img loading=\"lazy\" decoding=\"async\" width=\"1903\" height=\"800\" src=\"https:\/\/integrapija.si\/wp-content\/uploads\/2023\/06\/a.jpg\" class=\"vc_single_image-img attachment-full\" alt=\"medicinska_h_integrapija\" title=\"medical_h_integration\" srcset=\"https:\/\/integrapija.si\/wp-content\/uploads\/2023\/06\/a.jpg 1903w, https:\/\/integrapija.si\/wp-content\/uploads\/2023\/06\/a-300x126.jpg 300w, https:\/\/integrapija.si\/wp-content\/uploads\/2023\/06\/a-1024x430.jpg 1024w, https:\/\/integrapija.si\/wp-content\/uploads\/2023\/06\/a-768x323.jpg 768w, https:\/\/integrapija.si\/wp-content\/uploads\/2023\/06\/a-1536x646.jpg 1536w, https:\/\/integrapija.si\/wp-content\/uploads\/2023\/06\/a-600x252.jpg 600w\" sizes=\"auto, (max-width: 1903px) 100vw, 1903px\" \/><\/div>\r\r\r\r\n\t\t<\/figure>\r\r\r\r\n\t<\/div>  \r\r\r\r\n            <\/div> \r\r\r\r\n        <\/div>\r\r\r\r\n    <\/div><\/div><style><\/style><div class=\"vc_row wpb_row vc_row-fluid content-dark data-bg-color-69dfddf9a6914 row-z-index-69dfddf9a6914\" ><style><\/style><div class=\"wpb_column vc_column_container content-dark vc_col-sm-12 column-z-index-69dfddf9a699f\"> \r\r\r\r\n        <div class=\"vc_column-inner\"> \r\r\r\r\n            <div class=\"wpb_wrapper\"><div class=\"vc_tta-container\" data-vc-action=\"collapseAll\"> <div class=\"vc_general vc_tta vc_tta-accordion vc_tta-color-white vc_tta-style-modern vc_tta-shape-rounded vc_tta-o-shape-group vc_tta-controls-align-left vc_tta-o-all-clickable\">  <div class=\"vc_tta-panels-container\">          <div class=\"vc_tta-panels\"><div class=\"vc_tta-panel\" id=\"1662885262430-16b1a4ae-2ad8\" data-vc-content=\".vc_tta-panel-body\"><div class=\"vc_tta-panel-heading\"><h4 class=\"vc_tta-panel-title vc_tta-controls-icon-position-left\"><a href=\"#1662885262430-16b1a4ae-2ad8\" data-vc-accordion data-vc-container=\".vc_tta-container\"><span class=\"vc_tta-title-text\">Medical hypnosis in Slovenia<\/span><i class=\"vc_tta-controls-icon vc_tta-controls-icon-plus\"><\/i><\/a><\/h4><\/div><div class=\"vc_tta-panel-body\"><div class=\"wpb_text_column wpb_content_element\" >\r\r\r\r\n\t\t<div class=\"wpb_wrapper\">\r\r\r\r\n\t\t\t<p>Hypnosis began in Slovenia, under the auspices of\u00a0<a href=\"https:\/\/hipnoza-dmhs.si\/prof-dr-marjan-pajntar\/\" target=\"_blank\" rel=\"noopener\">prof. dr. Marjan Pajntarja<\/a>, to be used in 1962 in the Kranj maternity hospital to relieve pain during childbirth. Ten years later, as many as 20 percent of all women in labor gave birth with the help of hypnosis in the maternity hospital in Kranj.<\/p>\n<p>Its use then spread to the field of rehabilitation, forensics, dentistry, sports, and at the same time as hypnotherapy for various psychosomatic, psychological and somatic problems.<\/p>\n<p>There is so much scientific research available today that confirms the effectiveness of hypnosis, so we can rightly conclude that medical hypnosis is effective in treating psychological and psychosomatic problems.<\/p>\n<p>Currently, the use of hypnosis in the clinical and research fields continues to increase, as does research into the neuropsychological mechanisms involved in the hypnotic process.<\/p>\n\r\r\r\r\n\t\t<\/div>\r\r\r\r\n\t<\/div><\/div><\/div><div class=\"vc_tta-panel\" id=\"1662885262463-e6fcf21e-489d\" data-vc-content=\".vc_tta-panel-body\"><div class=\"vc_tta-panel-heading\"><h4 class=\"vc_tta-panel-title vc_tta-controls-icon-position-left\"><a href=\"#1662885262463-e6fcf21e-489d\" data-vc-accordion data-vc-container=\".vc_tta-container\"><span class=\"vc_tta-title-text\">Medical hypnosis around the world<\/span><i class=\"vc_tta-controls-icon vc_tta-controls-icon-plus\"><\/i><\/a><\/h4><\/div><div class=\"vc_tta-panel-body\"><style>#slcr_custom_heading_69dfddf9a70b3{ text-align: left;  }<\/style><p id=\"slcr_custom_heading_69dfddf9a70b3\" class=\"vc_custom_heading font-400\" >Since the treatment of psychological and socially conditioned diseases with drugs and psychotherapy can be long-term, there has been a tendency in the world to use medical hypnosis as a psychotherapeutic tool in these cases, thus shortening the treatment.<\/p><div class=\"vc_row wpb_row vc_inner vc_row-fluid vc_row-o-equal-height vc_row-o-content-middle vc_row-flex\"><div class=\"wpb_column vc_column_container vc_col-sm-6\"><div class=\"vc_column-inner\"><div class=\"wpb_wrapper\"><div  class=\"wpb_single_image wpb_content_element vc_align_center\">\r\r\r\r\n\t\t\r\r\r\r\n\t\t<figure class=\"wpb_wrapper vc_figure\">\r\r\r\r\n\t\t\t<div class=\"vc_single_image-wrapper   vc_box_border_grey\"><\/div>\r\r\r\r\n\t\t<\/figure>\r\r\r\r\n\t<\/div> <\/div><\/div><\/div><div class=\"wpb_column vc_column_container vc_col-sm-6\"><div class=\"vc_column-inner\"><div class=\"wpb_wrapper\"><style>#slcr_custom_heading_69dfddf9a77f2{ text-align: left;  }<\/style><p id=\"slcr_custom_heading_69dfddf9a77f2\" class=\"vc_custom_heading vc_custom_1651161110027 font-400\" >In the world, it often replaces general anesthesia for operations or for frequent and short-term painful interventions (for example, dressing and caring for a severely burned patient).<\/p>\n<p>In dentistry, many painful procedures can be performed under hypnosis, and it can also be used to eliminate the fear of visiting the dentist.<\/p>\n<p>In Europe, Germany, Austria, Italy, Belgium and Denmark are at the forefront today. Even in some Scandinavian countries, thousands of surgical operations have been performed under hypnotic anesthesia in recent years.<\/p><div class=\"wpb_text_column wpb_content_element\" >\r\r\r\r\n\t\t<div class=\"wpb_wrapper\">\r\r\r\r\n\t\t\t<p>In Belgium, a study was made in which around 9,000 surgical operations were performed under hypnosis alone or in combination with chemical anesthesia.<\/p>\n\r\r\r\r\n\t\t<\/div>\r\r\r\r\n\t<\/div><\/div><\/div><\/div><\/div><\/div><\/div>         <\/div>  <\/div>  <\/div> <\/div><div class=\"vc_separator wpb_content_element vc_separator_align_center vc_sep_width_100 vc_sep_pos_align_center vc_separator_no_text vc_custom_1606374141624 wpb_content_element  vc_custom_1606374141624 wpb_content_element\" ><span class=\"vc_sep_holder vc_sep_holder_l\"><span style=\"border-color:#eeeeee;\" class=\"vc_sep_line\"><\/span><\/span><span class=\"vc_sep_holder vc_sep_holder_r\"><span style=\"border-color:#eeeeee;\" class=\"vc_sep_line\"><\/span><\/span>\n<\/div> \r\r\r\r\n            <\/div> \r\r\r\r\n        <\/div>\r\r\r\r\n    <\/div><\/div><style><\/style><div class=\"vc_row wpb_row vc_row-fluid content-dark data-bg-color-69dfddf9b2cf4 row-z-index-69dfddf9b2cf4\" ><style> .slcr_custom_pricing_table_css_69dfddf9b2f75 .pricing-header h4 {   }  .slcr_custom_pricing_table_css_69dfddf9b2f75 .pricing-content h3 {   } .slcr_custom_pricing_table_css_69dfddf9b2f75 .pricing-content p {   }<\/style><style><\/style><style><\/style><div class=\"wpb_column vc_column_container content-dark vc_col-sm-12 column-z-index-69dfddf9b2df1\"> \r\r\r\r\n        <div class=\"vc_column-inner\"> \r\r\r\r\n            <div class=\"wpb_wrapper\"> \r\r\r\r\n                <div class=\"owl owl-carousel carousel-shortcode\"  data-carousel-loop=\"false\" data-carousel-dots=\"true\" data-carousel-margin=\"30\" data-carousel-autoplay=\"false\" data-carousel-responsiveclass=\"true\" data-carousel-stage-padding=\"0\" data-carousel-ani-i=\"\" data-carousel-ani-o=\"\" data-carousel-animatein=\"\" data-carousel-animateout=\"\" data-carousel-smartspeed=\"850\" data-carousel-items-mob=\"1\" data-carousel-items-tab=\"1\" data-carousel-items-pc=\"1\" data-carousel-nav-mob=\"false\" data-carousel-nav-tab=\"false\" data-carousel-nav-pc=\"false\" data-carousel-dots-mob=\"false\" data-carousel-dots-tab=\"false\" data-carousel-dots-pc=\"false\">\r\r\r\r\n                <div class=\"pricing__06       slcr_custom_pricing_table_css_69dfddf9b2f75\" >\r\r\r\r\n                    <div class=\"pricing-header\">\r\r\r\r\n                      <h4>Individual program<\/h4>\r\r\r\r\n                    <\/div>\r\r\r\r\n                    <div class=\"pricing-content\">\r\r\r\r\n                      <div class=\"plan-price\">\r\r\r\r\n                        <h3>Hypnotherapy<\/h3>\r\r\r\r\n                        <p>unique approach<\/p>\r\r\r\r\n                      <\/div>\r\r\r\r\n                      <div class=\"plan-features\"> \r\r\r\r\n                        \n<ul class=\"plan-list\">\n<li><i class=\"fa fa-check\"><\/i>Individual <strong>specialized<\/strong> program \u2013 in-depth hypnotherapy, tailored to you<\/li>\n<li><i class=\"fa fa-check\"><\/i>Addressing the root causes \u2013 not just the symptoms, but the true root causes.<\/li>\n<li><i class=\"fa fa-check\"><\/i>A unique approach \u2013 complete dedication and personal adaptation for lasting change.<\/li>\n<\/ul>\n\r\r\r\r\n                      <\/div>\r\r\r\r\n                      <div class=\"plan-button\">\r\r\r\r\n                        \r\r\r\r\n                        <a href=\"https:\/\/www.staspirc.com\/rezervirajklic\/\" title=\"Consultation call\" target=\"_blank\" class=\"btn btn--xl font-400 btn--pill  btn--primary   slcr_custom_pricing_table_button_css_69dfddf9b2f75\" rel=\"noopener\"><span>Consultation call<\/span><\/a>\r\r\r\r\n                      <\/div>\r\r\r\r\n                    <\/div>\r\r\r\r\n                <\/div>      \r\r\r\r\n               \r\r\r\r\n                <\/div> \r\r\r\r\n            <\/div> \r\r\r\r\n        <\/div>\r\r\r\r\n    <\/div><\/div><style><\/style><div class=\"vc_row wpb_row vc_row-fluid content-dark data-bg-color-69dfddf9b31e8 row-z-index-69dfddf9b31e8\" ><style><\/style><div class=\"wpb_column vc_column_container content-dark vc_col-sm-12 column-z-index-69dfddf9b3299\"> \r\r\r\r\n        <div class=\"vc_column-inner\"> \r\r\r\r\n            <div class=\"wpb_wrapper\"><div class=\"vc_separator wpb_content_element vc_separator_align_center vc_sep_width_100 vc_sep_pos_align_center vc_separator_no_text vc_custom_1606374739848 wpb_content_element  vc_custom_1606374739848 wpb_content_element\" ><span class=\"vc_sep_holder vc_sep_holder_l\"><span style=\"border-color:#eeeeee;\" class=\"vc_sep_line\"><\/span><\/span><span class=\"vc_sep_holder vc_sep_holder_r\"><span style=\"border-color:#eeeeee;\" class=\"vc_sep_line\"><\/span><\/span>\n<\/div><div class=\"wpb_text_column wpb_content_element\" >\r\r\r\r\n\t\t<div class=\"wpb_wrapper\">\r\r\r\r\n\t\t\t<h4>Who is suitable for medical hypnosis treatment?<\/h4>\n<p>Most problems do not require a high level of hypnotizability, which means that more than 80 percent of people are perfectly suitable for medical hypnosis treatment. Only rare contraindications require a special level of caution. These include serious heart diseases, epilepsy and psychoses.<\/p>\n<p>In the fast pace of life, more and more people decide to undergo treatment precisely for the purpose of stress management and self-soothing, as they thus protect themselves preventively against many diseases and disorders of today&#039;s times. No meditation, exercise or autogenic training can match the intensity and depth of the pleasant experience with the peace and energy brought by a hypnotic trance.<\/p>\n\r\r\r\r\n\t\t<\/div>\r\r\r\r\n\t<\/div> \r\r\r\r\n            <\/div> \r\r\r\r\n        <\/div>\r\r\r\r\n    <\/div><\/div>\n<\/div>","protected":false},"excerpt":{"rendered":"Medicinska hipnoza za zdravje in ravnovesje. Medicinska hipnoza je najstarej\u0161a znana oblika psihoterapevtske pomo\u010di, ki jo kot metodo zdravljenja priznavajo zdravni\u0161ke organizacije po svetu in v Sloveniji. Tako pri odraslih kot otrocih so u\u010dinki uporabe hipnoze znanstveno potrjeni pri \u0161irokem spektru medicinskih bolezni, du\u0161evnih stanj in kot pomo\u010d pri razli\u010dnih stiskah ali psiholo\u0161kih problemih. ZDRAVSTVENO [...]","protected":false},"author":2,"featured_media":2711,"parent":0,"menu_order":0,"comment_status":"closed","ping_status":"closed","template":"sidebar-right.php","meta":{"_acf_changed":false,"content-type":"","footnotes":""},"class_list":["post-771","page","type-page","status-publish","has-post-thumbnail","hentry"],"acf":[],"_links":{"self":[{"href":"https:\/\/integrapija.si\/en\/wp-json\/wp\/v2\/pages\/771","targetHints":{"allow":["GET"]}}],"collection":[{"href":"https:\/\/integrapija.si\/en\/wp-json\/wp\/v2\/pages"}],"about":[{"href":"https:\/\/integrapija.si\/en\/wp-json\/wp\/v2\/types\/page"}],"author":[{"embeddable":true,"href":"https:\/\/integrapija.si\/en\/wp-json\/wp\/v2\/users\/2"}],"replies":[{"embeddable":true,"href":"https:\/\/integrapija.si\/en\/wp-json\/wp\/v2\/comments?post=771"}],"version-history":[{"count":2,"href":"https:\/\/integrapija.si\/en\/wp-json\/wp\/v2\/pages\/771\/revisions"}],"predecessor-version":[{"id":4278,"href":"https:\/\/integrapija.si\/en\/wp-json\/wp\/v2\/pages\/771\/revisions\/4278"}],"wp:featuredmedia":[{"embeddable":true,"href":"https:\/\/integrapija.si\/en\/wp-json\/wp\/v2\/media\/2711"}],"wp:attachment":[{"href":"https:\/\/integrapija.si\/en\/wp-json\/wp\/v2\/media?parent=771"}],"curies":[{"name":"wp","href":"https:\/\/api.w.org\/{rel}","templated":true}]}}