{"id":822,"date":"2020-12-02T05:02:08","date_gmt":"2020-12-02T05:02:08","guid":{"rendered":"http:\/\/www.slashcreative.co\/dmip\/psychare\/?page_id=822"},"modified":"2024-04-03T11:51:19","modified_gmt":"2024-04-03T09:51:19","slug":"didgeridoo-zvocna-terapija","status":"publish","type":"page","link":"https:\/\/integrapija.si\/en\/didgeridoo-zvocna-terapija\/","title":{"rendered":"Didgeridoo Sound Therapy"},"content":{"rendered":"<div class=\"wpb-content-wrapper\"><p><style><\/style><div class=\"vc_row wpb_row vc_row-fluid content-dark data-bg-color-69e031683cdf1 row-z-index-69e031683cdf1\" ><style><\/style><div class=\"wpb_column vc_column_container content-dark vc_col-sm-12 column-z-index-69e031683cee3\"> \r\r\r\r\n        <div class=\"vc_column-inner\"> \r\r\r\r\n            <div class=\"wpb_wrapper\"><div class=\"wpb_text_column wpb_content_element\" >\r\r\r\r\n\t\t<div class=\"wpb_wrapper\">\r\r\r\r\n\t\t\t<h3>The digeridoo is an ancient musical instrument and a powerful tool that can help raise one&#039;s vibration back to a less chaotic and natural rhythm.<\/h3>\n<h4>Didgeridoo Sound Therapy is a holistic health modality used to promote a healthy mind, body and spirit.<\/h4>\n<p>The tones produced by the didgeridoo allow people who have never consciously focused on meditation and breathing techniques to reach these deep healing states with very little effort.<\/p>\n\r\r\r\r\n\t\t<\/div>\r\r\r\r\n\t<\/div><div  class=\"wpb_single_image wpb_content_element vc_align_center\">\r\r\r\r\n\t\t\r\r\r\r\n\t\t<figure class=\"wpb_wrapper vc_figure\">\r\r\r\r\n\t\t\t<div class=\"vc_single_image-wrapper   vc_box_border_grey\"><img loading=\"lazy\" decoding=\"async\" width=\"1903\" height=\"1427\" src=\"https:\/\/integrapija.si\/wp-content\/uploads\/2023\/06\/IMG_20220326_151947.jpg\" class=\"vc_single_image-img attachment-full\" alt=\"zvocna integrapija2\" title=\"sound integration2\" srcset=\"https:\/\/integrapija.si\/wp-content\/uploads\/2023\/06\/IMG_20220326_151947.jpg 1903w, https:\/\/integrapija.si\/wp-content\/uploads\/2023\/06\/IMG_20220326_151947-300x225.jpg 300w, https:\/\/integrapija.si\/wp-content\/uploads\/2023\/06\/IMG_20220326_151947-1024x768.jpg 1024w, https:\/\/integrapija.si\/wp-content\/uploads\/2023\/06\/IMG_20220326_151947-768x576.jpg 768w, https:\/\/integrapija.si\/wp-content\/uploads\/2023\/06\/IMG_20220326_151947-1536x1152.jpg 1536w, https:\/\/integrapija.si\/wp-content\/uploads\/2023\/06\/IMG_20220326_151947-600x450.jpg 600w\" sizes=\"auto, (max-width: 1903px) 100vw, 1903px\" \/><\/div>\r\r\r\r\n\t\t<\/figure>\r\r\r\r\n\t<\/div>  \r\r\r\r\n            <\/div> \r\r\r\r\n        <\/div>\r\r\r\r\n    <\/div><\/div><style><\/style><div class=\"vc_row wpb_row vc_row-fluid content-dark data-bg-color-69e031683d79d row-z-index-69e031683d79d\" ><style><\/style><div class=\"wpb_column vc_column_container content-dark vc_col-sm-12 column-z-index-69e031683d850\"> \r\r\r\r\n        <div class=\"vc_column-inner\"> \r\r\r\r\n            <div class=\"wpb_wrapper\"><div class=\"wpb_text_column wpb_content_element\" >\r\r\r\r\n\t\t<div class=\"wpb_wrapper\">\r\r\r\r\n\t\t\t<h3>The wide range of harmonics produced by the didgeridoo vibrates in an ancient and universal tone and can be used as a sound therapy or sound healing tool that affects humans on three basic levels.<\/h3>\n<p><strong><span style=\"color: #a57355;\"><em>Infra sound<\/em><\/span> <\/strong>- the didgeridoo has the potential to produce infrasound frequencies that can be used as a &quot;sound massage without touch&quot;. The low frequency characteristic of the didgeridoo has been reported to provide <span style=\"color: #a57355;\"><em>relief of a wide range of pain in the joints, muscles and skeleton and promotes accelerated healing in various forms of bone trauma.<\/em><\/span> It can also be used safely after surgery in people who have received both metallic and non-metallic implants.<\/p>\n<p><strong><span style=\"color: #a57355;\"><em>Clearing emotional and energy stagnation<\/em><\/span><\/strong> \u2013 <a href=\"https:\/\/www.didgeproject.com\/therapeutics\/didgeridoo-healing-and-meditation\/\" target=\"_blank\" rel=\"noopener\">the sound of the didgeridoo<\/a> it is <em><span style=\"color: #a57355;\">an effective tool for releasing stored negative energy and\/or emotional stagnation<\/span><\/em>. This natural characteristic of the didgeridoo combined with sophisticated systems of subtle energy medicine theory from traditional Chinese medicine (meridian theory) and Ayurveda (chakra theory) ensures a high level of qi\/pranic purification and balancing. The most basic description of the energetic cleansing power of the didgeridoo is &quot;it&#039;s like a reiki or qi gong cleanser.&quot; The effects of energy cleansing have been reported to be similar to traditional five element acupuncture.<\/p>\n<p><strong><span style=\"color: #a57355;\"><em>Meditation and mind-body healing<\/em><\/span><\/strong> \u2013 Meditation is the foundation of mental and physical health. <em><span style=\"color: #a57355;\">The unique tones of the didgeridoo allow listeners to easily enter deep meditative states of theta and delta brain waves.<\/span><\/em> In these brainwave states, we reach our highest healing potential for physical and mental health by reconnecting our mind with our body. Regular meditation promotes a healthy mind-body connection. Meditation can also be used for quantum manifested healing and co-creation of our universe.<\/p>\n\r\r\r\r\n\t\t<\/div>\r\r\r\r\n\t<\/div><div class=\"vc_separator wpb_content_element vc_separator_align_center vc_sep_width_100 vc_sep_pos_align_center vc_separator_no_text vc_custom_1606374141624 wpb_content_element  vc_custom_1606374141624 wpb_content_element\" ><span class=\"vc_sep_holder vc_sep_holder_l\"><span style=\"border-color:#eeeeee;\" class=\"vc_sep_line\"><\/span><\/span><span class=\"vc_sep_holder vc_sep_holder_r\"><span style=\"border-color:#eeeeee;\" class=\"vc_sep_line\"><\/span><\/span>\n<\/div> \r\r\r\r\n            <\/div> \r\r\r\r\n        <\/div>\r\r\r\r\n    <\/div><\/div><style><\/style><div class=\"vc_row wpb_row vc_row-fluid content-dark data-bg-color-69e031683de78 row-z-index-69e031683de78\" ><style><\/style><div class=\"wpb_column vc_column_container content-dark vc_col-sm-12 column-z-index-69e031683df0f\"> \r\r\r\r\n        <div class=\"vc_column-inner\"> \r\r\r\r\n            <div class=\"wpb_wrapper\"><div class=\"wpb_text_column wpb_content_element\" >\r\r\r\r\n\t\t<div class=\"wpb_wrapper\">\r\r\r\r\n\t\t\t<h3>Principles of sound therapy and sound therapy<\/h3>\n<p><a href=\"https:\/\/integrapija.si\/en\/storitve\/zvocna-terapija\/\">Sound therapy<\/a> is a holistic health practice that uses meditation and intention to effect positive changes in a person&#039;s mind, body and spirit. With meditation and personal intention as the cornerstones of the practice, didgeridoo sound therapy uses sound using the principles of Ayurvedic and traditional Chinese medicine energy clearing theory to cleanse and balance a person&#039;s subtle energy system.<\/p>\n\r\r\r\r\n\t\t<\/div>\r\r\r\r\n\t<\/div><div class=\"vc_empty_space\"   style=\"height: 32px\"><span class=\"vc_empty_space_inner\"><\/span><\/div><div class=\"vc_row wpb_row vc_inner vc_row-fluid vc_row-o-equal-height vc_row-o-content-middle vc_row-flex\"><div class=\"wpb_column vc_column_container vc_col-sm-6\"><div class=\"vc_column-inner\"><div class=\"wpb_wrapper\"><div  class=\"wpb_single_image wpb_content_element vc_align_center\">\r\r\r\r\n\t\t\r\r\r\r\n\t\t<figure class=\"wpb_wrapper vc_figure\">\r\r\r\r\n\t\t\t<div class=\"vc_single_image-wrapper   vc_box_border_grey\"><img loading=\"lazy\" decoding=\"async\" width=\"350\" height=\"525\" src=\"https:\/\/integrapija.si\/wp-content\/uploads\/2023\/06\/zvocna_terapija.jpg\" class=\"vc_single_image-img attachment-full\" alt=\"zvocna_terapija\" title=\"sound_therapy\" srcset=\"https:\/\/integrapija.si\/wp-content\/uploads\/2023\/06\/zvocna_terapija.jpg 350w, https:\/\/integrapija.si\/wp-content\/uploads\/2023\/06\/zvocna_terapija-200x300.jpg 200w\" sizes=\"auto, (max-width: 350px) 100vw, 350px\" \/><\/div>\r\r\r\r\n\t\t<\/figure>\r\r\r\r\n\t<\/div> <\/div><\/div><\/div><div class=\"wpb_column vc_column_container vc_col-sm-6\"><div class=\"vc_column-inner\"><div class=\"wpb_wrapper\"><div class=\"wpb_text_column wpb_content_element\" >\r\r\r\r\n\t\t<div class=\"wpb_wrapper\">\r\r\r\r\n\t\t\t<ul>\n<li>\n<h5>based on theoretical principles found in the traditions of Ayurveda and Traditional Chinese Medicine.<\/h5>\n<\/li>\n<\/ul>\n<p>&nbsp;<\/p>\n<ul>\n<li>\n<h5>ancient healing methods believe that all life vibrates at different frequencies and the human body in particular has several vibrational frequencies that can slip &quot;out of tune&quot; due to emotional or energetic stagnation.<\/h5>\n<\/li>\n<\/ul>\n<p>&nbsp;<\/p>\n<ul>\n<li>\n<h5>When these frequencies are &quot;out of tune&quot; they can cause physical and emotional health problems.<\/h5>\n<\/li>\n<\/ul>\n\r\r\r\r\n\t\t<\/div>\r\r\r\r\n\t<\/div><\/div><\/div><\/div><\/div><div class=\"vc_separator wpb_content_element vc_separator_align_center vc_sep_width_100 vc_sep_pos_align_center vc_separator_no_text vc_custom_1606374739848 wpb_content_element  vc_custom_1606374739848 wpb_content_element\" ><span class=\"vc_sep_holder vc_sep_holder_l\"><span style=\"border-color:#eeeeee;\" class=\"vc_sep_line\"><\/span><\/span><span class=\"vc_sep_holder vc_sep_holder_r\"><span style=\"border-color:#eeeeee;\" class=\"vc_sep_line\"><\/span><\/span>\n<\/div> \r\r\r\r\n            <\/div> \r\r\r\r\n        <\/div>\r\r\r\r\n    <\/div><\/div><style><\/style><div class=\"vc_row wpb_row vc_row-fluid content-dark data-bg-color-69e031683ea83 row-z-index-69e031683ea83\" ><style> .slcr_custom_pricing_table_css_69e031683ec51 .pricing-header h4 {   }  .slcr_custom_pricing_table_css_69e031683ec51 .pricing-content h3 {   } .slcr_custom_pricing_table_css_69e031683ec51 .pricing-content p {   }<\/style><style><\/style><style><\/style><div class=\"wpb_column vc_column_container content-dark vc_col-sm-12 column-z-index-69e031683eb00\"> \r\r\r\r\n        <div class=\"vc_column-inner\"> \r\r\r\r\n            <div class=\"wpb_wrapper\"> \r\r\r\r\n                <div class=\"owl owl-carousel carousel-shortcode  visible-outer\"  data-carousel-loop=\"false\" data-carousel-dots=\"true\" data-carousel-margin=\"30\" data-carousel-autoplay=\"false\" data-carousel-responsiveclass=\"true\" data-carousel-stage-padding=\"0\" data-carousel-ani-i=\"\" data-carousel-ani-o=\"\" data-carousel-animatein=\"\" data-carousel-animateout=\"\" data-carousel-smartspeed=\"850\" data-carousel-items-mob=\"1\" data-carousel-items-tab=\"1\" data-carousel-items-pc=\"1\" data-carousel-nav-mob=\"false\" data-carousel-nav-tab=\"false\" data-carousel-nav-pc=\"false\" data-carousel-dots-mob=\"false\" data-carousel-dots-tab=\"false\" data-carousel-dots-pc=\"false\">\r\r\r\r\n                <div class=\"pricing__06 featured pricing-hover-translate    slcr_custom_pricing_table_css_69e031683ec51\" >\r\r\r\r\n                    <div class=\"pricing-header\">\r\r\r\r\n                      <h4>Sound therapy<\/h4>\r\r\r\r\n                    <\/div>\r\r\r\r\n                    <div class=\"pricing-content\">\r\r\r\r\n                      <div class=\"plan-price\">\r\r\r\r\n                        <h3>50 \u20ac<\/h3>\r\r\r\r\n                        <p>Didgeridoo bath<\/p>\r\r\r\r\n                      <\/div>\r\r\r\r\n                      <div class=\"plan-features\"> \r\r\r\r\n                        \n<ul class=\"plan-list\">\n<li><i class=\"fa fa-check\"><\/i>Deep relaxation<\/li>\n<li><i class=\"fa fa-check\"><\/i>Strengthening the immune system<\/li>\n<li><i class=\"fa fa-check\"><\/i>Muscle relaxation<\/li>\n<li><i class=\"fa fa-check\"><\/i>Pain relief<\/li>\n<li><i class=\"fa fa-check\"><\/i>Positive frequencies<\/li>\n<\/ul>\n\r\r\r\r\n                      <\/div>\r\r\r\r\n                      <div class=\"plan-button\">\r\r\r\r\n                        \r\r\r\r\n                        <a href=\"https:\/\/integrapija.si\/en\/storitve\/zvocna-terapija\/\" title=\"Sound therapy\" class=\"btn btn--xl font-400 btn--pill  btn--primary   slcr_custom_pricing_table_button_css_69e031683ec51\"><span>CHOOSE NOW<\/span><\/a>\r\r\r\r\n                      <\/div>\r\r\r\r\n                    <\/div>\r\r\r\r\n                <\/div>      \r\r\r\r\n               \r\r\r\r\n                <\/div> \r\r\r\r\n            <\/div> \r\r\r\r\n        <\/div>\r\r\r\r\n    <\/div><\/div>\n<\/div>","protected":false},"excerpt":{"rendered":"Digeridoo je starodavno glasbilo in mo\u010dno orodje, ki lahko pomaga dvigniti posameznikovo vibracijo nazaj v manj kaoti\u010den in naraven ritem. Didgeridoo zvo\u010dna terapija je celostna zdravstvena modaliteta, ki se uporablja za spodbujanje zdravega duha, telesa in duha. Toni, ki jih proizvaja didgeridoo, omogo\u010dajo ljudem, ki se nikoli niso zavestno osredoto\u010dali na meditacijo in dihalne tehnike, [...]","protected":false},"author":2,"featured_media":2757,"parent":0,"menu_order":0,"comment_status":"closed","ping_status":"closed","template":"sidebar-right.php","meta":{"_acf_changed":false,"content-type":"","footnotes":""},"class_list":["post-822","page","type-page","status-publish","has-post-thumbnail","hentry"],"acf":[],"_links":{"self":[{"href":"https:\/\/integrapija.si\/en\/wp-json\/wp\/v2\/pages\/822","targetHints":{"allow":["GET"]}}],"collection":[{"href":"https:\/\/integrapija.si\/en\/wp-json\/wp\/v2\/pages"}],"about":[{"href":"https:\/\/integrapija.si\/en\/wp-json\/wp\/v2\/types\/page"}],"author":[{"embeddable":true,"href":"https:\/\/integrapija.si\/en\/wp-json\/wp\/v2\/users\/2"}],"replies":[{"embeddable":true,"href":"https:\/\/integrapija.si\/en\/wp-json\/wp\/v2\/comments?post=822"}],"version-history":[{"count":2,"href":"https:\/\/integrapija.si\/en\/wp-json\/wp\/v2\/pages\/822\/revisions"}],"predecessor-version":[{"id":3362,"href":"https:\/\/integrapija.si\/en\/wp-json\/wp\/v2\/pages\/822\/revisions\/3362"}],"wp:featuredmedia":[{"embeddable":true,"href":"https:\/\/integrapija.si\/en\/wp-json\/wp\/v2\/media\/2757"}],"wp:attachment":[{"href":"https:\/\/integrapija.si\/en\/wp-json\/wp\/v2\/media?parent=822"}],"curies":[{"name":"wp","href":"https:\/\/api.w.org\/{rel}","templated":true}]}}