{"id":826,"date":"2020-12-02T05:06:09","date_gmt":"2020-12-02T05:06:09","guid":{"rendered":"http:\/\/www.slashcreative.co\/dmip\/psychare\/?page_id=826"},"modified":"2024-04-04T08:21:50","modified_gmt":"2024-04-04T06:21:50","slug":"psihosocialno-svetovanje","status":"publish","type":"page","link":"https:\/\/integrapija.si\/en\/psihosocialno-svetovanje\/","title":{"rendered":"Psychosocial counseling"},"content":{"rendered":"<div class=\"wpb-content-wrapper\"><p><style><\/style><div class=\"vc_row wpb_row vc_row-fluid content-dark data-bg-color-69f9cc7215c75 row-z-index-69f9cc7215c75\" ><style><\/style><div class=\"wpb_column vc_column_container content-dark vc_col-sm-12 column-z-index-69f9cc7216080\"> \r\r\r\r\n        <div class=\"vc_column-inner\"> \r\r\r\r\n            <div class=\"wpb_wrapper\"><div class=\"wpb_text_column wpb_content_element\" >\r\r\r\r\n\t\t<div class=\"wpb_wrapper\">\r\r\r\r\n\t\t\t<h3>It is intended for individuals, couples, families and groups who are facing personal hardships and problems in interpersonal relationships, and for everyone who wants further personal growth and development.<\/h3>\n<h4>Counseling focuses primarily on the client&#039;s present and future, and on the past only to the extent necessary to understand the problem that manifests itself in the here and now.<\/h4>\n<p>It does not include psychosocial counseling <a href=\"https:\/\/integrapija.si\/en\/kaj-je-hipnoza\/\">hypnosis<\/a> and works in a trance. In psychosocial counseling, the individual investigates, raises awareness and solves his problems in various areas of life.<\/p>\n\r\r\r\r\n\t\t<\/div>\r\r\r\r\n\t<\/div><div  class=\"wpb_single_image wpb_content_element vc_align_center\">\r\r\r\r\n\t\t\r\r\r\r\n\t\t<figure class=\"wpb_wrapper vc_figure\">\r\r\r\r\n\t\t\t<div class=\"vc_single_image-wrapper   vc_box_border_grey\"><img loading=\"lazy\" decoding=\"async\" width=\"730\" height=\"487\" src=\"https:\/\/integrapija.si\/wp-content\/uploads\/2023\/06\/psihosocialno_integrapija2-1.jpg\" class=\"vc_single_image-img attachment-full\" alt=\"\" title=\"psychosocial_integration\" srcset=\"https:\/\/integrapija.si\/wp-content\/uploads\/2023\/06\/psihosocialno_integrapija2-1.jpg 730w, https:\/\/integrapija.si\/wp-content\/uploads\/2023\/06\/psihosocialno_integrapija2-1-300x200.jpg 300w, https:\/\/integrapija.si\/wp-content\/uploads\/2023\/06\/psihosocialno_integrapija2-1-600x400.jpg 600w\" sizes=\"auto, (max-width: 730px) 100vw, 730px\" \/><\/div>\r\r\r\r\n\t\t<\/figure>\r\r\r\r\n\t<\/div>  \r\r\r\r\n            <\/div> \r\r\r\r\n        <\/div>\r\r\r\r\n    <\/div><\/div><style><\/style><div class=\"vc_row wpb_row vc_row-fluid content-dark data-bg-color-69f9cc7216e67 row-z-index-69f9cc7216e67\" ><style><\/style><div class=\"wpb_column vc_column_container content-dark vc_col-sm-12 column-z-index-69f9cc7216f05\"> \r\r\r\r\n        <div class=\"vc_column-inner\"> \r\r\r\r\n            <div class=\"wpb_wrapper\"><div class=\"wpb_text_column wpb_content_element\" >\r\r\r\r\n\t\t<div class=\"wpb_wrapper\">\r\r\r\r\n\t\t\t<h3>Psychosocial counseling can take place live, over the phone, via e-mail or online.<\/h3>\n<blockquote><p>\nIn this case, psychosocial counseling does not mean giving advice, but rather guidance through various questions, with which the individual learns to cope with current and future challenges.\n<\/p><\/blockquote>\n\r\r\r\r\n\t\t<\/div>\r\r\r\r\n\t<\/div><div class=\"wpb_text_column wpb_content_element\" >\r\r\r\r\n\t\t<div class=\"wpb_wrapper\">\r\r\r\r\n\t\t\t<p><a href=\"https:\/\/www.linkedin.com\/in\/sta%C5%A1-%C5%A1trukelj-119072205\/?originalSubdomain=si\" target=\"_blank\" rel=\"noopener\">Psychosocial counselor<\/a> can help cope with:<\/p>\n<ul>\n<li>\u00a0with an unavoidable situation (e.g. loss of a loved one),<\/li>\n<li>\u00a0achieving positive change (e.g. personal growth),<\/li>\n<li>\u00a0developing coping strategies (e.g. with stress),<\/li>\n<li>\u00a0solving interpersonal problems (e.g. arguing with a friend)<\/li>\n<li>\u00a0taking control of your own life.<\/li>\n<\/ul>\n\r\r\r\r\n\t\t<\/div>\r\r\r\r\n\t<\/div><div class=\"vc_separator wpb_content_element vc_separator_align_center vc_sep_width_100 vc_sep_pos_align_center vc_separator_no_text vc_custom_1606374141624 wpb_content_element  vc_custom_1606374141624 wpb_content_element\" ><span class=\"vc_sep_holder vc_sep_holder_l\"><span style=\"border-color:#eeeeee;\" class=\"vc_sep_line\"><\/span><\/span><span class=\"vc_sep_holder vc_sep_holder_r\"><span style=\"border-color:#eeeeee;\" class=\"vc_sep_line\"><\/span><\/span>\n<\/div> \r\r\r\r\n            <\/div> \r\r\r\r\n        <\/div>\r\r\r\r\n    <\/div><\/div><style><\/style><div class=\"vc_row wpb_row vc_row-fluid content-dark data-bg-color-69f9cc72174f8 row-z-index-69f9cc72174f8\" ><style> .slcr_custom_pricing_table_css_69f9cc72176af .pricing-header h4 {   }  .slcr_custom_pricing_table_css_69f9cc72176af .pricing-content h3 {   } .slcr_custom_pricing_table_css_69f9cc72176af .pricing-content p {   }<\/style><style> .slcr_custom_pricing_table_css_69f9cc72177bc .pricing-header h4 {   }  .slcr_custom_pricing_table_css_69f9cc72177bc .pricing-content h3 {   } .slcr_custom_pricing_table_css_69f9cc72177bc .pricing-content p {   }<\/style><style><\/style><style><\/style><div class=\"wpb_column vc_column_container content-dark vc_col-sm-12 column-z-index-69f9cc7217582\"> \r\r\r\r\n        <div class=\"vc_column-inner\"> \r\r\r\r\n            <div class=\"wpb_wrapper\"> \r\r\r\r\n                <div class=\"owl owl-carousel carousel-shortcode\"  data-carousel-loop=\"true\" data-carousel-dots=\"true\" data-carousel-margin=\"30\" data-carousel-autoplay=\"true\" data-carousel-responsiveclass=\"true\" data-carousel-stage-padding=\"0\" data-carousel-ani-i=\"\" data-carousel-ani-o=\"\" data-carousel-animatein=\"\" data-carousel-animateout=\"\" data-carousel-smartspeed=\"850\" data-carousel-items-mob=\"1\" data-carousel-items-tab=\"2\" data-carousel-items-pc=\"2\" data-carousel-nav-mob=\"false\" data-carousel-nav-tab=\"false\" data-carousel-nav-pc=\"false\" data-carousel-dots-mob=\"true\" data-carousel-dots-tab=\"true\" data-carousel-dots-pc=\"true\">\r\r\r\r\n                <div class=\"pricing__06       slcr_custom_pricing_table_css_69f9cc72176af\" >\r\r\r\r\n                    <div class=\"pricing-header\">\r\r\r\r\n                      <h4>Counseling 1<\/h4>\r\r\r\r\n                    <\/div>\r\r\r\r\n                    <div class=\"pricing-content\">\r\r\r\r\n                      <div class=\"plan-price\">\r\r\r\r\n                        <h3>60 \u20ac<\/h3>\r\r\r\r\n                        <p>1 meeting<\/p>\r\r\r\r\n                      <\/div>\r\r\r\r\n                      <div class=\"plan-features\"> \r\r\r\r\n                        \n<ul class=\"plan-list\">\n<li><i class=\"fa fa-check\"><\/i>Psychosocial counseling<\/li>\n<li><i class=\"fa fa-check\"><\/i>1x 60 min<\/li>\n<\/ul>\n\r\r\r\r\n                      <\/div>\r\r\r\r\n                      <div class=\"plan-button\">\r\r\r\r\n                        \r\r\r\r\n                        <a href=\"https:\/\/integrapija.si\/en\/storitve\/svetovalni-pogovor-1\/\" title=\"Counseling conversation 1\" class=\"btn btn--xl font-400 btn--pill  btn--primary   slcr_custom_pricing_table_button_css_69f9cc72176af\"><span>CHOOSE NOW<\/span><\/a>\r\r\r\r\n                      <\/div>\r\r\r\r\n                    <\/div>\r\r\r\r\n                <\/div>      \r\r\r\r\n               \r\r\r\r\n                <div class=\"pricing__06       slcr_custom_pricing_table_css_69f9cc72177bc\" >\r\r\r\r\n                    <div class=\"pricing-header\">\r\r\r\r\n                      <h4>Counseling 4<\/h4>\r\r\r\r\n                    <\/div>\r\r\r\r\n                    <div class=\"pricing-content\">\r\r\r\r\n                      <div class=\"plan-price\">\r\r\r\r\n                        <h3>210 \u20ac<\/h3>\r\r\r\r\n                        <p>4 meetings<\/p>\r\r\r\r\n                      <\/div>\r\r\r\r\n                      <div class=\"plan-features\"> \r\r\r\r\n                        \n<ul class=\"plan-list\">\n<li><i class=\"fa fa-check\"><\/i>Psychosocial counseling<\/li>\n<li><i class=\"fa fa-check\"><\/i>4 x 60 min<\/li>\n<\/ul>\n\r\r\r\r\n                      <\/div>\r\r\r\r\n                      <div class=\"plan-button\">\r\r\r\r\n                        \r\r\r\r\n                        <a href=\"https:\/\/integrapija.si\/en\/storitve\/svetovalni-pogovor-4\/\" title=\"Counseling conversation 4\" class=\"btn btn--xl font-400 btn--pill  btn--primary   slcr_custom_pricing_table_button_css_69f9cc72177bc\"><span>CHOOSE NOW<\/span><\/a>\r\r\r\r\n                      <\/div>\r\r\r\r\n                    <\/div>\r\r\r\r\n                <\/div>      \r\r\r\r\n               \r\r\r\r\n                <\/div> \r\r\r\r\n            <\/div> \r\r\r\r\n        <\/div>\r\r\r\r\n    <\/div><\/div><style><\/style><div class=\"vc_row wpb_row vc_row-fluid content-dark data-bg-color-69f9cc72179ce row-z-index-69f9cc72179ce\" ><style><\/style><div class=\"wpb_column vc_column_container content-dark vc_col-sm-12 column-z-index-69f9cc7217a42\"> \r\r\r\r\n        <div class=\"vc_column-inner\"> \r\r\r\r\n            <div class=\"wpb_wrapper\"><div class=\"wpb_text_column wpb_content_element\" >\r\r\r\r\n\t\t<div class=\"wpb_wrapper\">\r\r\r\r\n\t\t\t<h3>Consulting in motion<\/h3>\n<p>Counseling in motion means counseling work outdoors (outdoor or walk and talk therapy), away from closed spaces, electronics and lack of air. Consulting in motion is a novelty in Slovenia, but an established method of work abroad. It has a beneficial effect on physical fitness, ability to think and relaxation. It is especially suitable for anyone who would like to combine care for their personal growth and well-being with physical activity in the fresh air, for those who are overweight and anyone who is dealing with tension or depression. Physical activity has been proven to improve mental condition.<\/p>\n\r\r\r\r\n\t\t<\/div>\r\r\r\r\n\t<\/div> \r\r\r\r\n            <\/div> \r\r\r\r\n        <\/div>\r\r\r\r\n    <\/div><\/div>\n<\/div>","protected":false},"excerpt":{"rendered":"Namenjeno je posameznikom, parom, dru\u017einam in skupinam, ki se soo\u010dajo z osebnimi stiskami ter te\u017eavami v medosebnih odnosih, in vsem, ki si \u017eelijo nadaljnje osebnostne rasti ter razvoja. Svetovanje se osredoto\u010da predvsem na sedanjost in prihodnost strank, na preteklost pa le v tolik\u0161ni meri, kolikor je to potrebno za samo razumevanje problema, ki se ka\u017ee [...]","protected":false},"author":2,"featured_media":2778,"parent":0,"menu_order":0,"comment_status":"closed","ping_status":"closed","template":"sidebar-right.php","meta":{"_acf_changed":false,"content-type":"","footnotes":""},"class_list":["post-826","page","type-page","status-publish","has-post-thumbnail","hentry"],"acf":[],"_links":{"self":[{"href":"https:\/\/integrapija.si\/en\/wp-json\/wp\/v2\/pages\/826","targetHints":{"allow":["GET"]}}],"collection":[{"href":"https:\/\/integrapija.si\/en\/wp-json\/wp\/v2\/pages"}],"about":[{"href":"https:\/\/integrapija.si\/en\/wp-json\/wp\/v2\/types\/page"}],"author":[{"embeddable":true,"href":"https:\/\/integrapija.si\/en\/wp-json\/wp\/v2\/users\/2"}],"replies":[{"embeddable":true,"href":"https:\/\/integrapija.si\/en\/wp-json\/wp\/v2\/comments?post=826"}],"version-history":[{"count":2,"href":"https:\/\/integrapija.si\/en\/wp-json\/wp\/v2\/pages\/826\/revisions"}],"predecessor-version":[{"id":3373,"href":"https:\/\/integrapija.si\/en\/wp-json\/wp\/v2\/pages\/826\/revisions\/3373"}],"wp:featuredmedia":[{"embeddable":true,"href":"https:\/\/integrapija.si\/en\/wp-json\/wp\/v2\/media\/2778"}],"wp:attachment":[{"href":"https:\/\/integrapija.si\/en\/wp-json\/wp\/v2\/media?parent=826"}],"curies":[{"name":"wp","href":"https:\/\/api.w.org\/{rel}","templated":true}]}}