{"id":831,"date":"2020-12-02T05:11:42","date_gmt":"2020-12-02T05:11:42","guid":{"rendered":"http:\/\/www.slashcreative.co\/dmip\/psychare\/?page_id=831"},"modified":"2025-07-26T15:10:51","modified_gmt":"2025-07-26T13:10:51","slug":"zvocni-posnetek","status":"publish","type":"page","link":"https:\/\/integrapija.si\/en\/zvocni-posnetek\/","title":{"rendered":"Hypnosis Audio Tapes"},"content":{"rendered":"<div class=\"wpb-content-wrapper\"><p><style><\/style><div class=\"vc_row wpb_row vc_row-fluid content-dark data-bg-color-69dfde1484849 row-z-index-69dfde1484849\" ><style><\/style><div class=\"wpb_column vc_column_container content-dark vc_col-sm-12 column-z-index-69dfde1484952\"> \r\r\r\r\n        <div class=\"vc_column-inner\"> \r\r\r\r\n            <div class=\"wpb_wrapper\"><div class=\"wpb_text_column wpb_content_element\" >\r\r\r\r\n\t\t<div class=\"wpb_wrapper\">\r\r\r\r\n\t\t\t<h3>Individualized hypnosis soundtrack<\/h3>\n<h4>The high-quality recording is intended for home use, you can play it whenever you have time.<\/h4>\n<p>We prepare a personal and unique hypnosis soundtrack for you, adapted to your goals and overcoming problems. To calm down and increase focus during the day, or better quality sleep - right before bed. We especially recommend that you choose a recording in 3D stereophonic mode, which provides a three-dimensional perspective for the listener.<\/p>\n\r\r\r\r\n\t\t<\/div>\r\r\r\r\n\t<\/div><div  class=\"wpb_single_image wpb_content_element vc_align_center\">\r\r\r\r\n\t\t\r\r\r\r\n\t\t<figure class=\"wpb_wrapper vc_figure\">\r\r\r\r\n\t\t\t<div class=\"vc_single_image-wrapper   vc_box_border_grey\"><img loading=\"lazy\" decoding=\"async\" width=\"730\" height=\"487\" src=\"https:\/\/integrapija.si\/wp-content\/uploads\/2023\/06\/avdio_posnetki.jpg\" class=\"vc_single_image-img attachment-full\" alt=\"avdio_posnetki\" title=\"audio_recordings\" srcset=\"https:\/\/integrapija.si\/wp-content\/uploads\/2023\/06\/avdio_posnetki.jpg 730w, https:\/\/integrapija.si\/wp-content\/uploads\/2023\/06\/avdio_posnetki-300x200.jpg 300w, https:\/\/integrapija.si\/wp-content\/uploads\/2023\/06\/avdio_posnetki-600x400.jpg 600w\" sizes=\"auto, (max-width: 730px) 100vw, 730px\" \/><\/div>\r\r\r\r\n\t\t<\/figure>\r\r\r\r\n\t<\/div>  \r\r\r\r\n            <\/div> \r\r\r\r\n        <\/div>\r\r\r\r\n    <\/div><\/div><style><\/style><div class=\"vc_row wpb_row vc_row-fluid content-dark data-bg-color-69dfde148511f row-z-index-69dfde148511f\" ><style><\/style><div class=\"wpb_column vc_column_container content-dark vc_col-sm-12 column-z-index-69dfde14851d4\"> \r\r\r\r\n        <div class=\"vc_column-inner\"> \r\r\r\r\n            <div class=\"wpb_wrapper\"><div class=\"wpb_text_column wpb_content_element\" >\r\r\r\r\n\t\t<div class=\"wpb_wrapper\">\r\r\r\r\n\t\t\t<h3>For maximum listening efficiency, I recommend following three simple steps:<\/h3>\n\r\r\r\r\n\t\t<\/div>\r\r\r\r\n\t<\/div><div class=\"vc_tta-container\" data-vc-action=\"collapseAll\"> <div class=\"vc_general vc_tta vc_tta-accordion vc_tta-color-white vc_tta-style-modern vc_tta-shape-rounded vc_tta-o-shape-group vc_tta-controls-align-left vc_tta-o-all-clickable\">  <div class=\"vc_tta-panels-container\">          <div class=\"vc_tta-panels\"><div class=\"vc_tta-panel\" id=\"1662814905004-fe0a5c00-a2e0\" data-vc-content=\".vc_tta-panel-body\"><div class=\"vc_tta-panel-heading\"><h4 class=\"vc_tta-panel-title vc_tta-controls-icon-position-left\"><a href=\"#1662814905004-fe0a5c00-a2e0\" data-vc-accordion data-vc-container=\".vc_tta-container\"><span class=\"vc_tta-title-text\">1. CHOOSE TIME AND PLACE<\/span><i class=\"vc_tta-controls-icon vc_tta-controls-icon-plus\"><\/i><\/a><\/h4><\/div><div class=\"vc_tta-panel-body\"><div class=\"wpb_text_column wpb_content_element\" >\r\r\r\r\n\t\t<div class=\"wpb_wrapper\">\r\r\r\r\n\t\t\t<p>First, choose a safe place to listen.<\/p>\n<p>Choose a place where you can really relax and no one will disturb you for the next 20-25 minutes. Get comfortable on a chair or bed.<\/p>\n<p>You can listen to the recording sitting or lying down, but it&#039;s important to be really comfortable while listening. You can listen to it at any time (morning, afternoon, evening, night), but only when it is safe, comfortable, convenient for you and you have enough privacy. NEVER listen to a recording when your attention is needed elsewhere; eg: while driving a car or while operating<\/p>\n<p>any machines.<\/p>\n\r\r\r\r\n\t\t<\/div>\r\r\r\r\n\t<\/div><\/div><\/div><div class=\"vc_tta-panel\" id=\"1662814905026-aee65a2f-f107\" data-vc-content=\".vc_tta-panel-body\"><div class=\"vc_tta-panel-heading\"><h4 class=\"vc_tta-panel-title vc_tta-controls-icon-position-left\"><a href=\"#1662814905026-aee65a2f-f107\" data-vc-accordion data-vc-container=\".vc_tta-container\"><span class=\"vc_tta-title-text\">2. LISTEN, RELAX AND ENJOY<\/span><i class=\"vc_tta-controls-icon vc_tta-controls-icon-plus\"><\/i><\/a><\/h4><\/div><div class=\"vc_tta-panel-body\"><div class=\"wpb_text_column wpb_content_element\" >\r\r\r\r\n\t\t<div class=\"wpb_wrapper\">\r\r\r\r\n\t\t\t<h4>Listen with headphones<\/h4>\n<p>It is recommended to listen to the recording with headphones, as they reduce the intensity of disturbing external stimuli (sounds) and thus allow you to relax and focus on the content of the recording (suggestions, information).<\/p>\n<p>Try to surrender completely to my guidance, as this creates a state of focused attention and heightened suggestibility.<\/p>\n<p>Focus your attention on your inner happenings. Thus, the information you hear becomes images, sounds, smells, tastes, feelings or some other form of experience in your mind.<\/p>\n<p>Just relax, let go and enjoy listening!<\/p>\n\r\r\r\r\n\t\t<\/div>\r\r\r\r\n\t<\/div><\/div><\/div><div class=\"vc_tta-panel\" id=\"1662815476750-0dbbc342-1315\" data-vc-content=\".vc_tta-panel-body\"><div class=\"vc_tta-panel-heading\"><h4 class=\"vc_tta-panel-title vc_tta-controls-icon-position-left\"><a href=\"#1662815476750-0dbbc342-1315\" data-vc-accordion data-vc-container=\".vc_tta-container\"><span class=\"vc_tta-title-text\">3. LISTEN TO THE HYPNOSIS AUDIO REGULARLY<\/span><i class=\"vc_tta-controls-icon vc_tta-controls-icon-plus\"><\/i><\/a><\/h4><\/div><div class=\"vc_tta-panel-body\"><div class=\"wpb_text_column wpb_content_element\" >\r\r\r\r\n\t\t<div class=\"wpb_wrapper\">\r\r\r\r\n\t\t\t<p>Achieving maximum results requires discipline, motivation and a high level of commitment.<\/p>\n<p>I recommend that you listen to the recording every day at the beginning (at least 1 week); continue listening every other day (2-3 weeks). After one month, you can listen to the recording as needed.<\/p>\n<p>The time frame for achieving positive changes is different for everyone, so it is important to listen to the recording regularly.<\/p>\n\r\r\r\r\n\t\t<\/div>\r\r\r\r\n\t<\/div><\/div><\/div>         <\/div>  <\/div>  <\/div> <\/div><div class=\"wpb_text_column wpb_content_element\" >\r\r\r\r\n\t\t<div class=\"wpb_wrapper\">\r\r\r\r\n\t\t\t<p>The most important thing for success is to listen to the hypnosis audio regularly. This is similar to other things in life where repetition or practice is one of, if not the most important part of achieving the desired result. The more you listen to the audio clip, the more the message will become part of your automatic behavior.<\/p>\n\r\r\r\r\n\t\t<\/div>\r\r\r\r\n\t<\/div><div class=\"vc_separator wpb_content_element vc_separator_align_center vc_sep_width_100 vc_sep_pos_align_center vc_separator_no_text vc_custom_1606374141624 wpb_content_element  vc_custom_1606374141624 wpb_content_element\" ><span class=\"vc_sep_holder vc_sep_holder_l\"><span style=\"border-color:#eeeeee;\" class=\"vc_sep_line\"><\/span><\/span><span class=\"vc_sep_holder vc_sep_holder_r\"><span style=\"border-color:#eeeeee;\" class=\"vc_sep_line\"><\/span><\/span>\n<\/div> \r\r\r\r\n            <\/div> \r\r\r\r\n        <\/div>\r\r\r\r\n    <\/div><\/div><style><\/style><div class=\"vc_row wpb_row vc_row-fluid content-dark data-bg-color-69dfde1485ba0 row-z-index-69dfde1485ba0\" ><style> .slcr_custom_pricing_table_css_69dfde1485d53 .pricing-header h4 {   }  .slcr_custom_pricing_table_css_69dfde1485d53 .pricing-content h3 {   } .slcr_custom_pricing_table_css_69dfde1485d53 .pricing-content p {   }<\/style><style><\/style><style><\/style><div class=\"wpb_column vc_column_container content-dark vc_col-sm-12 column-z-index-69dfde1485c1b\"> \r\r\r\r\n        <div class=\"vc_column-inner\"> \r\r\r\r\n            <div class=\"wpb_wrapper\"> \r\r\r\r\n                <div class=\"owl owl-carousel carousel-shortcode  visible-outer\"  data-carousel-loop=\"false\" data-carousel-dots=\"true\" data-carousel-margin=\"30\" data-carousel-autoplay=\"false\" data-carousel-responsiveclass=\"true\" data-carousel-stage-padding=\"0\" data-carousel-ani-i=\"\" data-carousel-ani-o=\"\" data-carousel-animatein=\"\" data-carousel-animateout=\"\" data-carousel-smartspeed=\"850\" data-carousel-items-mob=\"1\" data-carousel-items-tab=\"1\" data-carousel-items-pc=\"1\" data-carousel-nav-mob=\"false\" data-carousel-nav-tab=\"false\" data-carousel-nav-pc=\"false\" data-carousel-dots-mob=\"false\" data-carousel-dots-tab=\"false\" data-carousel-dots-pc=\"false\">\r\r\r\r\n                <div class=\"pricing__06 featured     slcr_custom_pricing_table_css_69dfde1485d53\" >\r\r\r\r\n                    <div class=\"pricing-header\">\r\r\r\r\n                      <h4>Individual program<\/h4>\r\r\r\r\n                    <\/div>\r\r\r\r\n                    <div class=\"pricing-content\">\r\r\r\r\n                      <div class=\"plan-price\">\r\r\r\r\n                        <h3>Hypnotherapy<\/h3>\r\r\r\r\n                        <p>unique approach<\/p>\r\r\r\r\n                      <\/div>\r\r\r\r\n                      <div class=\"plan-features\"> \r\r\r\r\n                        \n<ul class=\"plan-list\">\n<li><i class=\"fa fa-check\"><\/i>Individual <strong>specialized<\/strong> program \u2013 in-depth hypnotherapy, tailored to you<\/li>\n<li><i class=\"fa fa-check\"><\/i>Addressing the root causes \u2013 not just the symptoms, but the true root causes.<\/li>\n<li><i class=\"fa fa-check\"><\/i>A unique approach \u2013 complete dedication and personal adaptation for lasting change.<\/li>\n<\/ul>\n\r\r\r\r\n                      <\/div>\r\r\r\r\n                      <div class=\"plan-button\">\r\r\r\r\n                        \r\r\r\r\n                        <a href=\"https:\/\/www.staspirc.com\/rezervirajklic\/\" title=\"Consultation call\" target=\"_blank\" class=\"btn btn--xl font-400 btn--pill  btn--primary   slcr_custom_pricing_table_button_css_69dfde1485d53\" rel=\"noopener\"><span>Consultation call<\/span><\/a>\r\r\r\r\n                      <\/div>\r\r\r\r\n                    <\/div>\r\r\r\r\n                <\/div>      \r\r\r\r\n               \r\r\r\r\n                <\/div> \r\r\r\r\n            <\/div> \r\r\r\r\n        <\/div>\r\r\r\r\n    <\/div><\/div><style><\/style><div class=\"vc_row wpb_row vc_row-fluid content-dark data-bg-color-69dfde1485f5d row-z-index-69dfde1485f5d\" ><style><\/style><div class=\"wpb_column vc_column_container content-dark vc_col-sm-12 column-z-index-69dfde1485fd9\"> \r\r\r\r\n        <div class=\"vc_column-inner\"> \r\r\r\r\n            <div class=\"wpb_wrapper\"><div class=\"wpb_text_column wpb_content_element\" >\r\r\r\r\n\t\t<div class=\"wpb_wrapper\">\r\r\r\r\n\t\t\t<h3>How to successfully use hypnosis audio recordings of your sessions?<\/h3>\n<p>Daily listening is recommended. Choose a time that works for you and your lifestyle. Most people find that bedtime (which I personally recommend), when they wake up, or lunchtime are great times to listen to their audio recordings <a href=\"https:\/\/integrapija.si\/en\/kaj-je-hipnoza\/\">hypnosis<\/a>, but it has to work in your lifestyle. Another great time is during your morning or afternoon break or right after work.<\/p>\n<p>In general, it is recommended that you listen to your recording at least once a day, in a comfortable position where you will not be disturbed. However, in today&#039;s interruption-filled world, even listening at your desk during lunch can be beneficial and likely to yield significant results. But if you take public transport, you can listen to your recordings during your morning or evening commute to work \u2013 if you&#039;re not driving.<\/p>\n\r\r\r\r\n\t\t<\/div>\r\r\r\r\n\t<\/div><div class=\"wpb_text_column wpb_content_element\" >\r\r\r\r\n\t\t<div class=\"wpb_wrapper\">\r\r\r\r\n\t\t\t<h3>Disclaimer:<\/h3>\n<p>*Consult your doctor before use. Do not listen to the recording while driving or doing any activity that requires your full attention. All recordings, including this one, are copyrighted. Reproduction and unauthorized public display are not permitted without the written permission of the author. The original footage works with maximum energy and conviction.<\/p>\n\r\r\r\r\n\t\t<\/div>\r\r\r\r\n\t<\/div> \r\r\r\r\n            <\/div> \r\r\r\r\n        <\/div>\r\r\r\r\n    <\/div><\/div>\n<\/div>","protected":false},"excerpt":{"rendered":"Individualiziran zvo\u010dni posnetek hipnoze Visokokvalitetni posnetek je namenjen doma\u010di rabi, poljubno si ga lahko predvajate, kadarkoli imate \u010das. Za vas pripravimo osebni in unikatni zvo\u010dni posnetek hipnoze, prilagojen va\u0161im ciljem in premagovanju te\u017eav. Za umiritev in pove\u010danje fokusa \u010dez dan, ali bolj kvaliteten spanec - tik pred spanjem. Posebej priporo\u010damo da izberete posnetek v 3D [...]","protected":false},"author":2,"featured_media":2791,"parent":0,"menu_order":0,"comment_status":"closed","ping_status":"closed","template":"sidebar-right.php","meta":{"_acf_changed":false,"content-type":"","footnotes":""},"class_list":["post-831","page","type-page","status-publish","has-post-thumbnail","hentry"],"acf":[],"_links":{"self":[{"href":"https:\/\/integrapija.si\/en\/wp-json\/wp\/v2\/pages\/831","targetHints":{"allow":["GET"]}}],"collection":[{"href":"https:\/\/integrapija.si\/en\/wp-json\/wp\/v2\/pages"}],"about":[{"href":"https:\/\/integrapija.si\/en\/wp-json\/wp\/v2\/types\/page"}],"author":[{"embeddable":true,"href":"https:\/\/integrapija.si\/en\/wp-json\/wp\/v2\/users\/2"}],"replies":[{"embeddable":true,"href":"https:\/\/integrapija.si\/en\/wp-json\/wp\/v2\/comments?post=831"}],"version-history":[{"count":2,"href":"https:\/\/integrapija.si\/en\/wp-json\/wp\/v2\/pages\/831\/revisions"}],"predecessor-version":[{"id":4285,"href":"https:\/\/integrapija.si\/en\/wp-json\/wp\/v2\/pages\/831\/revisions\/4285"}],"wp:featuredmedia":[{"embeddable":true,"href":"https:\/\/integrapija.si\/en\/wp-json\/wp\/v2\/media\/2791"}],"wp:attachment":[{"href":"https:\/\/integrapija.si\/en\/wp-json\/wp\/v2\/media?parent=831"}],"curies":[{"name":"wp","href":"https:\/\/api.w.org\/{rel}","templated":true}]}}