{"id":3466,"date":"2024-05-06T23:29:25","date_gmt":"2024-05-06T21:29:25","guid":{"rendered":"https:\/\/integrapija.si\/?post_type=product&#038;p=3466"},"modified":"2024-11-13T12:07:57","modified_gmt":"2024-11-13T11:07:57","slug":"uvodno-srecanje-za-psihoterapijo","status":"publish","type":"product","link":"https:\/\/integrapija.si\/en\/storitve\/uvodno-srecanje-za-psihoterapijo\/","title":{"rendered":"Introductory meeting for psychotherapy"},"content":{"rendered":"<div class=\"flex-shrink-0 flex flex-col relative items-end\">\n<div class=\"pt-0\">\n<div class=\"gizmo-bot-avatar flex h-8 w-8 items-center justify-center overflow-hidden rounded-full\">\n<h3>Uvodno sre\u010danje za psihoterapijo<\/h3>\n<div class=\"relative p-1 rounded-sm flex items-center justify-center bg-token-main-surface-primary text-token-text-primary h-8 w-8\">\n<p>Uvodno sre\u010danje za psihoterapijo je zasnovan kot prilo\u017enost, da se v spro\u0161\u010denem in zaupljivem okolju sre\u010date s psihoterapevtom in se pogovorite o svojih te\u017eavah, ciljih ter pri\u010dakovanjih. Ne glede na to, ali se soo\u010date s stresom, tesnobo, depresijo, izzivi v odnosih ali preprosto i\u0161\u010dete globlje razumevanje sebe, vam bomo pomagali raziskati va\u0161e ob\u010dutke in misli.<\/p>\n<\/div>\n<div><\/div>\n<div class=\"relative p-1 rounded-sm flex items-center justify-center bg-token-main-surface-primary text-token-text-primary h-8 w-8\">V Ljubljani vam ponujamo osebne sre\u010danja v udobnem, diskretnem prostoru, kjer se lahko sprostite in osredoto\u010dite na svoje potrebe. Za tiste, ki jim bolj ustreza spletno sre\u010danje, ponujamo tudi mo\u017enost terapije na daljavo, kar vam omogo\u010da, da sodelujete z nami iz udobja svojega doma, kjerkoli se nahajate.<\/div>\n<div><\/div>\n<div class=\"relative p-1 rounded-sm flex items-center justify-center bg-token-main-surface-primary text-token-text-primary h-8 w-8\">Ne glede na to, katero obliko izberete, je na\u0161 cilj vzpostaviti varno in podporno okolje, kjer lahko za\u010dnete pot osebne rasti in \u010dustvenega okrevanja. Uvodni razgovor je prvi korak na tej poti, ki vam omogo\u010da, da ocenite, ali je psihoterapija pravi pristop za vas, ter da spoznate terapevta, ki vas bo spremljal na tem pomembnem potovanju.<\/div>\n<\/div>\n<\/div>\n<\/div>\n<div class=\"group\/conversation-turn relative flex w-full min-w-0 flex-col agent-turn\">\n<div class=\"flex-col gap-1 md:gap-3\">\n<div class=\"flex max-w-full flex-col flex-grow\">\n<div class=\"min-h-[20px] text-message flex w-full flex-col items-end gap-2 whitespace-pre-wrap break-words [.text-message+&amp;]:mt-5 overflow-x-auto\" dir=\"auto\" data-message-author-role=\"assistant\" data-message-id=\"12ffa9f1-5f78-4b71-870e-2aa46ebfd1cb\">\n<div class=\"flex w-full flex-col gap-1 empty:hidden first:pt-[3px]\">\n<div class=\"markdown prose w-full break-words dark:prose-invert light\">\n<p>\u010ce i\u0161\u010dete strokovno pomo\u010d v Ljubljani ali potrebujete spletno psihoterapijo, smo tukaj za vas, pripravljeni poslu\u0161ati in podpreti vas na vsakem koraku.<\/p>\n<p>Ve\u010d o:<\/p>\n<ul>\n<li><a href=\"https:\/\/integrapija.si\/psihoterapija\/\">Integrativna psihoterapija<\/a><\/li>\n<li><a href=\"https:\/\/integrapija.si\/o-terapevtu\/\">Psihoterapevt<\/a><\/li>\n<\/ul>\n<\/div>\n<\/div>\n<\/div>\n<\/div>\n<\/div>\n<\/div>\n","protected":false},"excerpt":{"rendered":"<p>The introductory meeting for psychotherapy is an opportunity to get to know the therapist and express your needs and expectations.<\/p>\n<p>Together, they will explore your challenges and lay the foundations for possible further cooperation. This conversation is the first step to better understanding yourself and finding a way to inner balance. Integrative psychotherapy is based on empathy and mindfulness, emphasizes the importance of a holistic approach and the wealth of different therapeutic approaches.<\/p>\n<p>Join us on the path of personal growth in a safe and trusting environment<\/p>","protected":false},"featured_media":3469,"comment_status":"open","ping_status":"closed","template":"","meta":{"_acf_changed":false,"content-type":""},"product_brand":[],"product_cat":[21],"product_tag":[],"class_list":{"0":"post-3466","1":"product","2":"type-product","3":"status-publish","4":"has-post-thumbnail","6":"product_cat-psihoterapevtske-storitve","8":"first","9":"instock","10":"virtual","11":"purchasable","12":"product-type-simple"},"acf":[],"_links":{"self":[{"href":"https:\/\/integrapija.si\/en\/wp-json\/wp\/v2\/product\/3466","targetHints":{"allow":["GET"]}}],"collection":[{"href":"https:\/\/integrapija.si\/en\/wp-json\/wp\/v2\/product"}],"about":[{"href":"https:\/\/integrapija.si\/en\/wp-json\/wp\/v2\/types\/product"}],"replies":[{"embeddable":true,"href":"https:\/\/integrapija.si\/en\/wp-json\/wp\/v2\/comments?post=3466"}],"wp:featuredmedia":[{"embeddable":true,"href":"https:\/\/integrapija.si\/en\/wp-json\/wp\/v2\/media\/3469"}],"wp:attachment":[{"href":"https:\/\/integrapija.si\/en\/wp-json\/wp\/v2\/media?parent=3466"}],"wp:term":[{"taxonomy":"product_brand","embeddable":true,"href":"https:\/\/integrapija.si\/en\/wp-json\/wp\/v2\/product_brand?post=3466"},{"taxonomy":"product_cat","embeddable":true,"href":"https:\/\/integrapija.si\/en\/wp-json\/wp\/v2\/product_cat?post=3466"},{"taxonomy":"product_tag","embeddable":true,"href":"https:\/\/integrapija.si\/en\/wp-json\/wp\/v2\/product_tag?post=3466"}],"curies":[{"name":"wp","href":"https:\/\/api.w.org\/{rel}","templated":true}]}}